{"id":730337,"date":"2025-08-27T21:12:38","date_gmt":"2025-08-27T18:12:38","guid":{"rendered":"https:\/\/roveyayinevi.com.tr\/index.php\/urun\/1945-turkiye-sscb-iliskileri\/"},"modified":"2026-04-16T02:38:27","modified_gmt":"2026-04-15T23:38:27","slug":"1945-turkiye-sscb-iliskileri","status":"publish","type":"product","link":"https:\/\/roveyayinevi.com.tr\/index.php\/urun\/1945-turkiye-sscb-iliskileri\/","title":{"rendered":"1945 T\u00fcrkiye-SSCB \u0130li\u015fkileri"},"content":{"rendered":"<p>1945 y\u0131l\u0131, hem T\u00fcrkiye-SSCB ili\u015fkileri  hem de T\u00fcrkiye-ABD ili\u015fkileri a\u00e7\u0131s\u0131ndan \u00e7ok \u00f6nemli bir y\u0131ld\u0131r. T\u00fcrkiye 1945\u2019te kapsaml\u0131 bir \u015fekilde Bat\u0131\u2019ya y\u00f6nelmeye ba\u015flam\u0131\u015ft\u0131r. Ancak 1945\u2019in izleri 1939\u2019dan ba\u015flayarak II. D\u00fcnya Sava\u015f\u0131 y\u0131llar\u0131 boyunca g\u00f6r\u00fclmektedir. Elinizdeki kitap, bu b\u00fcy\u00fck d\u00f6n\u00fc\u015f\u00fcm\u00fcn en \u00f6nemli gerek\u00e7esi olarak savunulan SSCB\u2019nin T\u00fcrkiye\u2019den \u00fcs ve toprak talep etmesi konusunu derinlemesine incelemektedir. \u00dcstelik bug\u00fcne kadarki yap\u0131lanlardan farkl\u0131 olarak, T\u00fcrk, Amerikan ve \u0130ngiliz belgeleri d\u0131\u015f\u0131nda, Rusya ar\u015fivlerinden \u00e7ok \u00f6nemli belgeleri de inceleyerek\u2026 SSCB\u2019nin sonradan hata olarak g\u00f6rd\u00fc\u011f\u00fc \u00fcs ve toprak talebinin nedenleri, Ankara\u2019n\u0131n II. D\u00fcnya Sava\u015f\u0131 y\u0131llar\u0131nda izledi\u011fi politikan\u0131n bu talepteki etkisi, ABD ve \u0130ngiltere\u2019nin tutumu, baz\u0131 T\u00fcrk yetkililerin talebi Bat\u0131\u2019ya y\u00f6nelmenin bir gerek\u00e7esi yapmak \u00fczere fazlas\u0131yla k\u00f6p\u00fcrtmesi, yo\u011fun bir antikom\u00fcnist kampanya y\u00fcr\u00fctmesi vb. konular, Hazal Yal\u0131n taraf\u0131ndan do\u011frudan birinci kaynaklar esas al\u0131narak analiz ediliyor. Kitap, 1945 y\u0131l\u0131na odaklansa da, ayr\u0131ca hem II. D\u00fcnya Sava\u015f\u0131\u2019n\u0131 hem de So\u011fuk Sava\u015f\u2019\u0131n \u00f6n \u00e7arp\u0131\u015fmalar\u0131n\u0131 inceledi\u011fi i\u00e7in, \u00f6nemli bir kaynak olma \u00f6zelli\u011findedir.<\/p>\n","protected":false},"excerpt":{"rendered":"<p>1945 y\u0131l\u0131, hem T\u00fcrkiye-SSCB ili\u015fkileri hem de T\u00fcrkiye-ABD ili\u015fkileri a\u00e7\u0131s\u0131ndan \u00e7ok \u00f6nemli bir y\u0131ld\u0131r. T\u00fcrkiye 1945\u2019te kapsaml\u0131 bir \u015fekilde Bat\u0131\u2019ya y\u00f6nelmeye ba\u015flam\u0131\u015ft\u0131r. Ancak 1945\u2019in izleri 1939\u2019dan<span class=\"excerpt-hellip\"> [\u2026]<\/span><\/p>\n","protected":false},"featured_media":0,"template":"","meta":{"_monsterinsights_skip_tracking":false,"_monsterinsights_sitenote_active":false,"_monsterinsights_sitenote_note":"","_monsterinsights_sitenote_category":0},"product_brand":[],"product_cat":[12370,12304],"product_tag":[],"class_list":{"0":"post-730337","1":"product","2":"type-product","3":"status-publish","5":"product_cat-arastirma-inceleme","6":"product_cat-tarih","7":"pa_cilt-ciltsiz","8":"pa_tur-kitap","9":"pa_yayinevi-kirmizi-kedi-yayinevi","10":"pa_yazar-hazal-yalin","12":"first","13":"instock","14":"sale","15":"shipping-taxable","16":"purchasable","17":"product-type-simple"},"_links":{"self":[{"href":"https:\/\/roveyayinevi.com.tr\/index.php\/wp-json\/wp\/v2\/product\/730337","targetHints":{"allow":["GET"]}}],"collection":[{"href":"https:\/\/roveyayinevi.com.tr\/index.php\/wp-json\/wp\/v2\/product"}],"about":[{"href":"https:\/\/roveyayinevi.com.tr\/index.php\/wp-json\/wp\/v2\/types\/product"}],"wp:attachment":[{"href":"https:\/\/roveyayinevi.com.tr\/index.php\/wp-json\/wp\/v2\/media?parent=730337"}],"wp:term":[{"taxonomy":"product_brand","embeddable":true,"href":"https:\/\/roveyayinevi.com.tr\/index.php\/wp-json\/wp\/v2\/product_brand?post=730337"},{"taxonomy":"product_cat","embeddable":true,"href":"https:\/\/roveyayinevi.com.tr\/index.php\/wp-json\/wp\/v2\/product_cat?post=730337"},{"taxonomy":"product_tag","embeddable":true,"href":"https:\/\/roveyayinevi.com.tr\/index.php\/wp-json\/wp\/v2\/product_tag?post=730337"}],"curies":[{"name":"wp","href":"https:\/\/api.w.org\/{rel}","templated":true}]}}