{"id":730335,"date":"2025-08-27T21:12:36","date_gmt":"2025-08-27T18:12:36","guid":{"rendered":"https:\/\/roveyayinevi.com.tr\/index.php\/urun\/hayati-kopya-kayip-cocuk-gizemi\/"},"modified":"2026-04-16T02:38:27","modified_gmt":"2026-04-15T23:38:27","slug":"hayati-kopya-kayip-cocuk-gizemi","status":"publish","type":"product","link":"https:\/\/roveyayinevi.com.tr\/index.php\/urun\/hayati-kopya-kayip-cocuk-gizemi\/","title":{"rendered":"Hayati Kopya &#8211; Kay\u0131p \u00c7ocuk Gizemi"},"content":{"rendered":"<p>Gizemli kitab\u0131n pe\u015finde maceradan maceraya ko\u015fmak i\u00e7in Hayati Kopya ile tan\u0131\u015f!Hayati, haylaz bir \u00f6\u011frencidir. Yeni okulunda arkada\u015f edinmekte ba\u015flang\u0131\u00e7ta biraz zorluk \u00e7ekse de k\u0131sa s\u00fcrede s\u0131k\u0131 dostluklar edinir. O ve arkada\u015flar\u0131, bilinmezlerle dolu maceralara at\u0131l\u0131r. Okul k\u00fct\u00fcphanesinde y\u0131llar \u00f6nce kaybolan bir \u00e7ocu\u011fun gizemini \u00e7\u00f6zmelidirler. K\u00fct\u00fcphane ar\u015fivinde 1860&#8217;l\u0131 y\u0131llardan kalma eski bir kitap bulmalar\u0131yla ara\u015ft\u0131rmalar\u0131 heyecanl\u0131 bir h\u00e2l al\u0131r.Hayati Kopya ve arkada\u015flar\u0131, Kay\u0131p \u00c7ocuk Gizemi\u2019ni ayd\u0131nlatabilecek mi?<\/p>\n","protected":false},"excerpt":{"rendered":"<p>Gizemli kitab\u0131n pe\u015finde maceradan maceraya ko\u015fmak i\u00e7in Hayati Kopya ile tan\u0131\u015f!Hayati, haylaz bir \u00f6\u011frencidir. Yeni okulunda arkada\u015f edinmekte ba\u015flang\u0131\u00e7ta biraz zorluk \u00e7ekse de k\u0131sa s\u00fcrede s\u0131k\u0131<span class=\"excerpt-hellip\"> [\u2026]<\/span><\/p>\n","protected":false},"featured_media":0,"template":"","meta":{"_monsterinsights_skip_tracking":false,"_monsterinsights_sitenote_active":false,"_monsterinsights_sitenote_note":"","_monsterinsights_sitenote_category":0},"product_brand":[],"product_cat":[12275,12274],"product_tag":[],"class_list":{"0":"post-730335","1":"product","2":"type-product","3":"status-publish","5":"product_cat-6-12-yas-kitaplari","6":"product_cat-cocuk-ve-genclik-kitaplari","7":"pa_cilt-ciltsiz","8":"pa_tur-kitap","9":"pa_yayinevi-genc-timas","10":"pa_yazar-sevda-ozdemir","12":"first","13":"instock","14":"sale","15":"shipping-taxable","16":"purchasable","17":"product-type-simple"},"_links":{"self":[{"href":"https:\/\/roveyayinevi.com.tr\/index.php\/wp-json\/wp\/v2\/product\/730335","targetHints":{"allow":["GET"]}}],"collection":[{"href":"https:\/\/roveyayinevi.com.tr\/index.php\/wp-json\/wp\/v2\/product"}],"about":[{"href":"https:\/\/roveyayinevi.com.tr\/index.php\/wp-json\/wp\/v2\/types\/product"}],"wp:attachment":[{"href":"https:\/\/roveyayinevi.com.tr\/index.php\/wp-json\/wp\/v2\/media?parent=730335"}],"wp:term":[{"taxonomy":"product_brand","embeddable":true,"href":"https:\/\/roveyayinevi.com.tr\/index.php\/wp-json\/wp\/v2\/product_brand?post=730335"},{"taxonomy":"product_cat","embeddable":true,"href":"https:\/\/roveyayinevi.com.tr\/index.php\/wp-json\/wp\/v2\/product_cat?post=730335"},{"taxonomy":"product_tag","embeddable":true,"href":"https:\/\/roveyayinevi.com.tr\/index.php\/wp-json\/wp\/v2\/product_tag?post=730335"}],"curies":[{"name":"wp","href":"https:\/\/api.w.org\/{rel}","templated":true}]}}