{"id":730334,"date":"2025-08-27T21:12:35","date_gmt":"2025-08-27T18:12:35","guid":{"rendered":"https:\/\/roveyayinevi.com.tr\/index.php\/urun\/gelecek-ekspresi-cop-dunya\/"},"modified":"2026-04-16T02:38:27","modified_gmt":"2026-04-15T23:38:27","slug":"gelecek-ekspresi-cop-dunya","status":"publish","type":"product","link":"https:\/\/roveyayinevi.com.tr\/index.php\/urun\/gelecek-ekspresi-cop-dunya\/","title":{"rendered":"Gelecek Ekspresi &#8211; \u00c7\u00f6p D\u00fcnya"},"content":{"rendered":"<p>\u00dclkemizin koskocaman bir \u00e7\u00f6l oldu\u011funu, tar\u0131m alanlar\u0131n\u0131n azald\u0131\u011f\u0131n\u0131, ya\u011fmurun neredeyse hi\u00e7 ya\u011fmad\u0131\u011f\u0131n\u0131 d\u00fc\u015f\u00fcn! D\u00fcnyadaki canl\u0131 \u00e7e\u015fitlili\u011finin azald\u0131\u011f\u0131, buzullar\u0131n h\u0131zla eridi\u011fi, ilkbahar ve sonbahar mevsimlerinin art\u0131k ya\u015fanmad\u0131\u011f\u0131 bir d\u00fcnya&#8230;Nil, gelecek nesillere iyi bir d\u00fcnya b\u0131rakabilmek i\u00e7in kendince bir m\u00fccadele verir. E\u011fer \u00f6nlem al\u0131nmazsa bir \u00e7\u00f6p d\u00fcnyada ya\u015famaya mahk\u00fbm olacaklard\u0131r. Can, Narin ve Yi\u011fit onun bo\u015funa \u00e7abalad\u0131\u011f\u0131n\u0131 d\u00fc\u015f\u00fcn\u00fcr. O ise m\u00fccadelesine arkada\u015flar\u0131n\u0131 da d\u00e2hil etmeyi ister. Gelecekte ya\u015fanacaklar\u0131 g\u00f6sterebilece\u011fi bir yolculuk, bu m\u00fccadeleyi b\u00fcy\u00fctmesinde Nil\u2019e yard\u0131mc\u0131 olabilecek mi?\u015eimdi Gelecek Ekspresi\u2019yle birlikte 2050 y\u0131l\u0131na bir yolculu\u011fa \u00e7\u0131kmay\u0131 kabul ediyorsan kitab\u0131n kapa\u011f\u0131n\u0131 a\u00e7! \u00c7abuk ol! Gelece\u011fimizi kaybetmek \u00fczereyiz!<\/p>\n","protected":false},"excerpt":{"rendered":"<p>\u00dclkemizin koskocaman bir \u00e7\u00f6l oldu\u011funu, tar\u0131m alanlar\u0131n\u0131n azald\u0131\u011f\u0131n\u0131, ya\u011fmurun neredeyse hi\u00e7 ya\u011fmad\u0131\u011f\u0131n\u0131 d\u00fc\u015f\u00fcn! D\u00fcnyadaki canl\u0131 \u00e7e\u015fitlili\u011finin azald\u0131\u011f\u0131, buzullar\u0131n h\u0131zla eridi\u011fi, ilkbahar ve sonbahar mevsimlerinin art\u0131k ya\u015fanmad\u0131\u011f\u0131<span class=\"excerpt-hellip\"> [\u2026]<\/span><\/p>\n","protected":false},"featured_media":0,"template":"","meta":{"_monsterinsights_skip_tracking":false,"_monsterinsights_sitenote_active":false,"_monsterinsights_sitenote_note":"","_monsterinsights_sitenote_category":0},"product_brand":[],"product_cat":[12275,12274],"product_tag":[],"class_list":{"0":"post-730334","1":"product","2":"type-product","3":"status-publish","5":"product_cat-6-12-yas-kitaplari","6":"product_cat-cocuk-ve-genclik-kitaplari","7":"pa_cilt-ciltsiz","8":"pa_tur-kitap","9":"pa_yayinevi-genc-timas","10":"pa_yazar-ozgur-balpinar","12":"first","13":"instock","14":"sale","15":"shipping-taxable","16":"purchasable","17":"product-type-simple"},"_links":{"self":[{"href":"https:\/\/roveyayinevi.com.tr\/index.php\/wp-json\/wp\/v2\/product\/730334","targetHints":{"allow":["GET"]}}],"collection":[{"href":"https:\/\/roveyayinevi.com.tr\/index.php\/wp-json\/wp\/v2\/product"}],"about":[{"href":"https:\/\/roveyayinevi.com.tr\/index.php\/wp-json\/wp\/v2\/types\/product"}],"wp:attachment":[{"href":"https:\/\/roveyayinevi.com.tr\/index.php\/wp-json\/wp\/v2\/media?parent=730334"}],"wp:term":[{"taxonomy":"product_brand","embeddable":true,"href":"https:\/\/roveyayinevi.com.tr\/index.php\/wp-json\/wp\/v2\/product_brand?post=730334"},{"taxonomy":"product_cat","embeddable":true,"href":"https:\/\/roveyayinevi.com.tr\/index.php\/wp-json\/wp\/v2\/product_cat?post=730334"},{"taxonomy":"product_tag","embeddable":true,"href":"https:\/\/roveyayinevi.com.tr\/index.php\/wp-json\/wp\/v2\/product_tag?post=730334"}],"curies":[{"name":"wp","href":"https:\/\/api.w.org\/{rel}","templated":true}]}}