{"id":730333,"date":"2025-08-27T21:12:34","date_gmt":"2025-08-27T18:12:34","guid":{"rendered":"https:\/\/roveyayinevi.com.tr\/index.php\/urun\/kelebek-zihinli-cocuk\/"},"modified":"2026-04-16T02:38:27","modified_gmt":"2026-04-15T23:38:27","slug":"kelebek-zihinli-cocuk","status":"publish","type":"product","link":"https:\/\/roveyayinevi.com.tr\/index.php\/urun\/kelebek-zihinli-cocuk\/","title":{"rendered":"Kelebek Zihinli \u00c7ocuk"},"content":{"rendered":"<p>Jamie\u2019nin tek dile\u011fi normal olmak. Fakat dikkat eksikli\u011fi ve hiperaktivite bozuklu\u011fu ona beyninde kelebekler u\u00e7u\u015furmu\u015f gibi hissettiriyor.Elin\u2019in tek dile\u011fiyse m\u00fckemmel olmak. Ancak o zaman ailesinin yeniden bir araya gelece\u011fine inan\u0131yor.Jamie ve Elin\u2019in hayatlar\u0131 ummad\u0131klar\u0131 bir anda ve beklemedikleri bir yerde kesi\u015fti\u011finde ikisinin de hayat\u0131 ba\u015ftan a\u015fa\u011f\u0131 de\u011fi\u015fiyor ve s\u00fcrpriz sonlu bir masala d\u00f6n\u00fc\u015f\u00fcyor.Belki normal ya da m\u00fckemmel diye bir \u015fey yoktur ve belki de mutlu sonlar farkl\u0131 \u015fekillerde de olur.&#8221;Ac\u0131 veren bir ger\u00e7eklikle yaz\u0131lan fakat umudu da unutmayan bir yap\u0131t.&#8221;- Kirkus Starred Review\u201cGer\u00e7ekten ola\u011fan\u00fcst\u00fc. \u0130ki farkl\u0131 anlat\u0131c\u0131dan dinledi\u011fimiz, samimiyetle kaleme al\u0131nm\u0131\u015f, empati ve duygu y\u00fckl\u00fc, \u00fcst\u00fcn bir hik\u00e2ye anlat\u0131m\u0131. Zamane \u00e7ocuklar\u0131n\u0131n bu kitaptan \u00f6\u011frenecekleri \u00e7ok \u015fey var. Okurken cidden y\u00fcre\u011fim s\u0131zlad\u0131. Mutlaka ama mutlaka okunmal\u0131.\u201d- Scott Evans, The Reader Teacher<\/p>\n","protected":false},"excerpt":{"rendered":"<p>Jamie\u2019nin tek dile\u011fi normal olmak. Fakat dikkat eksikli\u011fi ve hiperaktivite bozuklu\u011fu ona beyninde kelebekler u\u00e7u\u015furmu\u015f gibi hissettiriyor.Elin\u2019in tek dile\u011fiyse m\u00fckemmel olmak. Ancak o zaman ailesinin yeniden<span class=\"excerpt-hellip\"> [\u2026]<\/span><\/p>\n","protected":false},"featured_media":0,"template":"","meta":{"_monsterinsights_skip_tracking":false,"_monsterinsights_sitenote_active":false,"_monsterinsights_sitenote_note":"","_monsterinsights_sitenote_category":0},"product_brand":[],"product_cat":[12275,12274],"product_tag":[],"class_list":{"0":"post-730333","1":"product","2":"type-product","3":"status-publish","5":"product_cat-6-12-yas-kitaplari","6":"product_cat-cocuk-ve-genclik-kitaplari","7":"pa_cilt-ciltsiz","8":"pa_tur-kitap","9":"pa_yayinevi-genc-timas","10":"pa_yazar-victoria-williamson","12":"first","13":"instock","14":"sale","15":"shipping-taxable","16":"purchasable","17":"product-type-simple"},"_links":{"self":[{"href":"https:\/\/roveyayinevi.com.tr\/index.php\/wp-json\/wp\/v2\/product\/730333","targetHints":{"allow":["GET"]}}],"collection":[{"href":"https:\/\/roveyayinevi.com.tr\/index.php\/wp-json\/wp\/v2\/product"}],"about":[{"href":"https:\/\/roveyayinevi.com.tr\/index.php\/wp-json\/wp\/v2\/types\/product"}],"wp:attachment":[{"href":"https:\/\/roveyayinevi.com.tr\/index.php\/wp-json\/wp\/v2\/media?parent=730333"}],"wp:term":[{"taxonomy":"product_brand","embeddable":true,"href":"https:\/\/roveyayinevi.com.tr\/index.php\/wp-json\/wp\/v2\/product_brand?post=730333"},{"taxonomy":"product_cat","embeddable":true,"href":"https:\/\/roveyayinevi.com.tr\/index.php\/wp-json\/wp\/v2\/product_cat?post=730333"},{"taxonomy":"product_tag","embeddable":true,"href":"https:\/\/roveyayinevi.com.tr\/index.php\/wp-json\/wp\/v2\/product_tag?post=730333"}],"curies":[{"name":"wp","href":"https:\/\/api.w.org\/{rel}","templated":true}]}}