{"id":730331,"date":"2025-08-27T21:12:32","date_gmt":"2025-08-27T18:12:32","guid":{"rendered":"https:\/\/roveyayinevi.com.tr\/index.php\/urun\/misal-alemi\/"},"modified":"2026-04-16T02:38:27","modified_gmt":"2026-04-15T23:38:27","slug":"misal-alemi","status":"publish","type":"product","link":"https:\/\/roveyayinevi.com.tr\/index.php\/urun\/misal-alemi\/","title":{"rendered":"Misal Alemi"},"content":{"rendered":"<p>&#8220;Her\u015feyden \u00f6nce, misal alemi ruhani Mem ile maddi \u00e2lem aras\u0131nda kalan \u00fc\u00e7\u00fcnc\u00fc bir \u00e2lemdir. Bu \u00e2lem ne maddi ne de ruhanidir. Aksine, maddeden ar\u0131n\u0131k oldu\u011fu halde \u00fc\u00e7 boyutlu niteliklere sahip olan cismani s\u00fcretler \u00e2lemidir.&#8221;<\/p>\n","protected":false},"excerpt":{"rendered":"<p>&#8220;Her\u015feyden \u00f6nce, misal alemi ruhani Mem ile maddi \u00e2lem aras\u0131nda kalan \u00fc\u00e7\u00fcnc\u00fc bir \u00e2lemdir. Bu \u00e2lem ne maddi ne de ruhanidir. Aksine, maddeden ar\u0131n\u0131k oldu\u011fu halde<span class=\"excerpt-hellip\"> [\u2026]<\/span><\/p>\n","protected":false},"featured_media":0,"template":"","meta":{"_monsterinsights_skip_tracking":false,"_monsterinsights_sitenote_active":false,"_monsterinsights_sitenote_note":"","_monsterinsights_sitenote_category":0},"product_brand":[],"product_cat":[12291,12711],"product_tag":[],"class_list":{"0":"post-730331","1":"product","2":"type-product","3":"status-publish","5":"product_cat-edebiyat","6":"product_cat-roman-oyku","7":"pa_cilt-ciltsiz","8":"pa_tur-kitap","9":"pa_yayinevi-sufi-kitap","10":"pa_yazar-busra-arslan-mecin","12":"first","13":"instock","14":"sale","15":"shipping-taxable","16":"purchasable","17":"product-type-simple"},"_links":{"self":[{"href":"https:\/\/roveyayinevi.com.tr\/index.php\/wp-json\/wp\/v2\/product\/730331","targetHints":{"allow":["GET"]}}],"collection":[{"href":"https:\/\/roveyayinevi.com.tr\/index.php\/wp-json\/wp\/v2\/product"}],"about":[{"href":"https:\/\/roveyayinevi.com.tr\/index.php\/wp-json\/wp\/v2\/types\/product"}],"wp:attachment":[{"href":"https:\/\/roveyayinevi.com.tr\/index.php\/wp-json\/wp\/v2\/media?parent=730331"}],"wp:term":[{"taxonomy":"product_brand","embeddable":true,"href":"https:\/\/roveyayinevi.com.tr\/index.php\/wp-json\/wp\/v2\/product_brand?post=730331"},{"taxonomy":"product_cat","embeddable":true,"href":"https:\/\/roveyayinevi.com.tr\/index.php\/wp-json\/wp\/v2\/product_cat?post=730331"},{"taxonomy":"product_tag","embeddable":true,"href":"https:\/\/roveyayinevi.com.tr\/index.php\/wp-json\/wp\/v2\/product_tag?post=730331"}],"curies":[{"name":"wp","href":"https:\/\/api.w.org\/{rel}","templated":true}]}}