{"id":730330,"date":"2025-08-27T21:12:31","date_gmt":"2025-08-27T18:12:31","guid":{"rendered":"https:\/\/roveyayinevi.com.tr\/index.php\/urun\/dunya-tarihinde-askeri-strateji\/"},"modified":"2026-04-16T02:38:27","modified_gmt":"2026-04-15T23:38:27","slug":"dunya-tarihinde-askeri-strateji","status":"publish","type":"product","link":"https:\/\/roveyayinevi.com.tr\/index.php\/urun\/dunya-tarihinde-askeri-strateji\/","title":{"rendered":"D\u00fcnya Tarihinde Askeri Strateji"},"content":{"rendered":"<p>D\u00fcnyan\u0131n en iyi askeri tarih yazarlar\u0131ndan Jeremy Blacki\u0131n bu kitab\u0131, askeri stratejinin t\u00fcm dinamiklerini ve derinlil&lt;lerini d\u00fcnya tarihinde cereyan eden m\u00fccadeleler \u00fczerinden anlatan muazzam bir \u00e7al\u0131\u015fma. Emsalsiz bu kapsaml\u0131 eserin yay\u0131nlanmas\u0131 T\u00fcrk askeri tarih literat\u00fcr\u00fcnde \u00f6nemli bir bo\u015flu\u011fu dolduracak.<\/p>\n","protected":false},"excerpt":{"rendered":"<p>D\u00fcnyan\u0131n en iyi askeri tarih yazarlar\u0131ndan Jeremy Blacki\u0131n bu kitab\u0131, askeri stratejinin t\u00fcm dinamiklerini ve derinlil&lt;lerini d\u00fcnya tarihinde cereyan eden m\u00fccadeleler \u00fczerinden anlatan muazzam bir \u00e7al\u0131\u015fma.<span class=\"excerpt-hellip\"> [\u2026]<\/span><\/p>\n","protected":false},"featured_media":0,"template":"","meta":{"_monsterinsights_skip_tracking":false,"_monsterinsights_sitenote_active":false,"_monsterinsights_sitenote_note":"","_monsterinsights_sitenote_category":0},"product_brand":[],"product_cat":[12370,12304],"product_tag":[],"class_list":{"0":"post-730330","1":"product","2":"type-product","3":"status-publish","5":"product_cat-arastirma-inceleme","6":"product_cat-tarih","7":"pa_cilt-ciltsiz","8":"pa_tur-kitap","9":"pa_yayinevi-timas-yayinlari","10":"pa_yazar-jeremy-black","12":"first","13":"instock","14":"sale","15":"shipping-taxable","16":"purchasable","17":"product-type-simple"},"_links":{"self":[{"href":"https:\/\/roveyayinevi.com.tr\/index.php\/wp-json\/wp\/v2\/product\/730330","targetHints":{"allow":["GET"]}}],"collection":[{"href":"https:\/\/roveyayinevi.com.tr\/index.php\/wp-json\/wp\/v2\/product"}],"about":[{"href":"https:\/\/roveyayinevi.com.tr\/index.php\/wp-json\/wp\/v2\/types\/product"}],"wp:attachment":[{"href":"https:\/\/roveyayinevi.com.tr\/index.php\/wp-json\/wp\/v2\/media?parent=730330"}],"wp:term":[{"taxonomy":"product_brand","embeddable":true,"href":"https:\/\/roveyayinevi.com.tr\/index.php\/wp-json\/wp\/v2\/product_brand?post=730330"},{"taxonomy":"product_cat","embeddable":true,"href":"https:\/\/roveyayinevi.com.tr\/index.php\/wp-json\/wp\/v2\/product_cat?post=730330"},{"taxonomy":"product_tag","embeddable":true,"href":"https:\/\/roveyayinevi.com.tr\/index.php\/wp-json\/wp\/v2\/product_tag?post=730330"}],"curies":[{"name":"wp","href":"https:\/\/api.w.org\/{rel}","templated":true}]}}