{"id":730328,"date":"2025-08-27T21:12:29","date_gmt":"2025-08-27T18:12:29","guid":{"rendered":"https:\/\/roveyayinevi.com.tr\/index.php\/urun\/ilk-turk-liderleri\/"},"modified":"2026-04-16T02:37:45","modified_gmt":"2026-04-15T23:37:45","slug":"ilk-turk-liderleri","status":"publish","type":"product","link":"https:\/\/roveyayinevi.com.tr\/index.php\/urun\/ilk-turk-liderleri\/","title":{"rendered":"\u0130lk T\u00fcrk Liderleri"},"content":{"rendered":"<p>Kitapta, \u0130slam \u00f6ncesi T\u00fcrk tarihine damga vurmu\u015f 56 liderin hayat\u0131, yapt\u0131klar\u0131 icraatlar ve bu \u015fahsiyetlerin bug\u00fcne bile g\u00fc\u00e7l\u00fc mesajlar veren uygulamalar\u0131 alfabetik olarak yer al\u0131yor. Attila dan Bilge Ka\u011fan&#8217;a, Bumin Ka\u011fan&#8217;dan Tonyukuk&#8217;a, Teoman&#8217;dan Mete&#8217;ye de\u011fin, bilinen ve bilinmeyen bir\u00e7ok liderin ya\u015famlar\u0131na tan\u0131kl\u0131k ediyoruz. Yazar, hanlar\u0131n \u00f6yk\u00fclerini k\u0131sa ama \u00e7arp\u0131c\u0131 bilgilerle aktar\u0131yor. Ta\u015fa\u011f\u0131l, ol&lt;uru Orta Asya&#039;n\u0131n steplerinde, Altay Da\u011flar\u0131&#039;n\u0131n eteklerinde, \u00d6t\u00fcken&#039;de dola\u015fan bir sohbete davet ediyor<\/p>\n","protected":false},"excerpt":{"rendered":"<p>Kitapta, \u0130slam \u00f6ncesi T\u00fcrk tarihine damga vurmu\u015f 56 liderin hayat\u0131, yapt\u0131klar\u0131 icraatlar ve bu \u015fahsiyetlerin bug\u00fcne bile g\u00fc\u00e7l\u00fc mesajlar veren uygulamalar\u0131 alfabetik olarak yer al\u0131yor. Attila<span class=\"excerpt-hellip\"> [\u2026]<\/span><\/p>\n","protected":false},"featured_media":0,"template":"","meta":{"_monsterinsights_skip_tracking":false,"_monsterinsights_sitenote_active":false,"_monsterinsights_sitenote_note":"","_monsterinsights_sitenote_category":0},"product_brand":[],"product_cat":[12312,12304],"product_tag":[],"class_list":{"0":"post-730328","1":"product","2":"type-product","3":"status-publish","5":"product_cat-diger","6":"product_cat-tarih","7":"pa_cilt-ciltsiz","8":"pa_tur-kitap","9":"pa_yayinevi-timas-yayinlari","10":"pa_yazar-ahmet-tasagil","12":"first","13":"instock","14":"sale","15":"shipping-taxable","16":"purchasable","17":"product-type-simple"},"_links":{"self":[{"href":"https:\/\/roveyayinevi.com.tr\/index.php\/wp-json\/wp\/v2\/product\/730328","targetHints":{"allow":["GET"]}}],"collection":[{"href":"https:\/\/roveyayinevi.com.tr\/index.php\/wp-json\/wp\/v2\/product"}],"about":[{"href":"https:\/\/roveyayinevi.com.tr\/index.php\/wp-json\/wp\/v2\/types\/product"}],"wp:attachment":[{"href":"https:\/\/roveyayinevi.com.tr\/index.php\/wp-json\/wp\/v2\/media?parent=730328"}],"wp:term":[{"taxonomy":"product_brand","embeddable":true,"href":"https:\/\/roveyayinevi.com.tr\/index.php\/wp-json\/wp\/v2\/product_brand?post=730328"},{"taxonomy":"product_cat","embeddable":true,"href":"https:\/\/roveyayinevi.com.tr\/index.php\/wp-json\/wp\/v2\/product_cat?post=730328"},{"taxonomy":"product_tag","embeddable":true,"href":"https:\/\/roveyayinevi.com.tr\/index.php\/wp-json\/wp\/v2\/product_tag?post=730328"}],"curies":[{"name":"wp","href":"https:\/\/api.w.org\/{rel}","templated":true}]}}