{"id":730326,"date":"2025-08-27T21:12:27","date_gmt":"2025-08-27T18:12:27","guid":{"rendered":"https:\/\/roveyayinevi.com.tr\/index.php\/urun\/akildan-kalbe-yolculuk\/"},"modified":"2026-04-16T02:37:45","modified_gmt":"2026-04-15T23:37:45","slug":"akildan-kalbe-yolculuk","status":"publish","type":"product","link":"https:\/\/roveyayinevi.com.tr\/index.php\/urun\/akildan-kalbe-yolculuk\/","title":{"rendered":"Ak\u0131ldan Kalbe Yolculuk"},"content":{"rendered":"<p>Bedi\u00fczzaman, d\u00fc\u015f\u00fcnce sistemini olu\u015fturur ve inanc\u0131n\u0131 delillendirirken, mant\u0131k filmini nas\u0131l kulland\u0131?Maddeci ve tabiat\u00e7\u0131 anlay\u0131\u015f\u0131n ileri s\u00fcrd\u00fc\u011f\u00fc tezleri nas\u0131l \u00e7\u00fcr\u00fctt\u00fc?Hen\u00fcz kuantum fizi\u011fi ortaya \u00e7\u0131kmam\u0131\u015fken, atom i\u00e7i d\u00fcnyalardan tevhid hakikatine nas\u0131l bir yolculuk ger\u00e7ekle\u015ftirdi?Ruh, melekler ve \u00f6l\u00fcmden sonra dirili\u015fi Bedi\u00fczzaman nas\u0131l isbat ediyor?Bedi\u00fczzaman&#8217;\u0131n &#8216;iki hikmet&#8217; analizi nedir ve neden \u00f6nemlidir?gibi sorular\u0131n ve daha fazlas\u0131n\u0131n cevab\u0131 var.<\/p>\n","protected":false},"excerpt":{"rendered":"<p>Bedi\u00fczzaman, d\u00fc\u015f\u00fcnce sistemini olu\u015fturur ve inanc\u0131n\u0131 delillendirirken, mant\u0131k filmini nas\u0131l kulland\u0131?Maddeci ve tabiat\u00e7\u0131 anlay\u0131\u015f\u0131n ileri s\u00fcrd\u00fc\u011f\u00fc tezleri nas\u0131l \u00e7\u00fcr\u00fctt\u00fc?Hen\u00fcz kuantum fizi\u011fi ortaya \u00e7\u0131kmam\u0131\u015fken, atom i\u00e7i d\u00fcnyalardan<span class=\"excerpt-hellip\"> [\u2026]<\/span><\/p>\n","protected":false},"featured_media":0,"template":"","meta":{"_monsterinsights_skip_tracking":false,"_monsterinsights_sitenote_active":false,"_monsterinsights_sitenote_note":"","_monsterinsights_sitenote_category":0},"product_brand":[],"product_cat":[13036,12718,12719],"product_tag":[],"class_list":{"0":"post-730326","1":"product","2":"type-product","3":"status-publish","5":"product_cat-arastirma-inceleme-islam","6":"product_cat-din","7":"product_cat-islam","8":"pa_cilt-ciltsiz","9":"pa_tur-kitap","10":"pa_yayinevi-timas-yayinlari","11":"pa_yazar-nevzat-tarhan","13":"first","14":"instock","15":"sale","16":"shipping-taxable","17":"purchasable","18":"product-type-simple"},"_links":{"self":[{"href":"https:\/\/roveyayinevi.com.tr\/index.php\/wp-json\/wp\/v2\/product\/730326","targetHints":{"allow":["GET"]}}],"collection":[{"href":"https:\/\/roveyayinevi.com.tr\/index.php\/wp-json\/wp\/v2\/product"}],"about":[{"href":"https:\/\/roveyayinevi.com.tr\/index.php\/wp-json\/wp\/v2\/types\/product"}],"wp:attachment":[{"href":"https:\/\/roveyayinevi.com.tr\/index.php\/wp-json\/wp\/v2\/media?parent=730326"}],"wp:term":[{"taxonomy":"product_brand","embeddable":true,"href":"https:\/\/roveyayinevi.com.tr\/index.php\/wp-json\/wp\/v2\/product_brand?post=730326"},{"taxonomy":"product_cat","embeddable":true,"href":"https:\/\/roveyayinevi.com.tr\/index.php\/wp-json\/wp\/v2\/product_cat?post=730326"},{"taxonomy":"product_tag","embeddable":true,"href":"https:\/\/roveyayinevi.com.tr\/index.php\/wp-json\/wp\/v2\/product_tag?post=730326"}],"curies":[{"name":"wp","href":"https:\/\/api.w.org\/{rel}","templated":true}]}}