{"id":730325,"date":"2025-08-27T21:12:26","date_gmt":"2025-08-27T18:12:26","guid":{"rendered":"https:\/\/roveyayinevi.com.tr\/index.php\/urun\/mansfield-park-2\/"},"modified":"2026-04-16T02:37:45","modified_gmt":"2026-04-15T23:37:45","slug":"mansfield-park-2","status":"publish","type":"product","link":"https:\/\/roveyayinevi.com.tr\/index.php\/urun\/mansfield-park-2\/","title":{"rendered":"Mansfield Park"},"content":{"rendered":"<p>Jane Austen&#8217;\u0131n olgunluk d\u00f6nemi eserlerinden olan Mansfield Park hem ironik \u00fcslubu hem de konusu gere\u011fi yazar\u0131n en \u00f6nemli ve en ciddi kitaplar\u0131ndan biri olarak kabul edilir. ingiliz edebiyat\u0131n\u0131n en \u00f6nemli fig\u00fcrlerinden olan Jane Austen bu romanda a\u015fk, aile, ba\u011fl\u0131l\u0131k, ahlak gibi konular\u0131 ustal\u0131kla ele al\u0131yor. Elizabeth Bennet, Fanny Brice ve Elinor Dashwood gibi d\u00f6neminin kli\u015felerine meydan okuyan kahramanlar\u0131yla kad\u0131n\u0131n toplumsal konumunu i\u015fleyerek feminist romanc\u0131l\u0131\u011f\u0131n \u00f6nc\u00fclerinden biri olmu\u015ftur. Austen k\u0131vrak zekas\u0131, ger\u00e7ek\u00e7i tarz\u0131 ve toplumsal hayatta ya\u015fanan aksakl\u0131klara kar\u015f\u0131 tak\u0131nd\u0131\u011f\u0131 alayc\u0131 tav\u0131rla hem kendi zaman\u0131nda hem de g\u00fcn\u00fcm\u00fczde bir\u00e7ok yazara ilham kayna\u011f\u0131 olmu\u015ftur.<\/p>\n","protected":false},"excerpt":{"rendered":"<p>Jane Austen&#8217;\u0131n olgunluk d\u00f6nemi eserlerinden olan Mansfield Park hem ironik \u00fcslubu hem de konusu gere\u011fi yazar\u0131n en \u00f6nemli ve en ciddi kitaplar\u0131ndan biri olarak kabul edilir.<span class=\"excerpt-hellip\"> [\u2026]<\/span><\/p>\n","protected":false},"featured_media":0,"template":"","meta":{"_monsterinsights_skip_tracking":false,"_monsterinsights_sitenote_active":false,"_monsterinsights_sitenote_note":"","_monsterinsights_sitenote_category":0},"product_brand":[],"product_cat":[12291,12711],"product_tag":[],"class_list":{"0":"post-730325","1":"product","2":"type-product","3":"status-publish","5":"product_cat-edebiyat","6":"product_cat-roman-oyku","7":"pa_cilt-ciltsiz","8":"pa_tur-kitap","9":"pa_yayinevi-timas-yayinlari","10":"pa_yazar-jane-austen","12":"first","13":"instock","14":"sale","15":"shipping-taxable","16":"purchasable","17":"product-type-simple"},"_links":{"self":[{"href":"https:\/\/roveyayinevi.com.tr\/index.php\/wp-json\/wp\/v2\/product\/730325","targetHints":{"allow":["GET"]}}],"collection":[{"href":"https:\/\/roveyayinevi.com.tr\/index.php\/wp-json\/wp\/v2\/product"}],"about":[{"href":"https:\/\/roveyayinevi.com.tr\/index.php\/wp-json\/wp\/v2\/types\/product"}],"wp:attachment":[{"href":"https:\/\/roveyayinevi.com.tr\/index.php\/wp-json\/wp\/v2\/media?parent=730325"}],"wp:term":[{"taxonomy":"product_brand","embeddable":true,"href":"https:\/\/roveyayinevi.com.tr\/index.php\/wp-json\/wp\/v2\/product_brand?post=730325"},{"taxonomy":"product_cat","embeddable":true,"href":"https:\/\/roveyayinevi.com.tr\/index.php\/wp-json\/wp\/v2\/product_cat?post=730325"},{"taxonomy":"product_tag","embeddable":true,"href":"https:\/\/roveyayinevi.com.tr\/index.php\/wp-json\/wp\/v2\/product_tag?post=730325"}],"curies":[{"name":"wp","href":"https:\/\/api.w.org\/{rel}","templated":true}]}}