{"id":730324,"date":"2025-08-27T21:12:25","date_gmt":"2025-08-27T18:12:25","guid":{"rendered":"https:\/\/roveyayinevi.com.tr\/index.php\/urun\/gecenin-ortemedigi-sehir-kudus\/"},"modified":"2026-04-16T02:37:45","modified_gmt":"2026-04-15T23:37:45","slug":"gecenin-ortemedigi-sehir-kudus","status":"publish","type":"product","link":"https:\/\/roveyayinevi.com.tr\/index.php\/urun\/gecenin-ortemedigi-sehir-kudus\/","title":{"rendered":"Gecenin \u00d6rtemedi\u011fi \u015eehir Kud\u00fcs"},"content":{"rendered":"<p>Nalan G\u00fcven, G\u00f6n\u00fcl Kap\u0131s\u0131nda Bir Elifte oldu\u011fu gibi bu kitapta da derinden derine k\u00f6klerinden kopman\u0131n sanc\u0131s\u0131n\u0131 hisseden, manevi bir aray\u0131\u015f\u0131 olan ama ne arad\u0131\u011f\u0131n\u0131 tam olarak bilemeyen, i\u00e7imizden biri mesabesindeki karakterlerine bir defa yola koyulunca ihsanlar\u0131n nas\u0131l da pe\u015f pe\u015fe gelece\u011fini g\u00f6steren bir yol hikayesi ya\u015fat\u0131yor. \u00c7ocuklara duydu\u011fu muhabbetle \u00e7ocuk doktoru olan ama kendi evlac\u0131n\u0131 kuca\u011f\u0131na alamayan Asl\u0131 Kariye&#8217;den Kud\u00fcs&#8217;e uzanan bir yolculukta umduklar\u0131ndan \u00e7ok daha fazlas\u0131n\u0131 buluyor.<\/p>\n","protected":false},"excerpt":{"rendered":"<p>Nalan G\u00fcven, G\u00f6n\u00fcl Kap\u0131s\u0131nda Bir Elifte oldu\u011fu gibi bu kitapta da derinden derine k\u00f6klerinden kopman\u0131n sanc\u0131s\u0131n\u0131 hisseden, manevi bir aray\u0131\u015f\u0131 olan ama ne arad\u0131\u011f\u0131n\u0131 tam olarak<span class=\"excerpt-hellip\"> [\u2026]<\/span><\/p>\n","protected":false},"featured_media":0,"template":"","meta":{"_monsterinsights_skip_tracking":false,"_monsterinsights_sitenote_active":false,"_monsterinsights_sitenote_note":"","_monsterinsights_sitenote_category":0},"product_brand":[],"product_cat":[12291,12711],"product_tag":[],"class_list":{"0":"post-730324","1":"product","2":"type-product","3":"status-publish","5":"product_cat-edebiyat","6":"product_cat-roman-oyku","7":"pa_cilt-ciltsiz","8":"pa_tur-kitap","9":"pa_yayinevi-timas-yayinlari","10":"pa_yazar-nalan-guven","12":"first","13":"instock","14":"sale","15":"shipping-taxable","16":"purchasable","17":"product-type-simple"},"_links":{"self":[{"href":"https:\/\/roveyayinevi.com.tr\/index.php\/wp-json\/wp\/v2\/product\/730324","targetHints":{"allow":["GET"]}}],"collection":[{"href":"https:\/\/roveyayinevi.com.tr\/index.php\/wp-json\/wp\/v2\/product"}],"about":[{"href":"https:\/\/roveyayinevi.com.tr\/index.php\/wp-json\/wp\/v2\/types\/product"}],"wp:attachment":[{"href":"https:\/\/roveyayinevi.com.tr\/index.php\/wp-json\/wp\/v2\/media?parent=730324"}],"wp:term":[{"taxonomy":"product_brand","embeddable":true,"href":"https:\/\/roveyayinevi.com.tr\/index.php\/wp-json\/wp\/v2\/product_brand?post=730324"},{"taxonomy":"product_cat","embeddable":true,"href":"https:\/\/roveyayinevi.com.tr\/index.php\/wp-json\/wp\/v2\/product_cat?post=730324"},{"taxonomy":"product_tag","embeddable":true,"href":"https:\/\/roveyayinevi.com.tr\/index.php\/wp-json\/wp\/v2\/product_tag?post=730324"}],"curies":[{"name":"wp","href":"https:\/\/api.w.org\/{rel}","templated":true}]}}