{"id":730323,"date":"2025-08-27T21:12:24","date_gmt":"2025-08-27T18:12:24","guid":{"rendered":"https:\/\/roveyayinevi.com.tr\/index.php\/urun\/kaygiyla-basa-cikmak\/"},"modified":"2026-04-16T02:37:45","modified_gmt":"2026-04-15T23:37:45","slug":"kaygiyla-basa-cikmak","status":"publish","type":"product","link":"https:\/\/roveyayinevi.com.tr\/index.php\/urun\/kaygiyla-basa-cikmak\/","title":{"rendered":"Kayg\u0131yla Ba\u015fa \u00c7\u0131kmak"},"content":{"rendered":"<p>G\u00fcn\u00fcm\u00fczde kayg\u0131 en s\u0131k ya\u015fanan psikolojik sorunlar\u0131n ba\u015f\u0131nda geliyor. Pandeminin de etkisiyle kayg\u0131 ve anksiyete sorunlar\u0131 her ge\u00e7en g\u00fcn daha fazla insan\u0131n mustarip oldu\u011fu durumlar. Bu kitap \u0130ngiltere&#8217;de \u00fcnl\u00fc bir TV programc\u0131s\u0131 olan Anna Willimson&#8217;\u0131n kayg\u0131 ve panik atak krizleriyle alt \u00fcst olan hayat\u0131n\u0131 ald\u0131\u011f\u0131 e\u011fitim ve terapilerle nas\u0131l d\u00fczene koydu\u011funu anlatmakla kalm\u0131yor. Bug\u00fcn \u00e7ok say\u0131da ki\u015fiye dan\u0131\u015fmanl\u0131k ve terapi hizmeti veren Anna Williamson kendi ya\u015fad\u0131klar\u0131n\u0131 da s\u0131k s\u0131k samimiyetle payla\u015farak son derece pratik ve hayata uygulanabilir bir modelle ad\u0131m ad\u0131m kayg\u0131yla ba\u015f etme uygulamalar\u0131 yapt\u0131r\u0131yor. Williamson&#8217;\u0131n ortaya koydu\u011fu model, ayn\u0131 zamanda kitap boyunca Dr. Reetta Newell&#8217;in alandaki uzmanl\u0131k bilgisiyle destekledi\u011fi b\u00f6l\u00fcm sonu \u00f6zetleri ve \u00f6nerileriyle zenginle\u015fiyor.<\/p>\n","protected":false},"excerpt":{"rendered":"<p>G\u00fcn\u00fcm\u00fczde kayg\u0131 en s\u0131k ya\u015fanan psikolojik sorunlar\u0131n ba\u015f\u0131nda geliyor. Pandeminin de etkisiyle kayg\u0131 ve anksiyete sorunlar\u0131 her ge\u00e7en g\u00fcn daha fazla insan\u0131n mustarip oldu\u011fu durumlar. Bu<span class=\"excerpt-hellip\"> [\u2026]<\/span><\/p>\n","protected":false},"featured_media":0,"template":"","meta":{"_monsterinsights_skip_tracking":false,"_monsterinsights_sitenote_active":false,"_monsterinsights_sitenote_note":"","_monsterinsights_sitenote_category":0},"product_brand":[],"product_cat":[12358,12357],"product_tag":[],"class_list":{"0":"post-730323","1":"product","2":"type-product","3":"status-publish","5":"product_cat-genel-psikoloji","6":"product_cat-psikoloji","7":"pa_cilt-ciltsiz","8":"pa_tur-kitap","9":"pa_yayinevi-timas-yayinlari","10":"pa_yazar-anna-williamson-reetta-newell","12":"first","13":"instock","14":"sale","15":"shipping-taxable","16":"purchasable","17":"product-type-simple"},"_links":{"self":[{"href":"https:\/\/roveyayinevi.com.tr\/index.php\/wp-json\/wp\/v2\/product\/730323","targetHints":{"allow":["GET"]}}],"collection":[{"href":"https:\/\/roveyayinevi.com.tr\/index.php\/wp-json\/wp\/v2\/product"}],"about":[{"href":"https:\/\/roveyayinevi.com.tr\/index.php\/wp-json\/wp\/v2\/types\/product"}],"wp:attachment":[{"href":"https:\/\/roveyayinevi.com.tr\/index.php\/wp-json\/wp\/v2\/media?parent=730323"}],"wp:term":[{"taxonomy":"product_brand","embeddable":true,"href":"https:\/\/roveyayinevi.com.tr\/index.php\/wp-json\/wp\/v2\/product_brand?post=730323"},{"taxonomy":"product_cat","embeddable":true,"href":"https:\/\/roveyayinevi.com.tr\/index.php\/wp-json\/wp\/v2\/product_cat?post=730323"},{"taxonomy":"product_tag","embeddable":true,"href":"https:\/\/roveyayinevi.com.tr\/index.php\/wp-json\/wp\/v2\/product_tag?post=730323"}],"curies":[{"name":"wp","href":"https:\/\/api.w.org\/{rel}","templated":true}]}}