{"id":730321,"date":"2025-08-27T21:12:22","date_gmt":"2025-08-27T18:12:22","guid":{"rendered":"https:\/\/roveyayinevi.com.tr\/index.php\/urun\/buyukannemin-sari-kecisi\/"},"modified":"2026-04-11T13:57:27","modified_gmt":"2026-04-11T10:57:27","slug":"buyukannemin-sari-kecisi","status":"publish","type":"product","link":"https:\/\/roveyayinevi.com.tr\/index.php\/urun\/buyukannemin-sari-kecisi\/","title":{"rendered":"B\u00fcy\u00fckannemin Sar\u0131 Ke\u00e7isi"},"content":{"rendered":"<p>Y\u00f6r\u00fckler. Da\u011flarda konarg\u00f6\u00e7erler. B\u00fct\u00fcn yollar\u0131 bilirler. Ke\u00e7ileriyle birlikte y\u00fcr\u00fcrler. \u00c7an sesleri \u015fark\u0131 olur, g\u00f6ky\u00fcz\u00fcne t\u0131rman\u0131r. \u015eafak Okdemir, da\u011flar\u0131n ve sular\u0131n sesini duyanlar\u0131n etkileyici hik\u00e2yesini anlat\u0131yor. Bir bebek ve bir o\u011fla\u011f\u0131n sar\u0131l\u0131p uyudu\u011fu Toroslar, \u015eafak Okdemir\u2019in resimleriyle ger\u00e7e\u011fin ta kendisi oluyor. B\u00fcy\u00fckannemin Sar\u0131 Ke\u00e7isi, do\u011fan\u0131n ve ya\u015fam\u0131n hakk\u0131n\u0131 verenlerin kitab\u0131. <\/p>\n","protected":false},"excerpt":{"rendered":"<p>Y\u00f6r\u00fckler. Da\u011flarda konarg\u00f6\u00e7erler. B\u00fct\u00fcn yollar\u0131 bilirler. Ke\u00e7ileriyle birlikte y\u00fcr\u00fcrler. \u00c7an sesleri \u015fark\u0131 olur, g\u00f6ky\u00fcz\u00fcne t\u0131rman\u0131r. \u015eafak Okdemir, da\u011flar\u0131n ve sular\u0131n sesini duyanlar\u0131n etkileyici hik\u00e2yesini anlat\u0131yor. Bir<span class=\"excerpt-hellip\"> [\u2026]<\/span><\/p>\n","protected":false},"featured_media":0,"template":"","meta":{"_monsterinsights_skip_tracking":false,"_monsterinsights_sitenote_active":false,"_monsterinsights_sitenote_note":"","_monsterinsights_sitenote_category":0},"product_brand":[],"product_cat":[12274,12284],"product_tag":[],"class_list":{"0":"post-730321","1":"product","2":"type-product","3":"status-publish","5":"product_cat-cocuk-ve-genclik-kitaplari","6":"product_cat-hikayeler","7":"pa_cilt-ciltsiz","8":"pa_tur-kitap","9":"pa_yayinevi-cinar-yayinlari","10":"pa_yazar-safak-okdemir","12":"first","13":"instock","14":"sale","15":"shipping-taxable","16":"purchasable","17":"product-type-simple"},"_links":{"self":[{"href":"https:\/\/roveyayinevi.com.tr\/index.php\/wp-json\/wp\/v2\/product\/730321","targetHints":{"allow":["GET"]}}],"collection":[{"href":"https:\/\/roveyayinevi.com.tr\/index.php\/wp-json\/wp\/v2\/product"}],"about":[{"href":"https:\/\/roveyayinevi.com.tr\/index.php\/wp-json\/wp\/v2\/types\/product"}],"wp:attachment":[{"href":"https:\/\/roveyayinevi.com.tr\/index.php\/wp-json\/wp\/v2\/media?parent=730321"}],"wp:term":[{"taxonomy":"product_brand","embeddable":true,"href":"https:\/\/roveyayinevi.com.tr\/index.php\/wp-json\/wp\/v2\/product_brand?post=730321"},{"taxonomy":"product_cat","embeddable":true,"href":"https:\/\/roveyayinevi.com.tr\/index.php\/wp-json\/wp\/v2\/product_cat?post=730321"},{"taxonomy":"product_tag","embeddable":true,"href":"https:\/\/roveyayinevi.com.tr\/index.php\/wp-json\/wp\/v2\/product_tag?post=730321"}],"curies":[{"name":"wp","href":"https:\/\/api.w.org\/{rel}","templated":true}]}}