{"id":730320,"date":"2025-08-27T21:12:21","date_gmt":"2025-08-27T18:12:21","guid":{"rendered":"https:\/\/roveyayinevi.com.tr\/index.php\/urun\/nerede-ve-ne-icin-yasadim\/"},"modified":"2026-04-16T02:37:45","modified_gmt":"2026-04-15T23:37:45","slug":"nerede-ve-ne-icin-yasadim","status":"publish","type":"product","link":"https:\/\/roveyayinevi.com.tr\/index.php\/urun\/nerede-ve-ne-icin-yasadim\/","title":{"rendered":"Nerede ve Ne i\u00e7in Ya\u015fad\u0131m"},"content":{"rendered":"<p>Beni medeniyete g\u00f6t\u00fcrecek ne bir kap\u0131m, ne bir bah\u00e7em, ne de bir yolum var!\u201d \u0130ki y\u0131l\u0131 a\u015fk\u0131n bir s\u00fcre boyunca kendi elleriyle in\u015fa etti\u011fi kul\u00fcbede ya\u015fayan, ilk aktivist \u00e7evrecilerden biri olan Henry David Thoreau, Walden\u2019\u0131n sayfalar\u0131nda bireyin \u00e7evresiyle kurdu\u011fu ili\u015fkiyi \u015fiirsel bir dille kaleme ald\u0131. Walden Go\u0308lu\u0308 izlenimleri b\u00f6ylece \u00f6l\u00fcms\u00fcz bir esere d\u00f6n\u00fc\u015ferek g\u00fcn\u00fcm\u00fcz\u00fcn \u00e7evrecilik anlay\u0131\u015f\u0131na ve ekolojik fikirlerine ilham kayna\u011f\u0131 oldu. Bu se\u00e7kide Walden\u2019\u0131n etkileyici b\u00f6l\u00fcmlerinden olan \u201cNerede ve Ne \u0130\u00e7in Ya\u015fad\u0131m\u201d, \u201cOkumak\u201d, \u201cSesler\u201d ve \u201cYaln\u0131zl\u0131k\u201d yer al\u0131yor. <\/p>\n","protected":false},"excerpt":{"rendered":"<p>Beni medeniyete g\u00f6t\u00fcrecek ne bir kap\u0131m, ne bir bah\u00e7em, ne de bir yolum var!\u201d \u0130ki y\u0131l\u0131 a\u015fk\u0131n bir s\u00fcre boyunca kendi elleriyle in\u015fa etti\u011fi kul\u00fcbede ya\u015fayan,<span class=\"excerpt-hellip\"> [\u2026]<\/span><\/p>\n","protected":false},"featured_media":0,"template":"","meta":{"_monsterinsights_skip_tracking":false,"_monsterinsights_sitenote_active":false,"_monsterinsights_sitenote_note":"","_monsterinsights_sitenote_category":0},"product_brand":[],"product_cat":[12777,12291],"product_tag":[],"class_list":{"0":"post-730320","1":"product","2":"type-product","3":"status-publish","5":"product_cat-deneme","6":"product_cat-edebiyat","7":"pa_cilt-ciltsiz","8":"pa_tur-kitap","9":"pa_yayinevi-cinar-yayinlari","10":"pa_yazar-henry-david-thoreau","12":"first","13":"instock","14":"sale","15":"shipping-taxable","16":"purchasable","17":"product-type-simple"},"_links":{"self":[{"href":"https:\/\/roveyayinevi.com.tr\/index.php\/wp-json\/wp\/v2\/product\/730320","targetHints":{"allow":["GET"]}}],"collection":[{"href":"https:\/\/roveyayinevi.com.tr\/index.php\/wp-json\/wp\/v2\/product"}],"about":[{"href":"https:\/\/roveyayinevi.com.tr\/index.php\/wp-json\/wp\/v2\/types\/product"}],"wp:attachment":[{"href":"https:\/\/roveyayinevi.com.tr\/index.php\/wp-json\/wp\/v2\/media?parent=730320"}],"wp:term":[{"taxonomy":"product_brand","embeddable":true,"href":"https:\/\/roveyayinevi.com.tr\/index.php\/wp-json\/wp\/v2\/product_brand?post=730320"},{"taxonomy":"product_cat","embeddable":true,"href":"https:\/\/roveyayinevi.com.tr\/index.php\/wp-json\/wp\/v2\/product_cat?post=730320"},{"taxonomy":"product_tag","embeddable":true,"href":"https:\/\/roveyayinevi.com.tr\/index.php\/wp-json\/wp\/v2\/product_tag?post=730320"}],"curies":[{"name":"wp","href":"https:\/\/api.w.org\/{rel}","templated":true}]}}