{"id":730318,"date":"2025-08-27T21:12:19","date_gmt":"2025-08-27T18:12:19","guid":{"rendered":"https:\/\/roveyayinevi.com.tr\/index.php\/urun\/gariplerden-bir-yolcu-hak-ve-ask-icin-siirler\/"},"modified":"2026-04-16T02:37:45","modified_gmt":"2026-04-15T23:37:45","slug":"gariplerden-bir-yolcu-hak-ve-ask-icin-siirler","status":"publish","type":"product","link":"https:\/\/roveyayinevi.com.tr\/index.php\/urun\/gariplerden-bir-yolcu-hak-ve-ask-icin-siirler\/","title":{"rendered":"Gariplerden Bir Yolcu &#8211; Hak ve A\u015fk i\u00e7in \u015eiirler"},"content":{"rendered":"<p>H\u00e2limi terc\u00fcme edecek olursam ya da hayat hikayemi k\u0131saca belirtecek olursam, akl\u0131ma \u015funlar geliyor: Memleket olarak do\u011fdu\u011fum yeri sorarsan\u0131z Pazarc\u0131k. Kahramanmara\u015f\u2019\u0131n \u015firin bir il\u00e7esi. Pazarc\u0131\u011fa, Kahramanmara\u015f\u2019tan gelmi\u015fiz. Asl\u0131m\u0131z Kahramanmara\u015f\u2019l\u0131d\u0131r. Sandalzade olarak bilinen bir aileye mensubum. 7 karde\u015fin \u00fc\u00e7\u00fcnc\u00fcs\u00fcy\u00fcm. 1965 y\u0131l\u0131nda do\u011fdum. Babam ge\u00e7imini Marangozlukla sa\u011flard\u0131. 17 y\u0131l kadar \u00f6nce emekli oldu. Annem 2007 y\u0131l\u0131nda vefat etti. Allah (cc) rahmet eylesin. Can\u0131m Annem, bir\u00e7ok Anadolu kad\u0131n\u0131 gibi \u00e7ileli bir hayat ya\u015fad\u0131. Babam da elinden emektar bir ki\u015fidir. Hayat\u0131 boyunca hep \u00e7al\u0131\u015farak ya\u015fad\u0131. Babam gibi Ben de el sanatlar\u0131yla ilgilenmeyi ve marangozluk mesle\u011finde \u00fcr\u00fcnler \u00fcretmeyi \u00e7ok isterdim. Ancak, elim el sanatk\u00e2rl\u0131\u011f\u0131na yatk\u0131n de\u011fil. Sanatk\u00e2r olamad\u0131\u011f\u0131m\u0131z i\u00e7in okuduk. Pazarc\u0131k Lisesi\u2019nden sonra Ankara \u00dcniversitesi Siyasal Bilgiler Fak\u00fcltesini bitirdim. \u015eiire 13 ya\u015f\u0131nda ba\u015flad\u0131m. Ortaokul, lise, \u00fcniversite y\u0131llar\u0131nda \u00e7ok \u015fiir yazd\u0131m. 1987 y\u0131l\u0131nda memuriyete ba\u015flay\u0131nca biraz mola vereyim dedim. Bu mola uzun s\u00fcrd\u00fc. Yazmaya tekrar 2000\u2019li y\u0131llardan sonra ba\u015flad\u0131m. Bu tarihten sonra edebiyat alan\u0131ndaki \u00e7aba ve \u00e7al\u0131\u015fmalar\u0131m\u0131 art\u0131rd\u0131m. Elhamd\u00fclillah, bu tarihten sonra 10 kitap yay\u0131nlad\u0131m. Elinizdeki bu kitap on birinci kitab\u0131md\u0131r. Haydi hay\u0131rl\u0131s\u0131. Evliyim. Mehmet, Ebru Nur ve Abdurrahman Taha isminde \u00fc\u00e7 \u00e7ocuk babas\u0131y\u0131m. Ahmed Fuad isminde bir torunum var. Ma\u015fallah. Bu kitab\u0131n ana maksad\u0131, ba\u015fta gen\u00e7lerimiz olmak \u00fczere t\u00fcm insanlar\u0131m\u0131z\u0131n g\u00f6nl\u00fcne, y\u00fcre\u011fine ho\u015f gelecek s\u00f6zler sunmakt\u0131r. \u015eiirler bir vas\u0131tad\u0131r, maksat de\u011fildir. Maksat o \u015fiirleri Hak bir Davada, r\u0131za-i ilahi i\u00e7in sunmakt\u0131r. Bizden sunmas\u0131. \u0130n\u015fallah sunduklar\u0131m\u0131z yerini bulur. Allah emeklerimizi bo\u015fa \u00e7\u0131karmas\u0131n. Allah faydal\u0131 ve hay\u0131rl\u0131 insanlar aras\u0131na bizleri de dahil eylesin. \u015eair Yazar olarak bu hususlar\u0131 belirtmenin yan\u0131nda bir Kamu G\u00f6revlisi olarak da \u201cinsan\u0131 ya\u015fat ki, Devlet ya\u015fas\u0131n\u201d inan\u00e7 ve fikri do\u011frultusunda hareket etmeyi bir vazife bildi\u011fimi hassaten belirtiyorum. <\/p>\n","protected":false},"excerpt":{"rendered":"<p>H\u00e2limi terc\u00fcme edecek olursam ya da hayat hikayemi k\u0131saca belirtecek olursam, akl\u0131ma \u015funlar geliyor: Memleket olarak do\u011fdu\u011fum yeri sorarsan\u0131z Pazarc\u0131k. Kahramanmara\u015f\u2019\u0131n \u015firin bir il\u00e7esi. Pazarc\u0131\u011fa, Kahramanmara\u015f\u2019tan<span class=\"excerpt-hellip\"> [\u2026]<\/span><\/p>\n","protected":false},"featured_media":0,"template":"","meta":{"_monsterinsights_skip_tracking":false,"_monsterinsights_sitenote_active":false,"_monsterinsights_sitenote_note":"","_monsterinsights_sitenote_category":0},"product_brand":[],"product_cat":[12291,12509],"product_tag":[],"class_list":{"0":"post-730318","1":"product","2":"type-product","3":"status-publish","5":"product_cat-edebiyat","6":"product_cat-siir","7":"pa_cilt-ciltsiz","8":"pa_tur-kitap","9":"pa_yayinevi-gulnar-yayinlari","10":"pa_yazar-ahmet-sandal","12":"first","13":"instock","14":"sale","15":"shipping-taxable","16":"purchasable","17":"product-type-simple"},"_links":{"self":[{"href":"https:\/\/roveyayinevi.com.tr\/index.php\/wp-json\/wp\/v2\/product\/730318","targetHints":{"allow":["GET"]}}],"collection":[{"href":"https:\/\/roveyayinevi.com.tr\/index.php\/wp-json\/wp\/v2\/product"}],"about":[{"href":"https:\/\/roveyayinevi.com.tr\/index.php\/wp-json\/wp\/v2\/types\/product"}],"wp:attachment":[{"href":"https:\/\/roveyayinevi.com.tr\/index.php\/wp-json\/wp\/v2\/media?parent=730318"}],"wp:term":[{"taxonomy":"product_brand","embeddable":true,"href":"https:\/\/roveyayinevi.com.tr\/index.php\/wp-json\/wp\/v2\/product_brand?post=730318"},{"taxonomy":"product_cat","embeddable":true,"href":"https:\/\/roveyayinevi.com.tr\/index.php\/wp-json\/wp\/v2\/product_cat?post=730318"},{"taxonomy":"product_tag","embeddable":true,"href":"https:\/\/roveyayinevi.com.tr\/index.php\/wp-json\/wp\/v2\/product_tag?post=730318"}],"curies":[{"name":"wp","href":"https:\/\/api.w.org\/{rel}","templated":true}]}}