{"id":730315,"date":"2025-08-27T21:12:16","date_gmt":"2025-08-27T18:12:16","guid":{"rendered":"https:\/\/roveyayinevi.com.tr\/index.php\/urun\/hani-derler-ya-burada-turkce-konusuyoruz-5\/"},"modified":"2026-04-16T02:37:45","modified_gmt":"2026-04-15T23:37:45","slug":"hani-derler-ya-burada-turkce-konusuyoruz-5","status":"publish","type":"product","link":"https:\/\/roveyayinevi.com.tr\/index.php\/urun\/hani-derler-ya-burada-turkce-konusuyoruz-5\/","title":{"rendered":"Hani Derler Ya&#8230; &#8211; Burada T\u00fcrk\u00e7e Konu\u015fuyoruz 5"},"content":{"rendered":"<p>\u00dcniversitede edebiyat dersleri veren Profes\u00f6r \u00c2lim Bilgin ve torunu Etem ile tan\u0131\u015f\u0131n! Bu dizide dilimiz konusunda olduk\u00e7a hassas davranan \u00c2lim Bey\u2019in ba\u015f\u0131ndan ge\u00e7en ve onu k\u0131zd\u0131ran olaylar\u0131 okuyacaks\u0131n\u0131z. Peki, sizin konu\u015furken ya da yazarken yapt\u0131\u011f\u0131n\u0131z hatalar var m\u0131? \u015eu s\u0131ralar Etem ve ailesinin evinde tatl\u0131 bir heyecan var \u00e7\u00fcnk\u00fc Almanya\u2019dan gelen bir misafir a\u011f\u0131rlayacaklar. Ya\u015fad\u0131\u011f\u0131 \u00fclkede yeterince T\u00fcrk\u00e7e konu\u015famad\u0131\u011f\u0131 i\u00e7in dilimize \u00e7ok hakim olmayan \u00d6mer, Etem ve Profes\u00f6r \u00c2lim Bilgin\u2019in ba\u015f\u0131ndan ge\u00e7enleri keyifle okuyacaks\u0131n\u0131z.<\/p>\n","protected":false},"excerpt":{"rendered":"<p>\u00dcniversitede edebiyat dersleri veren Profes\u00f6r \u00c2lim Bilgin ve torunu Etem ile tan\u0131\u015f\u0131n! Bu dizide dilimiz konusunda olduk\u00e7a hassas davranan \u00c2lim Bey\u2019in ba\u015f\u0131ndan ge\u00e7en ve onu k\u0131zd\u0131ran<span class=\"excerpt-hellip\"> [\u2026]<\/span><\/p>\n","protected":false},"featured_media":0,"template":"","meta":{"_monsterinsights_skip_tracking":false,"_monsterinsights_sitenote_active":false,"_monsterinsights_sitenote_note":"","_monsterinsights_sitenote_category":0},"product_brand":[],"product_cat":[12275,12274],"product_tag":[],"class_list":{"0":"post-730315","1":"product","2":"type-product","3":"status-publish","5":"product_cat-6-12-yas-kitaplari","6":"product_cat-cocuk-ve-genclik-kitaplari","7":"pa_cilt-ciltsiz","8":"pa_tur-kitap","9":"pa_yayinevi-erdem-cocuk","10":"pa_yazar-suleyman-ezber","12":"first","13":"instock","14":"sale","15":"shipping-taxable","16":"purchasable","17":"product-type-simple"},"_links":{"self":[{"href":"https:\/\/roveyayinevi.com.tr\/index.php\/wp-json\/wp\/v2\/product\/730315","targetHints":{"allow":["GET"]}}],"collection":[{"href":"https:\/\/roveyayinevi.com.tr\/index.php\/wp-json\/wp\/v2\/product"}],"about":[{"href":"https:\/\/roveyayinevi.com.tr\/index.php\/wp-json\/wp\/v2\/types\/product"}],"wp:attachment":[{"href":"https:\/\/roveyayinevi.com.tr\/index.php\/wp-json\/wp\/v2\/media?parent=730315"}],"wp:term":[{"taxonomy":"product_brand","embeddable":true,"href":"https:\/\/roveyayinevi.com.tr\/index.php\/wp-json\/wp\/v2\/product_brand?post=730315"},{"taxonomy":"product_cat","embeddable":true,"href":"https:\/\/roveyayinevi.com.tr\/index.php\/wp-json\/wp\/v2\/product_cat?post=730315"},{"taxonomy":"product_tag","embeddable":true,"href":"https:\/\/roveyayinevi.com.tr\/index.php\/wp-json\/wp\/v2\/product_tag?post=730315"}],"curies":[{"name":"wp","href":"https:\/\/api.w.org\/{rel}","templated":true}]}}