{"id":730314,"date":"2025-08-27T21:12:15","date_gmt":"2025-08-27T18:12:15","guid":{"rendered":"https:\/\/roveyayinevi.com.tr\/index.php\/urun\/cool-olma-kendin-ol-burada-turkce-konusuyoruz-3\/"},"modified":"2026-04-16T02:37:45","modified_gmt":"2026-04-15T23:37:45","slug":"cool-olma-kendin-ol-burada-turkce-konusuyoruz-3","status":"publish","type":"product","link":"https:\/\/roveyayinevi.com.tr\/index.php\/urun\/cool-olma-kendin-ol-burada-turkce-konusuyoruz-3\/","title":{"rendered":"Cool Olma Kendin Ol! &#8211; Burada T\u00fcrk\u00e7e Konu\u015fuyoruz 3"},"content":{"rendered":"<p>\u00dcniversitede edebiyat dersleri veren Profes\u00f6r \u00c2lim Bilgin ve torunu Etem ile tan\u0131\u015f\u0131n! Bu dizide dilimiz konusunda olduk\u00e7a hassas davranan \u00c2lim Bey\u2019in ba\u015f\u0131ndan ge\u00e7en ve onu k\u0131zd\u0131ran olaylar\u0131 okuyacaks\u0131n\u0131z. Peki, sizin konu\u015furken ya da yazarken yapt\u0131\u011f\u0131n\u0131z hatalar var m\u0131?Etem ve \u00e7evresindekilerin anlatt\u0131klar\u0131na kulak verin. Hepsi \u00c2lim Bilgin ile ya\u015fad\u0131\u011f\u0131 ilgin\u00e7 bir an\u0131y\u0131 anlat\u0131yor. G\u00fcnl\u00fck hayatta kullanmaya al\u0131\u015fk\u0131n olsak da dilimizde zaten alternatifi olan kelimelerin tercih edilmemesi \u00c2lim Bey\u2019i \u00e7ok k\u0131zd\u0131r\u0131yor. Peki, sizin s\u00fcrekli kullan\u0131lmas\u0131ndan rahats\u0131z oldu\u011funuz yabanc\u0131 kelimeler var m\u0131?<\/p>\n","protected":false},"excerpt":{"rendered":"<p>\u00dcniversitede edebiyat dersleri veren Profes\u00f6r \u00c2lim Bilgin ve torunu Etem ile tan\u0131\u015f\u0131n! Bu dizide dilimiz konusunda olduk\u00e7a hassas davranan \u00c2lim Bey\u2019in ba\u015f\u0131ndan ge\u00e7en ve onu k\u0131zd\u0131ran<span class=\"excerpt-hellip\"> [\u2026]<\/span><\/p>\n","protected":false},"featured_media":0,"template":"","meta":{"_monsterinsights_skip_tracking":false,"_monsterinsights_sitenote_active":false,"_monsterinsights_sitenote_note":"","_monsterinsights_sitenote_category":0},"product_brand":[],"product_cat":[12275,12274],"product_tag":[],"class_list":{"0":"post-730314","1":"product","2":"type-product","3":"status-publish","5":"product_cat-6-12-yas-kitaplari","6":"product_cat-cocuk-ve-genclik-kitaplari","7":"pa_cilt-ciltsiz","8":"pa_tur-kitap","9":"pa_yayinevi-erdem-cocuk","10":"pa_yazar-suleyman-ezber","12":"first","13":"instock","14":"sale","15":"shipping-taxable","16":"purchasable","17":"product-type-simple"},"_links":{"self":[{"href":"https:\/\/roveyayinevi.com.tr\/index.php\/wp-json\/wp\/v2\/product\/730314","targetHints":{"allow":["GET"]}}],"collection":[{"href":"https:\/\/roveyayinevi.com.tr\/index.php\/wp-json\/wp\/v2\/product"}],"about":[{"href":"https:\/\/roveyayinevi.com.tr\/index.php\/wp-json\/wp\/v2\/types\/product"}],"wp:attachment":[{"href":"https:\/\/roveyayinevi.com.tr\/index.php\/wp-json\/wp\/v2\/media?parent=730314"}],"wp:term":[{"taxonomy":"product_brand","embeddable":true,"href":"https:\/\/roveyayinevi.com.tr\/index.php\/wp-json\/wp\/v2\/product_brand?post=730314"},{"taxonomy":"product_cat","embeddable":true,"href":"https:\/\/roveyayinevi.com.tr\/index.php\/wp-json\/wp\/v2\/product_cat?post=730314"},{"taxonomy":"product_tag","embeddable":true,"href":"https:\/\/roveyayinevi.com.tr\/index.php\/wp-json\/wp\/v2\/product_tag?post=730314"}],"curies":[{"name":"wp","href":"https:\/\/api.w.org\/{rel}","templated":true}]}}