{"id":730313,"date":"2025-08-27T21:12:14","date_gmt":"2025-08-27T18:12:14","guid":{"rendered":"https:\/\/roveyayinevi.com.tr\/index.php\/urun\/burada-turkce-konusuyoruz-5-kitap-takim\/"},"modified":"2026-04-08T02:46:51","modified_gmt":"2026-04-07T23:46:51","slug":"burada-turkce-konusuyoruz-5-kitap-takim","status":"publish","type":"product","link":"https:\/\/roveyayinevi.com.tr\/index.php\/urun\/burada-turkce-konusuyoruz-5-kitap-takim\/","title":{"rendered":"Burada T\u00fcrk\u00e7e Konu\u015fuyoruz (5 Kitap Tak\u0131m)"},"content":{"rendered":"<p>Bilmedi\u011fimiz do\u011frular, do\u011fru bildi\u011fimiz yanl\u0131\u015flar\u2026Konu\u015furken, yazarken yapt\u0131\u011f\u0131m\u0131z hatalar ve bu hatalar\u0131n sebep oldu\u011fu ileti\u015fim kazalar\u0131\u2026Bu seri T\u00fcrk\u00e7eyi do\u011fru \u015fekilde kullanabilmek i\u00e7in yol g\u00f6stermek amac\u0131yla haz\u0131rland\u0131.Seride dilimiz konusunda olduk\u00e7a hassas davranan, T\u00fcrk\u00e7e \u00e2\u015f\u0131\u011f\u0131 Profes\u00f6r \u00c2lim Bilgin ve torunu Etem\u2019in ba\u015f\u0131ndan ge\u00e7en komik olaylar\u0131 okuyacaks\u0131n\u0131z. Alim Bey\u2019in \u00f6fkesini \u00fczerinize \u00e7ekmemek i\u00e7in T\u00fcrk\u00e7eyi do\u011fru kullanman\u0131z yeterli!Setin i\u00e7indeki kitaplar:Hatal\u0131ysam S\u00f6yleSiz Var Ne Demek?Cool Olma Kendin OlSizin Orada Ne Diyorlar?Hani Derler Ya&#8230;<\/p>\n","protected":false},"excerpt":{"rendered":"<p>Bilmedi\u011fimiz do\u011frular, do\u011fru bildi\u011fimiz yanl\u0131\u015flar\u2026Konu\u015furken, yazarken yapt\u0131\u011f\u0131m\u0131z hatalar ve bu hatalar\u0131n sebep oldu\u011fu ileti\u015fim kazalar\u0131\u2026Bu seri T\u00fcrk\u00e7eyi do\u011fru \u015fekilde kullanabilmek i\u00e7in yol g\u00f6stermek amac\u0131yla haz\u0131rland\u0131.Seride dilimiz<span class=\"excerpt-hellip\"> [\u2026]<\/span><\/p>\n","protected":false},"featured_media":0,"template":"","meta":{"_monsterinsights_skip_tracking":false,"_monsterinsights_sitenote_active":false,"_monsterinsights_sitenote_note":"","_monsterinsights_sitenote_category":0},"product_brand":[],"product_cat":[12275,12274],"product_tag":[],"class_list":{"0":"post-730313","1":"product","2":"type-product","3":"status-publish","5":"product_cat-6-12-yas-kitaplari","6":"product_cat-cocuk-ve-genclik-kitaplari","7":"pa_cilt-takim","8":"pa_tur-kitap","9":"pa_yayinevi-erdem-cocuk","10":"pa_yazar-suleyman-ezber","12":"first","13":"instock","14":"sale","15":"shipping-taxable","16":"purchasable","17":"product-type-simple"},"_links":{"self":[{"href":"https:\/\/roveyayinevi.com.tr\/index.php\/wp-json\/wp\/v2\/product\/730313","targetHints":{"allow":["GET"]}}],"collection":[{"href":"https:\/\/roveyayinevi.com.tr\/index.php\/wp-json\/wp\/v2\/product"}],"about":[{"href":"https:\/\/roveyayinevi.com.tr\/index.php\/wp-json\/wp\/v2\/types\/product"}],"wp:attachment":[{"href":"https:\/\/roveyayinevi.com.tr\/index.php\/wp-json\/wp\/v2\/media?parent=730313"}],"wp:term":[{"taxonomy":"product_brand","embeddable":true,"href":"https:\/\/roveyayinevi.com.tr\/index.php\/wp-json\/wp\/v2\/product_brand?post=730313"},{"taxonomy":"product_cat","embeddable":true,"href":"https:\/\/roveyayinevi.com.tr\/index.php\/wp-json\/wp\/v2\/product_cat?post=730313"},{"taxonomy":"product_tag","embeddable":true,"href":"https:\/\/roveyayinevi.com.tr\/index.php\/wp-json\/wp\/v2\/product_tag?post=730313"}],"curies":[{"name":"wp","href":"https:\/\/api.w.org\/{rel}","templated":true}]}}