{"id":730312,"date":"2025-08-27T21:12:14","date_gmt":"2025-08-27T18:12:14","guid":{"rendered":"https:\/\/roveyayinevi.com.tr\/index.php\/urun\/engelli-calisanlarda-is-yasam-kalitesi-ve-orgutsel-sosyallesme\/"},"modified":"2026-04-16T02:37:45","modified_gmt":"2026-04-15T23:37:45","slug":"engelli-calisanlarda-is-yasam-kalitesi-ve-orgutsel-sosyallesme","status":"publish","type":"product","link":"https:\/\/roveyayinevi.com.tr\/index.php\/urun\/engelli-calisanlarda-is-yasam-kalitesi-ve-orgutsel-sosyallesme\/","title":{"rendered":"Engelli \u00c7al\u0131\u015fanlarda \u0130\u015f Ya\u015fam Kalitesi ve \u00d6rg\u00fctsel Sosyalle\u015fme"},"content":{"rendered":"<p>\u0130\u00e7indekiler Birinci B\u00f6l\u00fcm \u2013 \u0130\u015f Ya\u015fam Kalitesi \u0130kinci B\u00f6l\u00fcm \u2013 \u00d6rg\u00fctsel Sosyalle\u015fme \u00dc\u00e7\u00fcnc\u00fc B\u00f6l\u00fcm \u2013 Engellilik \u0130le \u0130lgili Kuramsal \u00c7er\u00e7eve D\u00f6rd\u00fcnc\u00fc B\u00f6l\u00fcm \u2013 Engelli \u00c7al\u0131\u015fanlar\u0131n \u0130\u015f Ya\u015fam Kalitelerinin \u00d6rg\u00fctsel Sosyalle\u015fme \u00dczerindeki Etkisine Y\u00f6nelik Bir Ara\u015ft\u0131rma: Burdur \u0130li \u00d6rne\u011fi <\/p>\n","protected":false},"excerpt":{"rendered":"<p>\u0130\u00e7indekiler Birinci B\u00f6l\u00fcm \u2013 \u0130\u015f Ya\u015fam Kalitesi \u0130kinci B\u00f6l\u00fcm \u2013 \u00d6rg\u00fctsel Sosyalle\u015fme \u00dc\u00e7\u00fcnc\u00fc B\u00f6l\u00fcm \u2013 Engellilik \u0130le \u0130lgili Kuramsal \u00c7er\u00e7eve D\u00f6rd\u00fcnc\u00fc B\u00f6l\u00fcm \u2013 Engelli \u00c7al\u0131\u015fanlar\u0131n \u0130\u015f<span class=\"excerpt-hellip\"> [\u2026]<\/span><\/p>\n","protected":false},"featured_media":0,"template":"","meta":{"_monsterinsights_skip_tracking":false,"_monsterinsights_sitenote_active":false,"_monsterinsights_sitenote_note":"","_monsterinsights_sitenote_category":0},"product_brand":[],"product_cat":[12835,12324],"product_tag":[],"class_list":{"0":"post-730312","1":"product","2":"type-product","3":"status-publish","5":"product_cat-genel-sosyoloji","6":"product_cat-sosyoloji","7":"pa_cilt-ciltsiz","8":"pa_tur-kitap","9":"pa_yayinevi-gazi-kitabevi","10":"pa_yazar-merve-nacak-huseyin-cicek","12":"first","13":"instock","14":"sale","15":"shipping-taxable","16":"purchasable","17":"product-type-simple"},"_links":{"self":[{"href":"https:\/\/roveyayinevi.com.tr\/index.php\/wp-json\/wp\/v2\/product\/730312","targetHints":{"allow":["GET"]}}],"collection":[{"href":"https:\/\/roveyayinevi.com.tr\/index.php\/wp-json\/wp\/v2\/product"}],"about":[{"href":"https:\/\/roveyayinevi.com.tr\/index.php\/wp-json\/wp\/v2\/types\/product"}],"wp:attachment":[{"href":"https:\/\/roveyayinevi.com.tr\/index.php\/wp-json\/wp\/v2\/media?parent=730312"}],"wp:term":[{"taxonomy":"product_brand","embeddable":true,"href":"https:\/\/roveyayinevi.com.tr\/index.php\/wp-json\/wp\/v2\/product_brand?post=730312"},{"taxonomy":"product_cat","embeddable":true,"href":"https:\/\/roveyayinevi.com.tr\/index.php\/wp-json\/wp\/v2\/product_cat?post=730312"},{"taxonomy":"product_tag","embeddable":true,"href":"https:\/\/roveyayinevi.com.tr\/index.php\/wp-json\/wp\/v2\/product_tag?post=730312"}],"curies":[{"name":"wp","href":"https:\/\/api.w.org\/{rel}","templated":true}]}}