{"id":730311,"date":"2025-08-27T21:12:13","date_gmt":"2025-08-27T18:12:13","guid":{"rendered":"https:\/\/roveyayinevi.com.tr\/index.php\/urun\/sizin-orada-ne-diyorlar-burada-turkce-konusuyoruz-4\/"},"modified":"2026-04-16T02:37:45","modified_gmt":"2026-04-15T23:37:45","slug":"sizin-orada-ne-diyorlar-burada-turkce-konusuyoruz-4","status":"publish","type":"product","link":"https:\/\/roveyayinevi.com.tr\/index.php\/urun\/sizin-orada-ne-diyorlar-burada-turkce-konusuyoruz-4\/","title":{"rendered":"Sizin Orada Ne Diyorlar? &#8211; Burada T\u00fcrk\u00e7e Konu\u015fuyoruz 4"},"content":{"rendered":"<p>\u00dcniversitede edebiyat dersleri veren Profes\u00f6r \u00c2lim Bilgin ve torunu Etem ile tan\u0131\u015f\u0131n! Bu dizide dilimiz konusunda olduk\u00e7a hassas davranan \u00c2lim Bey\u2019in ba\u015f\u0131ndan ge\u00e7en ve onu k\u0131zd\u0131ran olaylar\u0131 okuyacaks\u0131n\u0131z. Peki, sizin konu\u015furken ya da yazarken yapt\u0131\u011f\u0131n\u0131z hatalar var m\u0131?Etem bu defa ailesiyle birlikte \u00e7\u0131kt\u0131\u011f\u0131 g\u00fczel bir tatil turuyla kar\u015f\u0131n\u0131zda! Karadeniz\u2019de ba\u015flayan tatil maceras\u0131 Konya\u2019dan \u0130stanbul\u2019a uzan\u0131yor. Etem tatil boyunca bir s\u00fcr\u00fc y\u00f6resel kelime \u00f6\u011freniyor. \u00c2lim Bilgin ise \u015fehirde hi\u00e7 yan\u0131ndan ayr\u0131lmayan torununun y\u00fcz\u00fcn\u00fc tatilde g\u00f6rememekten muzdarip. Sizin memleketinize \u00f6zg\u00fc kelimeler neler?<\/p>\n","protected":false},"excerpt":{"rendered":"<p>\u00dcniversitede edebiyat dersleri veren Profes\u00f6r \u00c2lim Bilgin ve torunu Etem ile tan\u0131\u015f\u0131n! Bu dizide dilimiz konusunda olduk\u00e7a hassas davranan \u00c2lim Bey\u2019in ba\u015f\u0131ndan ge\u00e7en ve onu k\u0131zd\u0131ran<span class=\"excerpt-hellip\"> [\u2026]<\/span><\/p>\n","protected":false},"featured_media":0,"template":"","meta":{"_monsterinsights_skip_tracking":false,"_monsterinsights_sitenote_active":false,"_monsterinsights_sitenote_note":"","_monsterinsights_sitenote_category":0},"product_brand":[],"product_cat":[12275,12274],"product_tag":[],"class_list":{"0":"post-730311","1":"product","2":"type-product","3":"status-publish","5":"product_cat-6-12-yas-kitaplari","6":"product_cat-cocuk-ve-genclik-kitaplari","7":"pa_cilt-ciltsiz","8":"pa_tur-kitap","9":"pa_yayinevi-erdem-cocuk","10":"pa_yazar-suleyman-ezber","12":"first","13":"instock","14":"sale","15":"shipping-taxable","16":"purchasable","17":"product-type-simple"},"_links":{"self":[{"href":"https:\/\/roveyayinevi.com.tr\/index.php\/wp-json\/wp\/v2\/product\/730311","targetHints":{"allow":["GET"]}}],"collection":[{"href":"https:\/\/roveyayinevi.com.tr\/index.php\/wp-json\/wp\/v2\/product"}],"about":[{"href":"https:\/\/roveyayinevi.com.tr\/index.php\/wp-json\/wp\/v2\/types\/product"}],"wp:attachment":[{"href":"https:\/\/roveyayinevi.com.tr\/index.php\/wp-json\/wp\/v2\/media?parent=730311"}],"wp:term":[{"taxonomy":"product_brand","embeddable":true,"href":"https:\/\/roveyayinevi.com.tr\/index.php\/wp-json\/wp\/v2\/product_brand?post=730311"},{"taxonomy":"product_cat","embeddable":true,"href":"https:\/\/roveyayinevi.com.tr\/index.php\/wp-json\/wp\/v2\/product_cat?post=730311"},{"taxonomy":"product_tag","embeddable":true,"href":"https:\/\/roveyayinevi.com.tr\/index.php\/wp-json\/wp\/v2\/product_tag?post=730311"}],"curies":[{"name":"wp","href":"https:\/\/api.w.org\/{rel}","templated":true}]}}