{"id":730309,"date":"2025-08-27T21:12:11","date_gmt":"2025-08-27T18:12:11","guid":{"rendered":"https:\/\/roveyayinevi.com.tr\/index.php\/urun\/sanatsal-ve-arkeolojik-nesneler-icin-malzeme-nitelendirme-testleri\/"},"modified":"2026-04-16T02:37:45","modified_gmt":"2026-04-15T23:37:45","slug":"sanatsal-ve-arkeolojik-nesneler-icin-malzeme-nitelendirme-testleri","status":"publish","type":"product","link":"https:\/\/roveyayinevi.com.tr\/index.php\/urun\/sanatsal-ve-arkeolojik-nesneler-icin-malzeme-nitelendirme-testleri\/","title":{"rendered":"Sanatsal ve Arkeolojik Nesneler \u0130\u00e7in Malzeme Nitelendirme Testleri"},"content":{"rendered":"<p>ANAMED\u2019in \u00e7al\u0131\u015fma alanlar\u0131nda referans kitab\u0131 olu\u015fturma amac\u0131yla ba\u015flatt\u0131\u011f\u0131 serinin ikinci kitab\u0131 Sanatsal ve Arkeolojik Nesneler i\u00e7in Malzeme Nitelendirme Testleri: \u0130kinci Bask\u0131 \u015eubat 2021\u2019de yay\u0131mland\u0131. \u0130ngilizce orijinal versiyonu, Material Characterization Tests for Objects of Art and Archaeology: Second Edition (Londra: Archetype Publications) 2005 senesinde yay\u0131mlanan kitab\u0131n \u00e7evirisini Duygu Tarkan \u00fcstlendi. Bu kitapta yer alan testler, metaller, inorganik malzemeler ve organik malzemeler i\u00e7indir ve pH, \u00f6zg\u00fcl a\u011f\u0131rl\u0131k ve sertlik gibi genel karakteristik \u00f6zellikleri i\u00e7ermektedir. Malzemelerin nitelendirilmesi ve konservasyon kararlar\u0131na pratik uygulamalar sunan bu testlerin derlenmesinin ve \u00e7evirisinin, eserler ile \u00e7al\u0131\u015fan \u00e7e\u015fitli disiplinler i\u00e7in de\u011ferli olmas\u0131n\u0131 umuyoruz. <\/p>\n","protected":false},"excerpt":{"rendered":"<p>ANAMED\u2019in \u00e7al\u0131\u015fma alanlar\u0131nda referans kitab\u0131 olu\u015fturma amac\u0131yla ba\u015flatt\u0131\u011f\u0131 serinin ikinci kitab\u0131 Sanatsal ve Arkeolojik Nesneler i\u00e7in Malzeme Nitelendirme Testleri: \u0130kinci Bask\u0131 \u015eubat 2021\u2019de yay\u0131mland\u0131. \u0130ngilizce orijinal<span class=\"excerpt-hellip\"> [\u2026]<\/span><\/p>\n","protected":false},"featured_media":0,"template":"","meta":{"_monsterinsights_skip_tracking":false,"_monsterinsights_sitenote_active":false,"_monsterinsights_sitenote_note":"","_monsterinsights_sitenote_category":0},"product_brand":[],"product_cat":[44608,12408],"product_tag":[],"class_list":{"0":"post-730309","1":"product","2":"type-product","3":"status-publish","5":"product_cat-diger-sanat","6":"product_cat-sanat","7":"pa_cilt-ciltsiz","8":"pa_tur-kitap","9":"pa_yayinevi-koc-universitesi-yayinlari","10":"pa_yazar-koc-universitesi-yayinlari-kolektif","12":"first","13":"instock","14":"sale","15":"shipping-taxable","16":"purchasable","17":"product-type-simple"},"_links":{"self":[{"href":"https:\/\/roveyayinevi.com.tr\/index.php\/wp-json\/wp\/v2\/product\/730309","targetHints":{"allow":["GET"]}}],"collection":[{"href":"https:\/\/roveyayinevi.com.tr\/index.php\/wp-json\/wp\/v2\/product"}],"about":[{"href":"https:\/\/roveyayinevi.com.tr\/index.php\/wp-json\/wp\/v2\/types\/product"}],"wp:attachment":[{"href":"https:\/\/roveyayinevi.com.tr\/index.php\/wp-json\/wp\/v2\/media?parent=730309"}],"wp:term":[{"taxonomy":"product_brand","embeddable":true,"href":"https:\/\/roveyayinevi.com.tr\/index.php\/wp-json\/wp\/v2\/product_brand?post=730309"},{"taxonomy":"product_cat","embeddable":true,"href":"https:\/\/roveyayinevi.com.tr\/index.php\/wp-json\/wp\/v2\/product_cat?post=730309"},{"taxonomy":"product_tag","embeddable":true,"href":"https:\/\/roveyayinevi.com.tr\/index.php\/wp-json\/wp\/v2\/product_tag?post=730309"}],"curies":[{"name":"wp","href":"https:\/\/api.w.org\/{rel}","templated":true}]}}