{"id":730308,"date":"2025-08-27T21:12:10","date_gmt":"2025-08-27T18:12:10","guid":{"rendered":"https:\/\/roveyayinevi.com.tr\/index.php\/urun\/hopalupa-kardesler-kayip-sehir\/"},"modified":"2026-04-16T02:37:45","modified_gmt":"2026-04-15T23:37:45","slug":"hopalupa-kardesler-kayip-sehir","status":"publish","type":"product","link":"https:\/\/roveyayinevi.com.tr\/index.php\/urun\/hopalupa-kardesler-kayip-sehir\/","title":{"rendered":"Hopalupa Karde\u015fler \u2013 Kay\u0131p \u015eehir"},"content":{"rendered":"<p>Var m\u0131s\u0131n\u0131z yeni bir maceraya?Hopalupa Karde\u015fler \u00c7in Seddi ve Kuzey Kutbu yolculuklar\u0131ndan sonra bu kitapta da \u0130nka Uygarl\u0131\u011f\u0131\u2019n\u0131n kalbine, Kay\u0131p \u015eehir\u2019e gidiyorlar. Hopalupa Karde\u015fler\u2019in maceralar\u0131na yine Bet\u00fcl Akzambaklar harika resimleriyle e\u015flik ediyor<\/p>\n","protected":false},"excerpt":{"rendered":"<p>Var m\u0131s\u0131n\u0131z yeni bir maceraya?Hopalupa Karde\u015fler \u00c7in Seddi ve Kuzey Kutbu yolculuklar\u0131ndan sonra bu kitapta da \u0130nka Uygarl\u0131\u011f\u0131\u2019n\u0131n kalbine, Kay\u0131p \u015eehir\u2019e gidiyorlar. Hopalupa Karde\u015fler\u2019in maceralar\u0131na yine<span class=\"excerpt-hellip\"> [\u2026]<\/span><\/p>\n","protected":false},"featured_media":0,"template":"","meta":{"_monsterinsights_skip_tracking":false,"_monsterinsights_sitenote_active":false,"_monsterinsights_sitenote_note":"","_monsterinsights_sitenote_category":0},"product_brand":[],"product_cat":[12275,12274],"product_tag":[],"class_list":{"0":"post-730308","1":"product","2":"type-product","3":"status-publish","5":"product_cat-6-12-yas-kitaplari","6":"product_cat-cocuk-ve-genclik-kitaplari","7":"pa_cilt-ciltsiz","8":"pa_tur-kitap","9":"pa_yayinevi-yapi-kredi-yayinlari","10":"pa_yazar-arif-duzgun-akbayir","12":"first","13":"instock","14":"sale","15":"shipping-taxable","16":"purchasable","17":"product-type-simple"},"_links":{"self":[{"href":"https:\/\/roveyayinevi.com.tr\/index.php\/wp-json\/wp\/v2\/product\/730308","targetHints":{"allow":["GET"]}}],"collection":[{"href":"https:\/\/roveyayinevi.com.tr\/index.php\/wp-json\/wp\/v2\/product"}],"about":[{"href":"https:\/\/roveyayinevi.com.tr\/index.php\/wp-json\/wp\/v2\/types\/product"}],"wp:attachment":[{"href":"https:\/\/roveyayinevi.com.tr\/index.php\/wp-json\/wp\/v2\/media?parent=730308"}],"wp:term":[{"taxonomy":"product_brand","embeddable":true,"href":"https:\/\/roveyayinevi.com.tr\/index.php\/wp-json\/wp\/v2\/product_brand?post=730308"},{"taxonomy":"product_cat","embeddable":true,"href":"https:\/\/roveyayinevi.com.tr\/index.php\/wp-json\/wp\/v2\/product_cat?post=730308"},{"taxonomy":"product_tag","embeddable":true,"href":"https:\/\/roveyayinevi.com.tr\/index.php\/wp-json\/wp\/v2\/product_tag?post=730308"}],"curies":[{"name":"wp","href":"https:\/\/api.w.org\/{rel}","templated":true}]}}