{"id":730307,"date":"2025-08-27T21:12:09","date_gmt":"2025-08-27T18:12:09","guid":{"rendered":"https:\/\/roveyayinevi.com.tr\/index.php\/urun\/baskomser-nevzat-1-cicekcinin-olumu\/"},"modified":"2026-04-16T02:37:45","modified_gmt":"2026-04-15T23:37:45","slug":"baskomser-nevzat-1-cicekcinin-olumu","status":"publish","type":"product","link":"https:\/\/roveyayinevi.com.tr\/index.php\/urun\/baskomser-nevzat-1-cicekcinin-olumu\/","title":{"rendered":"Ba\u015fkomser Nevzat 1 \u2013 \u00c7i\u00e7ek\u00e7inin \u00d6l\u00fcm\u00fc"},"content":{"rendered":"<p>Bir Usta Yazar, \u0130ki Usta \u00c7izer, \u00dc\u00e7 \u00c7arp\u0131c\u0131 \u00c7izgi Roman Ahmet \u00dcmit okurlar\u0131n\u0131n zihinlerinde canland\u0131rd\u0131\u011f\u0131 d\u00fcnyas\u0131 bu kez \u00e7izgi d\u00fcnyam\u0131z\u0131n iki ustas\u0131 \u0130smail G\u00fclge\u00e7&#8217;le Apt\u00fclika&#8217;n\u0131n kareleriyle hayat buluyor. \u00dcmit&#8217;in polisiye roman ve \u00f6yk\u00fclerinin efsanevi kahraman\u0131 Ba\u015fkomser Nevzat, bizi bu \u00fc\u00e7 \u00e7arp\u0131c\u0131 macerada, yard\u0131mc\u0131lar\u0131 Komiser Ali ve Kriminolog Zeynep&#8217;le beraber \u0130stanbul&#8217;un kadim semtlerinden farkl\u0131 toplumsal ya\u015fant\u0131lar\u0131n d\u00fcnyas\u0131na, insan\u0131n a\u015fk ve onurunu korumak i\u00e7in neler yapabilece\u011fi ile y\u00fcz y\u00fcze getiriyor. Her katilin bir hik\u00e2yesi vard\u0131r. O hik\u00e2ye ki size insan\u0131 anlat\u0131r. AHMET \u00dcM\u0130T Bir su\u00e7luyu daha yakalamak&#8230; Batakl\u0131kta sivrisinek avlad\u0131\u011f\u0131n\u0131n fark\u0131ndayd\u0131&#8230; Polisli\u011fin insan \u00f6\u011f\u00fcten bir meslek oldu\u011funu \u00e7oktan fark etmi\u015fti&#8230; \u0130yi de polislik ger\u00e7ek anlamda bir \u201ci\u015f\u201d mi? BA\u015eKOMSER NEVZAT<\/p>\n","protected":false},"excerpt":{"rendered":"<p>Bir Usta Yazar, \u0130ki Usta \u00c7izer, \u00dc\u00e7 \u00c7arp\u0131c\u0131 \u00c7izgi Roman Ahmet \u00dcmit okurlar\u0131n\u0131n zihinlerinde canland\u0131rd\u0131\u011f\u0131 d\u00fcnyas\u0131 bu kez \u00e7izgi d\u00fcnyam\u0131z\u0131n iki ustas\u0131 \u0130smail G\u00fclge\u00e7&#8217;le Apt\u00fclika&#8217;n\u0131n kareleriyle<span class=\"excerpt-hellip\"> [\u2026]<\/span><\/p>\n","protected":false},"featured_media":0,"template":"","meta":{"_monsterinsights_skip_tracking":false,"_monsterinsights_sitenote_active":false,"_monsterinsights_sitenote_note":"","_monsterinsights_sitenote_category":0},"product_brand":[],"product_cat":[12291,12711],"product_tag":[],"class_list":{"0":"post-730307","1":"product","2":"type-product","3":"status-publish","5":"product_cat-edebiyat","6":"product_cat-roman-oyku","7":"pa_cilt-ciltsiz","8":"pa_tur-kitap","9":"pa_yayinevi-yapi-kredi-yayinlari","10":"pa_yazar-ahmet-umit","12":"first","13":"instock","14":"sale","15":"shipping-taxable","16":"purchasable","17":"product-type-simple"},"_links":{"self":[{"href":"https:\/\/roveyayinevi.com.tr\/index.php\/wp-json\/wp\/v2\/product\/730307","targetHints":{"allow":["GET"]}}],"collection":[{"href":"https:\/\/roveyayinevi.com.tr\/index.php\/wp-json\/wp\/v2\/product"}],"about":[{"href":"https:\/\/roveyayinevi.com.tr\/index.php\/wp-json\/wp\/v2\/types\/product"}],"wp:attachment":[{"href":"https:\/\/roveyayinevi.com.tr\/index.php\/wp-json\/wp\/v2\/media?parent=730307"}],"wp:term":[{"taxonomy":"product_brand","embeddable":true,"href":"https:\/\/roveyayinevi.com.tr\/index.php\/wp-json\/wp\/v2\/product_brand?post=730307"},{"taxonomy":"product_cat","embeddable":true,"href":"https:\/\/roveyayinevi.com.tr\/index.php\/wp-json\/wp\/v2\/product_cat?post=730307"},{"taxonomy":"product_tag","embeddable":true,"href":"https:\/\/roveyayinevi.com.tr\/index.php\/wp-json\/wp\/v2\/product_tag?post=730307"}],"curies":[{"name":"wp","href":"https:\/\/api.w.org\/{rel}","templated":true}]}}