{"id":730306,"date":"2025-08-27T21:12:08","date_gmt":"2025-08-27T18:12:08","guid":{"rendered":"https:\/\/roveyayinevi.com.tr\/index.php\/urun\/bir-serap-gunce\/"},"modified":"2026-04-16T02:37:45","modified_gmt":"2026-04-15T23:37:45","slug":"bir-serap-gunce","status":"publish","type":"product","link":"https:\/\/roveyayinevi.com.tr\/index.php\/urun\/bir-serap-gunce\/","title":{"rendered":"Bir Serap G\u00fcnce"},"content":{"rendered":"<p>Ku\u015fa\u011f\u0131 aras\u0131nda kendine \u00f6zg\u00fc bir yere ve bi\u00e7eme sahip olan Or\u00e7un T\u00fcrkay\u2019dan yeni bir kitap: Bir Serap G\u00fcnce. Ger\u00e7eklikle beslenen hayallerin tutuldu\u011fu bir yas g\u00fcnl\u00fc\u011f\u00fc. Uzunca bir burnu, geni\u015f\u00e7e bir a\u011fz\u0131 vard\u0131. A\u011fz\u0131n\u0131 b\u00fczerek g\u00fcl\u00fcyor, g\u00f6zleri doluyordu. \u201cAnnem \u00e7ok g\u00fczeldi\u201d dedi. Tun\u00e7 Bey\u2019le (YKY, 2018) aral\u0131k b\u0131rakt\u0131\u011f\u0131 kap\u0131y\u0131 kapatmadan ilerliyor Or\u00e7un T\u00fcrkay. Bir Serap G\u00fcnce y\u00fcklerinden ar\u0131nm\u0131\u015f, \u00f6l\u00fcm korkusunu yenmi\u015f bir anlat\u0131. Bir kay\u0131p sonras\u0131 ya\u015fanan edebi art\u00e7\u0131 sars\u0131nt\u0131&#8230; <\/p>\n","protected":false},"excerpt":{"rendered":"<p>Ku\u015fa\u011f\u0131 aras\u0131nda kendine \u00f6zg\u00fc bir yere ve bi\u00e7eme sahip olan Or\u00e7un T\u00fcrkay\u2019dan yeni bir kitap: Bir Serap G\u00fcnce. Ger\u00e7eklikle beslenen hayallerin tutuldu\u011fu bir yas g\u00fcnl\u00fc\u011f\u00fc. Uzunca<span class=\"excerpt-hellip\"> [\u2026]<\/span><\/p>\n","protected":false},"featured_media":0,"template":"","meta":{"_monsterinsights_skip_tracking":false,"_monsterinsights_sitenote_active":false,"_monsterinsights_sitenote_note":"","_monsterinsights_sitenote_category":0},"product_brand":[],"product_cat":[18545,12291],"product_tag":[],"class_list":{"0":"post-730306","1":"product","2":"type-product","3":"status-publish","5":"product_cat-anlati","6":"product_cat-edebiyat","7":"pa_cilt-ciltsiz","8":"pa_tur-kitap","9":"pa_yayinevi-yapi-kredi-yayinlari","10":"pa_yazar-orcun-turkay","12":"first","13":"instock","14":"sale","15":"shipping-taxable","16":"purchasable","17":"product-type-simple"},"_links":{"self":[{"href":"https:\/\/roveyayinevi.com.tr\/index.php\/wp-json\/wp\/v2\/product\/730306","targetHints":{"allow":["GET"]}}],"collection":[{"href":"https:\/\/roveyayinevi.com.tr\/index.php\/wp-json\/wp\/v2\/product"}],"about":[{"href":"https:\/\/roveyayinevi.com.tr\/index.php\/wp-json\/wp\/v2\/types\/product"}],"wp:attachment":[{"href":"https:\/\/roveyayinevi.com.tr\/index.php\/wp-json\/wp\/v2\/media?parent=730306"}],"wp:term":[{"taxonomy":"product_brand","embeddable":true,"href":"https:\/\/roveyayinevi.com.tr\/index.php\/wp-json\/wp\/v2\/product_brand?post=730306"},{"taxonomy":"product_cat","embeddable":true,"href":"https:\/\/roveyayinevi.com.tr\/index.php\/wp-json\/wp\/v2\/product_cat?post=730306"},{"taxonomy":"product_tag","embeddable":true,"href":"https:\/\/roveyayinevi.com.tr\/index.php\/wp-json\/wp\/v2\/product_tag?post=730306"}],"curies":[{"name":"wp","href":"https:\/\/api.w.org\/{rel}","templated":true}]}}