{"id":730304,"date":"2025-08-27T21:12:06","date_gmt":"2025-08-27T18:12:06","guid":{"rendered":"https:\/\/roveyayinevi.com.tr\/index.php\/urun\/kivilcim\/"},"modified":"2026-04-16T02:37:45","modified_gmt":"2026-04-15T23:37:45","slug":"kivilcim","status":"publish","type":"product","link":"https:\/\/roveyayinevi.com.tr\/index.php\/urun\/kivilcim\/","title":{"rendered":"K\u0131v\u0131lc\u0131m"},"content":{"rendered":"<p>Asker\u00ee T\u0131bbiye-i \u015e\u00e2h\u00e2ne\u2019nin isyank\u00e2r ve ayd\u0131nlanmac\u0131 koridorlar\u0131nda ba\u015flayan upuzun bir hik\u00e2ye.\u00c7\u0131lg\u0131n ruhlu T\u0131bbiye talebelerini g\u00f6zetip kollayan muallim muavini H\u00fcseyinzade Ali Bey\u2019in d\u00f6rt bir yanda dola\u015fan g\u00f6lgesi.Karacaahmet Mezarl\u0131\u011f\u0131\u2019nda harlat\u0131lan k\u0131v\u0131lc\u0131mlardan T\u00fcrk Oca\u011f\u0131 do\u011facakt\u0131r.Bu roman bir milletin k\u00fcllerinden dirili\u015finin hik\u00e2yesidir.Ocak, payitaht \u0130stanbul\u2019un bir mezarl\u0131\u011f\u0131nda tutu\u015fturulur ve Budape\u015fte\u2019den Ka\u015fgar\u2019a kadar s\u0131\u00e7rayan k\u0131v\u0131lc\u0131mlar T\u00fcrk Yurdu\u2019nu yeniden \u0131\u015f\u0131t\u0131r.Yusuf Ak\u00e7ura\u2019lar\u0131n, Ziya G\u00f6kalp\u2019lar\u0131n, Hamdullah Suphi\u2019lerin \u00e7evresindeki \u00fclk\u00fcc\u00fc T\u00fcrk gen\u00e7li\u011fi a\u015fklar\u0131yla ve fedak\u00e2rl\u0131klar\u0131yla bug\u00fcn\u00fcn T\u00fcrkl\u00fc\u011f\u00fcne sesleniyor.Onlar buradalar!Siz neredesiniz?<\/p>\n","protected":false},"excerpt":{"rendered":"<p>Asker\u00ee T\u0131bbiye-i \u015e\u00e2h\u00e2ne\u2019nin isyank\u00e2r ve ayd\u0131nlanmac\u0131 koridorlar\u0131nda ba\u015flayan upuzun bir hik\u00e2ye.\u00c7\u0131lg\u0131n ruhlu T\u0131bbiye talebelerini g\u00f6zetip kollayan muallim muavini H\u00fcseyinzade Ali Bey\u2019in d\u00f6rt bir yanda dola\u015fan g\u00f6lgesi.Karacaahmet<span class=\"excerpt-hellip\"> [\u2026]<\/span><\/p>\n","protected":false},"featured_media":0,"template":"","meta":{"_monsterinsights_skip_tracking":false,"_monsterinsights_sitenote_active":false,"_monsterinsights_sitenote_note":"","_monsterinsights_sitenote_category":0},"product_brand":[],"product_cat":[12291,12711],"product_tag":[],"class_list":{"0":"post-730304","1":"product","2":"type-product","3":"status-publish","5":"product_cat-edebiyat","6":"product_cat-roman-oyku","7":"pa_cilt-ciltsiz","8":"pa_tur-kitap","9":"pa_yayinevi-otuken-nesriyat","10":"pa_yazar-metin-savas","12":"first","13":"instock","14":"sale","15":"shipping-taxable","16":"purchasable","17":"product-type-simple"},"_links":{"self":[{"href":"https:\/\/roveyayinevi.com.tr\/index.php\/wp-json\/wp\/v2\/product\/730304","targetHints":{"allow":["GET"]}}],"collection":[{"href":"https:\/\/roveyayinevi.com.tr\/index.php\/wp-json\/wp\/v2\/product"}],"about":[{"href":"https:\/\/roveyayinevi.com.tr\/index.php\/wp-json\/wp\/v2\/types\/product"}],"wp:attachment":[{"href":"https:\/\/roveyayinevi.com.tr\/index.php\/wp-json\/wp\/v2\/media?parent=730304"}],"wp:term":[{"taxonomy":"product_brand","embeddable":true,"href":"https:\/\/roveyayinevi.com.tr\/index.php\/wp-json\/wp\/v2\/product_brand?post=730304"},{"taxonomy":"product_cat","embeddable":true,"href":"https:\/\/roveyayinevi.com.tr\/index.php\/wp-json\/wp\/v2\/product_cat?post=730304"},{"taxonomy":"product_tag","embeddable":true,"href":"https:\/\/roveyayinevi.com.tr\/index.php\/wp-json\/wp\/v2\/product_tag?post=730304"}],"curies":[{"name":"wp","href":"https:\/\/api.w.org\/{rel}","templated":true}]}}