{"id":730303,"date":"2025-08-27T21:12:05","date_gmt":"2025-08-27T18:12:05","guid":{"rendered":"https:\/\/roveyayinevi.com.tr\/index.php\/urun\/seyh-bedreddin-tasavvuf-ve-isyan\/"},"modified":"2026-04-16T02:37:45","modified_gmt":"2026-04-15T23:37:45","slug":"seyh-bedreddin-tasavvuf-ve-isyan","status":"publish","type":"product","link":"https:\/\/roveyayinevi.com.tr\/index.php\/urun\/seyh-bedreddin-tasavvuf-ve-isyan\/","title":{"rendered":"\u015eeyh Bedreddin Tasavvuf Ve \u0130syan"},"content":{"rendered":"<p>Mevlana Celaleddin Rum\u00ee, Hac\u0131 Bekta\u015f, Yunus Emre ve \u0130bn Arabi gibi mutasavv\u0131flar\u0131n dinler\u00fcst\u00fc uzla\u015ft\u0131rmac\u0131 tavr\u0131 Anadolu\u2019daki ho\u015fg\u00f6r\u00fcl\u00fc tasavvuf anlay\u0131\u015f\u0131n\u0131n kayna\u011f\u0131n\u0131 olu\u015fturmaktad\u0131r. Michel Balivet\u2019ye g\u00f6re bu mistik \u015fahsiyetlerin fikirleri ve \u00f6nc\u00fcl\u00fc\u011f\u00fc, H\u0131ristiyan n\u00fcfus ile \u00e7o\u011funlu\u011funu T\u00fcrklerin olu\u015fturdu\u011fu M\u00fcsl\u00fcman halk\u0131n, Anadolu\u2019da ortak bir co\u011frafyay\u0131 payla\u015farak farkl\u0131 inan\u00e7lar\u0131n temelde birlik bulmas\u0131n\u0131 sa\u011flam\u0131\u015ft\u0131r. Tasavvuf ve \u0130syan, \u015fahsiyeti ve tasavvuf anlay\u0131\u015f\u0131n\u0131n olu\u015fumunda Anadolu ve Balkan miraslar\u0131n\u0131n \u00f6nemi yads\u0131namayacak olan \u015eeyh Bedreddin\u2019in Edirne\u2019den Kahire\u2019ye uzanan e\u011fitim hayat\u0131n\u0131, H\u00fcseyin Ahlat\u00ee\u2019yle tan\u0131\u015fmas\u0131n\u0131, fikir hayat\u0131ndaki d\u00f6n\u00fc\u015f\u00fcmleri, isyana do\u011fru giden s\u00fcreci ve idam\u0131n\u0131 ayr\u0131nt\u0131lar\u0131yla ele almaktad\u0131r. Michel Balivet, Bedreddin\u2019in torunu Haf\u0131z Halil\u2019in kaleme ald\u0131\u011f\u0131 Menak\u0131bn\u00e2me\u2019nin ve d\u00f6nemin di\u011fer kaynaklar\u0131n\u0131n kar\u015f\u0131la\u015ft\u0131rmal\u0131 incelemesine dayanan bu eserle, \u015eeyh Bedreddin\u2019in siyasal ve toplumsal gerilimlerin kesi\u015fme noktas\u0131nda yer ald\u0131\u011f\u0131n\u0131 kan\u0131tlamaktad\u0131r. <\/p>\n","protected":false},"excerpt":{"rendered":"<p>Mevlana Celaleddin Rum\u00ee, Hac\u0131 Bekta\u015f, Yunus Emre ve \u0130bn Arabi gibi mutasavv\u0131flar\u0131n dinler\u00fcst\u00fc uzla\u015ft\u0131rmac\u0131 tavr\u0131 Anadolu\u2019daki ho\u015fg\u00f6r\u00fcl\u00fc tasavvuf anlay\u0131\u015f\u0131n\u0131n kayna\u011f\u0131n\u0131 olu\u015fturmaktad\u0131r. Michel Balivet\u2019ye g\u00f6re bu mistik<span class=\"excerpt-hellip\"> [\u2026]<\/span><\/p>\n","protected":false},"featured_media":0,"template":"","meta":{"_monsterinsights_skip_tracking":false,"_monsterinsights_sitenote_active":false,"_monsterinsights_sitenote_note":"","_monsterinsights_sitenote_category":0},"product_brand":[],"product_cat":[13036,12718,12719],"product_tag":[],"class_list":{"0":"post-730303","1":"product","2":"type-product","3":"status-publish","5":"product_cat-arastirma-inceleme-islam","6":"product_cat-din","7":"product_cat-islam","8":"pa_cilt-ciltsiz","9":"pa_tur-kitap","10":"pa_yayinevi-alfa-yayinlari","11":"pa_yazar-michel-balivet","13":"first","14":"instock","15":"sale","16":"shipping-taxable","17":"purchasable","18":"product-type-simple"},"_links":{"self":[{"href":"https:\/\/roveyayinevi.com.tr\/index.php\/wp-json\/wp\/v2\/product\/730303","targetHints":{"allow":["GET"]}}],"collection":[{"href":"https:\/\/roveyayinevi.com.tr\/index.php\/wp-json\/wp\/v2\/product"}],"about":[{"href":"https:\/\/roveyayinevi.com.tr\/index.php\/wp-json\/wp\/v2\/types\/product"}],"wp:attachment":[{"href":"https:\/\/roveyayinevi.com.tr\/index.php\/wp-json\/wp\/v2\/media?parent=730303"}],"wp:term":[{"taxonomy":"product_brand","embeddable":true,"href":"https:\/\/roveyayinevi.com.tr\/index.php\/wp-json\/wp\/v2\/product_brand?post=730303"},{"taxonomy":"product_cat","embeddable":true,"href":"https:\/\/roveyayinevi.com.tr\/index.php\/wp-json\/wp\/v2\/product_cat?post=730303"},{"taxonomy":"product_tag","embeddable":true,"href":"https:\/\/roveyayinevi.com.tr\/index.php\/wp-json\/wp\/v2\/product_tag?post=730303"}],"curies":[{"name":"wp","href":"https:\/\/api.w.org\/{rel}","templated":true}]}}