{"id":730302,"date":"2025-08-27T21:12:04","date_gmt":"2025-08-27T18:12:04","guid":{"rendered":"https:\/\/roveyayinevi.com.tr\/index.php\/urun\/bir-turk-ailesi-rifat-pasa-sulalesi\/"},"modified":"2026-04-16T02:37:45","modified_gmt":"2026-04-15T23:37:45","slug":"bir-turk-ailesi-rifat-pasa-sulalesi","status":"publish","type":"product","link":"https:\/\/roveyayinevi.com.tr\/index.php\/urun\/bir-turk-ailesi-rifat-pasa-sulalesi\/","title":{"rendered":"Bir T\u00fcrk Ailesi  Rif\u2019at Pa\u015fa S\u00fclalesi"},"content":{"rendered":"<p>Louis Pasteur&#8217;\u00fcn 1885&#8217;te kuduz hastal\u0131\u011f\u0131na kar\u015f\u0131 a\u015f\u0131 geli\u015ftirmesinden sonra Osmanl\u0131 Sultan\u0131 II. Abd\u00fclhamid Han bakteriyoloji ihtisas\u0131 i\u00e7in iki doktorunu, Hasan Z\u00fcht\u00fc Nazif Bey ile Mehmed Rif\u2019at H\u00fcs\u00e2meddin Bey&#8217;i, Mart 1890 &#8211; Ekim 1892 tarihleri aras\u0131nda Paris&#8217;e g\u00f6nderir. \u0130ki T\u00fcrk doktor Val-de Gr\u00e2ce Asker\u00ee T\u0131p Okulu (Hastahanesi)&#8217;nde ihtisaslar\u0131n\u0131 yapt\u0131ktan sonra, Pasteur Enstit\u00fcs\u00fc&#8217;nde Dr. Roux&#8217;un nezaretinde kurs g\u00f6rerek kuduz a\u015f\u0131s\u0131 yapmay\u0131 \u00f6\u011frenirler. Hasan Z\u00fcht\u00fc Nazif Bey yurda d\u00f6n\u00fc\u015f\u00fcnden sonra Dr. H\u00fcseyin Remzi Bey&#8217;in 27 Temmuz 1892&#8217;de a\u00e7t\u0131\u011f\u0131 Telk\u00eehh\u00e2ne-i Osm\u00e2n\u00ee (Osmanl\u0131 A\u015f\u0131 Evi)&#8217;ne 1894&#8217;te m\u00fcd\u00fcr olarak atanm\u0131\u015f, ancak 1897&#8217;deki T\u00fcrk-Yunan Sava\u015f\u0131&#8217;nda Teselya cephesinde tif\u00fcsten \u00f6l\u00fcm\u00fc \u00fczerine m\u00fcd\u00fcrl\u00fc\u011fe 1897-1908 \/ 1909 y\u0131llar\u0131 aras\u0131nda Mehmed Rif&#8217;at H\u00fcsameddin Pa\u015fa atanm\u0131\u015ft\u0131r .. Telk\u00eehhane-i \u015e\u00e2h\u00e2ne M\u00fcd\u00fcrl\u00fc\u011f\u00fcne getirilen Dr. Mehmed Rif\u2019at H\u00fcs\u00e2meddin ise 1900&#8217;de Telk\u00eehhane-\u00ee \u015eahane&#8217;de bir a\u015f\u0131 mektebi a\u00e7m\u0131\u015f ve bu a\u015f\u0131 mektebinde haftada bir g\u00fcn nazar\u00ee ve haftada iki g\u00fcn de pratik ders vermi\u015ftir. Dr. Mehmed Rif\u2019at H\u00fcs\u00e2meddin Telkihhane-i \u015e\u00e2h\u00e2ne m\u00fcd\u00fcr\u00fc iken \u00e7i\u00e7ek hastal\u0131\u011f\u0131 \u00fczerinde ara\u015ft\u0131rmalar yapm\u0131\u015f, hatt\u00e2 \u00e7i\u00e7ek hastal\u0131\u011f\u0131n\u0131n seyrini hafifletici bir serum da haz\u0131rlam\u0131\u015ft\u0131r. 1900 (Hicr\u00ee 1318) y\u0131l\u0131nda Telk\u00eehh\u00e2ne&#8217;nin yedi y\u0131ll\u0131k ilm\u00ee mesaisini g\u00f6steren Telk\u00eehh\u00e2ne istatisti\u011fini yay\u0131mlam\u0131\u015ft\u0131r. 127 sahifelik bu eser T\u00fcrkiye&#8217; de \u00e7i\u00e7ek a\u015f\u0131s\u0131 tarihi a\u00e7\u0131s\u0131ndan \u00e7ok \u00f6nemli bir kaynak olmu\u015ftur. Veteriner mekteplerinde de bakteriyoloji dersinin okutulmas\u0131na ili\u015fkin 2 \u015eubat 1309 (= 1893) tarihli irade \u00e7\u0131k\u0131nca, Sultanahmet (Kabasakal Soka\u011f\u0131&#8217;ndaki) M\u00fclkiye Baytar Mektebi&#8217;nin Fenn-i Mikrob\u00ee hocal\u0131\u011f\u0131na Paris&#8217;ten yeni d\u00f6nm\u00fc\u015f olan Dr. Mehmed Rif\u2019at H\u00fcs\u00e2meddin atanm\u0131\u015ft\u0131r. Bu g\u00f6rev 1909&#8217;da Prof. Dr. Mehmed Rif\u2019at H\u00fcs\u00e2meddin Pa\u015fa&#8217;n\u0131n \u00fcniversite hocal\u0131\u011f\u0131ndan ayr\u0131lmas\u0131na kadar s\u00fcrm\u00fc\u015ft\u00fcr. Prof. Dr. Mehmed Rif\u2019at H\u00fcs\u00e2meddin Pa\u015fa Baytar Mehtebi\u2019nde Mehmed Akif Ersoy\u2019un da hocas\u0131 olmu\u015ftur. Mehmed Akif Ersoy an\u0131lar\u0131nda Rif\u2019at Pa\u015fa\u2019n\u0131n Louis Paste\u0131r ve kuduz a\u015f\u0131s\u0131 ile bilgiler verdi\u011fini nakletmektedir. <\/p>\n","protected":false},"excerpt":{"rendered":"<p>Louis Pasteur&#8217;\u00fcn 1885&#8217;te kuduz hastal\u0131\u011f\u0131na kar\u015f\u0131 a\u015f\u0131 geli\u015ftirmesinden sonra Osmanl\u0131 Sultan\u0131 II. Abd\u00fclhamid Han bakteriyoloji ihtisas\u0131 i\u00e7in iki doktorunu, Hasan Z\u00fcht\u00fc Nazif Bey ile Mehmed Rif\u2019at<span class=\"excerpt-hellip\"> [\u2026]<\/span><\/p>\n","protected":false},"featured_media":0,"template":"","meta":{"_monsterinsights_skip_tracking":false,"_monsterinsights_sitenote_active":false,"_monsterinsights_sitenote_note":"","_monsterinsights_sitenote_category":0},"product_brand":[],"product_cat":[13701,12291],"product_tag":[],"class_list":{"0":"post-730302","1":"product","2":"type-product","3":"status-publish","5":"product_cat-ani-mektup-gunluk","6":"product_cat-edebiyat","7":"pa_cilt-ciltsiz","8":"pa_tur-kitap","9":"pa_yayinevi-bilge-kultur-sanat","10":"pa_yazar-osman-fikri-sertkaya","12":"first","13":"instock","14":"sale","15":"shipping-taxable","16":"purchasable","17":"product-type-simple"},"_links":{"self":[{"href":"https:\/\/roveyayinevi.com.tr\/index.php\/wp-json\/wp\/v2\/product\/730302","targetHints":{"allow":["GET"]}}],"collection":[{"href":"https:\/\/roveyayinevi.com.tr\/index.php\/wp-json\/wp\/v2\/product"}],"about":[{"href":"https:\/\/roveyayinevi.com.tr\/index.php\/wp-json\/wp\/v2\/types\/product"}],"wp:attachment":[{"href":"https:\/\/roveyayinevi.com.tr\/index.php\/wp-json\/wp\/v2\/media?parent=730302"}],"wp:term":[{"taxonomy":"product_brand","embeddable":true,"href":"https:\/\/roveyayinevi.com.tr\/index.php\/wp-json\/wp\/v2\/product_brand?post=730302"},{"taxonomy":"product_cat","embeddable":true,"href":"https:\/\/roveyayinevi.com.tr\/index.php\/wp-json\/wp\/v2\/product_cat?post=730302"},{"taxonomy":"product_tag","embeddable":true,"href":"https:\/\/roveyayinevi.com.tr\/index.php\/wp-json\/wp\/v2\/product_tag?post=730302"}],"curies":[{"name":"wp","href":"https:\/\/api.w.org\/{rel}","templated":true}]}}