{"id":730301,"date":"2025-08-27T21:12:03","date_gmt":"2025-08-27T18:12:03","guid":{"rendered":"https:\/\/roveyayinevi.com.tr\/index.php\/urun\/ak-koyunlu-devleti-siyasi-tarihi-ve-yonetim-yapisi\/"},"modified":"2026-04-16T02:37:45","modified_gmt":"2026-04-15T23:37:45","slug":"ak-koyunlu-devleti-siyasi-tarihi-ve-yonetim-yapisi","status":"publish","type":"product","link":"https:\/\/roveyayinevi.com.tr\/index.php\/urun\/ak-koyunlu-devleti-siyasi-tarihi-ve-yonetim-yapisi\/","title":{"rendered":"Ak-Koyunlu Devleti Siyasi Tarihi Ve Y\u00f6netim Yap\u0131s\u0131"},"content":{"rendered":"<p>Ak-Koyunlular tarih sahnesine \u00e7\u0131kt\u0131klar\u0131nda Anadolu&#8217;da Mo\u011fol h\u00e2kimiyeti hen\u00fcz sona ermekte idi. Bu s\u0131ralarda rakip ve karde\u015f olan di\u011fer bir  T\u00fcrkmen boyu Kara-Koyunlular ile Anadolu&#8217;nun u\u00e7 taraflar\u0131nda ya\u015famaktayd\u0131lar. Bu d\u00f6nemde Anadolu&#8217;nun do\u011fusunda t\u0131pk\u0131 bat\u0131 ucunda oldu\u011fu gibi T\u00fcrk h\u00e2kimiyetinin tesis edilmesi i\u00e7in T\u00fcrk boylar\u0131nda ciddi \u00e7abalar g\u00f6r\u00fclmeye ba\u015flam\u0131\u015ft\u0131. Anadolu&#8217;nun do\u011fusundaki bu \u00e7aban\u0131n merkezinde yer alan Ak-Koyunlular k\u0131sa bir s\u00fcre i\u00e7inde bunu ger\u00e7ekle\u015ftirmek i\u00e7in harekete ge\u00e7tiler. Ak-Koyunlular tarihte ilk olarak adlar\u0131n\u0131 gaza amac\u0131yla Trabzon \u00fczerine d\u00fczenledikleri seferle duyurdular. Ard\u0131ndan da \u00e7evrelerinde bulunan T\u00fcrk devlet ve em\u00eerlikleri ile yapm\u0131\u015f olduklar\u0131 m\u00fcnasebetlerle s\u00f6z ettirdiler. \u00d6zellikle Uzun Hasan Bey d\u00f6neminde ele ge\u00e7irilen topraklarla AkKoyunlular, do\u011fuda ve bat\u0131da b\u00fcy\u00fck akisler uyand\u0131rd\u0131lar. Uzun Hasan Bey kazand\u0131\u011f\u0131 ba\u015far\u0131lar ile \u0130slam d\u00fcnyas\u0131nda b\u00fcy\u00fck ses getirdi ve onun Tanr\u0131 taraf\u0131ndan yard\u0131m g\u00f6rd\u00fc\u011f\u00fc inanc\u0131 yayg\u0131nla\u015ft\u0131. AkKoyunlu hanedan\u0131 Anadolu&#8217;da siyasi ba\u015far\u0131lar kazand\u0131k\u00e7a \u00f6zellikle Haleb ve Suriye T\u00fcrkmenleri ile Dulkadir elinden devlete kat\u0131l\u0131mlar h\u0131zland\u0131. Ard\u0131ndan da XV. y\u00fczy\u0131lda siyasi birli\u011fini tamamlayarak T\u00fcrk ve D\u00fcnya tarihinde oynad\u0131klar\u0131 rolle siyasi ve k\u00fclt\u00fcrel alanda \u00f6nemli bir yere sahip oldular. <\/p>\n","protected":false},"excerpt":{"rendered":"<p>Ak-Koyunlular tarih sahnesine \u00e7\u0131kt\u0131klar\u0131nda Anadolu&#8217;da Mo\u011fol h\u00e2kimiyeti hen\u00fcz sona ermekte idi. Bu s\u0131ralarda rakip ve karde\u015f olan di\u011fer bir T\u00fcrkmen boyu Kara-Koyunlular ile Anadolu&#8217;nun u\u00e7 taraflar\u0131nda<span class=\"excerpt-hellip\"> [\u2026]<\/span><\/p>\n","protected":false},"featured_media":0,"template":"","meta":{"_monsterinsights_skip_tracking":false,"_monsterinsights_sitenote_active":false,"_monsterinsights_sitenote_note":"","_monsterinsights_sitenote_category":0},"product_brand":[],"product_cat":[12370,12304],"product_tag":[],"class_list":{"0":"post-730301","1":"product","2":"type-product","3":"status-publish","5":"product_cat-arastirma-inceleme","6":"product_cat-tarih","7":"pa_cilt-ciltsiz","8":"pa_tur-kitap","9":"pa_yayinevi-bilge-kultur-sanat","10":"pa_yazar-ilhan-erdem-kazim-paydas","12":"first","13":"instock","14":"sale","15":"shipping-taxable","16":"purchasable","17":"product-type-simple"},"_links":{"self":[{"href":"https:\/\/roveyayinevi.com.tr\/index.php\/wp-json\/wp\/v2\/product\/730301","targetHints":{"allow":["GET"]}}],"collection":[{"href":"https:\/\/roveyayinevi.com.tr\/index.php\/wp-json\/wp\/v2\/product"}],"about":[{"href":"https:\/\/roveyayinevi.com.tr\/index.php\/wp-json\/wp\/v2\/types\/product"}],"wp:attachment":[{"href":"https:\/\/roveyayinevi.com.tr\/index.php\/wp-json\/wp\/v2\/media?parent=730301"}],"wp:term":[{"taxonomy":"product_brand","embeddable":true,"href":"https:\/\/roveyayinevi.com.tr\/index.php\/wp-json\/wp\/v2\/product_brand?post=730301"},{"taxonomy":"product_cat","embeddable":true,"href":"https:\/\/roveyayinevi.com.tr\/index.php\/wp-json\/wp\/v2\/product_cat?post=730301"},{"taxonomy":"product_tag","embeddable":true,"href":"https:\/\/roveyayinevi.com.tr\/index.php\/wp-json\/wp\/v2\/product_tag?post=730301"}],"curies":[{"name":"wp","href":"https:\/\/api.w.org\/{rel}","templated":true}]}}