{"id":730299,"date":"2025-08-27T21:12:01","date_gmt":"2025-08-27T18:12:01","guid":{"rendered":"https:\/\/roveyayinevi.com.tr\/index.php\/urun\/bozkirin-taniklari-eski-turkce-yazitlar\/"},"modified":"2026-04-16T02:37:45","modified_gmt":"2026-04-15T23:37:45","slug":"bozkirin-taniklari-eski-turkce-yazitlar","status":"publish","type":"product","link":"https:\/\/roveyayinevi.com.tr\/index.php\/urun\/bozkirin-taniklari-eski-turkce-yazitlar\/","title":{"rendered":"Bozk\u0131r\u0131n Tan\u0131klar\u0131 Eski T\u00fcrk\u00e7e Yaz\u0131tlar"},"content":{"rendered":"<p>T\u00fcrklerin en eski yaz\u0131l\u0131 belgeleri hangileridir? Neden yaz\u0131ld\u0131? Kime hitap edildi? Neler anlat\u0131ld\u0131? Hangi duygular aktar\u0131ld\u0131? Eski T\u00fcrk yaz\u0131tlar\u0131 dedi\u011fimiz bu metinlerde, devlet y\u00f6neticileri millete, T\u00fcrk boylar\u0131na seslendi. Sade vatanda\u015f\u0131n yazd\u0131klar\u0131nda ise hat\u0131ralar tazelendi. Bir bakars\u0131n\u0131z &#8220;Bunu ben yazd\u0131m, ad\u0131m filanca&#8221; demek i\u00e7in, bir bakars\u0131n\u0131z kitap boyutunda metinlerle anlatt\u0131lar d\u00fc\u015f\u00fcnd\u00fcklerini, ya\u015fad\u0131klar\u0131n\u0131. Kimi zaman sava\u015flar anlat\u0131ld\u0131 uzun uzun, kimi zaman ise sevin\u00e7 ve g\u00f6zya\u015f\u0131 nak\u015fedildi beng\u00fc ta\u015flara. O g\u00fcnden beri, bin k\u00fcsur y\u0131ld\u0131r bize hep bir \u015feyler anlatt\u0131 o ta\u015flar. Ebediyen anlats\u0131n diye beng\u00fc ta\u015f ad\u0131n\u0131 verdiler. T\u00fcrk runik harfli eski T\u00fcrk yaz\u0131tlar\u0131, 1730 y\u0131l\u0131nda P. Tabbert von Strahlenberg&#8217;in \u00e7\u0131\u011f\u0131r a\u00e7an eserinden itibaren olmak \u00fczere, esasen harflerin \u00e7\u00f6z\u00fcld\u00fc\u011f\u00fc 1893 y\u0131l\u0131ndan bug\u00fcne kadar eksilmeyen bir heyecanla i\u015flendi, incelendi, yorumlar yap\u0131ld\u0131. Dolay\u0131s\u0131yla bu metinler binlerce kitaba ve makaleye konu oldu. Bu sat\u0131rlar\u0131n yazar\u0131, 1995 y\u0131l\u0131nda ba\u015flad\u0131\u011f\u0131 bu b\u00fcy\u00fck k\u00fclliyat\u0131, \u00f6ncelikle anlama ve ard\u0131ndan anlatma g\u00f6revine Bozk\u0131r\u0131n Tan\u0131klar\u0131, Eski T\u00fcrk\u00e7e Yaz\u0131tlar adl\u0131 yeni bir yay\u0131n ile katk\u0131da bulunmak niyetindedir. Kitapta, T\u00fcrklerin en eski, ancak bildi\u011fimiz, bug\u00fcn bile ayn\u0131 veya benzerine tan\u0131kl\u0131k etti\u011fimiz hat\u0131ralar\u0131na rastlayacaks\u0131n\u0131z. Kitapta \u00f6ncelikle &#8220;Eski T\u00fcrk\u00e7e nedir, ne de\u011fildir?&#8221; sorusu ile kar\u015f\u0131la\u015facak, ard\u0131ndan bu b\u00fcy\u00fck k\u00fclliyat\u0131n bulundu\u011fu co\u011frafyalardan bize seslenen metinlerden \u00f6rnekler g\u00f6receksiniz. Kitab\u0131n en temel hedeflerinden biri, T\u00fcrk dili ve edebiyat\u0131 ve tarih gibi alanlar\u0131n mensuplar\u0131na hitap etmek ise, ikinci hedefi bu millete mensup olanlar\u0131n, atalar\u0131n\u0131n yazd\u0131klar\u0131m do\u011fru bilgilerle \u00f6\u011frenmesi olacakt\u0131r. Okuyucunun, bir hik\u00e2ye veya roman tad\u0131nda lezzet almas\u0131 i\u00e7in dipnotlara ve kaynaklara bo\u011fmaktan uzak durmaya \u00e7al\u0131\u015ft\u0131m. Umar\u0131m yazarken ald\u0131\u011f\u0131m tad\u0131, siz de okurken al\u0131rs\u0131n\u0131z                                                  <\/p>\n","protected":false},"excerpt":{"rendered":"<p>T\u00fcrklerin en eski yaz\u0131l\u0131 belgeleri hangileridir? Neden yaz\u0131ld\u0131? Kime hitap edildi? Neler anlat\u0131ld\u0131? Hangi duygular aktar\u0131ld\u0131? Eski T\u00fcrk yaz\u0131tlar\u0131 dedi\u011fimiz bu metinlerde, devlet y\u00f6neticileri millete, T\u00fcrk<span class=\"excerpt-hellip\"> [\u2026]<\/span><\/p>\n","protected":false},"featured_media":0,"template":"","meta":{"_monsterinsights_skip_tracking":false,"_monsterinsights_sitenote_active":false,"_monsterinsights_sitenote_note":"","_monsterinsights_sitenote_category":0},"product_brand":[],"product_cat":[20225,12291],"product_tag":[],"class_list":{"0":"post-730299","1":"product","2":"type-product","3":"status-publish","5":"product_cat-dil-bilim","6":"product_cat-edebiyat","7":"pa_cilt-ciltsiz","8":"pa_tur-kitap","9":"pa_yayinevi-bilge-kultur-sanat","10":"pa_yazar-erhan-aydin","12":"first","13":"instock","14":"sale","15":"shipping-taxable","16":"purchasable","17":"product-type-simple"},"_links":{"self":[{"href":"https:\/\/roveyayinevi.com.tr\/index.php\/wp-json\/wp\/v2\/product\/730299","targetHints":{"allow":["GET"]}}],"collection":[{"href":"https:\/\/roveyayinevi.com.tr\/index.php\/wp-json\/wp\/v2\/product"}],"about":[{"href":"https:\/\/roveyayinevi.com.tr\/index.php\/wp-json\/wp\/v2\/types\/product"}],"wp:attachment":[{"href":"https:\/\/roveyayinevi.com.tr\/index.php\/wp-json\/wp\/v2\/media?parent=730299"}],"wp:term":[{"taxonomy":"product_brand","embeddable":true,"href":"https:\/\/roveyayinevi.com.tr\/index.php\/wp-json\/wp\/v2\/product_brand?post=730299"},{"taxonomy":"product_cat","embeddable":true,"href":"https:\/\/roveyayinevi.com.tr\/index.php\/wp-json\/wp\/v2\/product_cat?post=730299"},{"taxonomy":"product_tag","embeddable":true,"href":"https:\/\/roveyayinevi.com.tr\/index.php\/wp-json\/wp\/v2\/product_tag?post=730299"}],"curies":[{"name":"wp","href":"https:\/\/api.w.org\/{rel}","templated":true}]}}