{"id":730296,"date":"2025-08-27T21:11:59","date_gmt":"2025-08-27T18:11:59","guid":{"rendered":"https:\/\/roveyayinevi.com.tr\/index.php\/urun\/mukaddes-ankaradan-mektuplar\/"},"modified":"2026-04-16T02:37:44","modified_gmt":"2026-04-15T23:37:44","slug":"mukaddes-ankaradan-mektuplar","status":"publish","type":"product","link":"https:\/\/roveyayinevi.com.tr\/index.php\/urun\/mukaddes-ankaradan-mektuplar\/","title":{"rendered":"Mukaddes Ankara&#8217;dan Mektuplar"},"content":{"rendered":"<p>Mukaddes Ankara\u2019dan Mektuplar, M\u0131s\u0131r Prensesi Kadriye H\u00fcseyin\u2019in M\u00fctareke d\u00f6neminde kaleme ald\u0131\u011f\u0131 bir eser\u2026 Kadriye H\u00fcseyin Ankara H\u00fck\u00fcmeti\u2019nin olu\u015fum d\u00f6neminde Ankara\u2019n\u0131n tarihsel misyonunu i\u015faret eder; \u201cB\u00fct\u00fcn M\u00fcsl\u00fcman \u015fark\u0131n istikbali, burada yarat\u0131lmaktad\u0131r.\u201d Kadriye H\u00fcseyin Mukaddes Ankara\u2019dan Mektuplar kitab\u0131nda, iki tarihsel kavramsalla\u015ft\u0131rma yapar; Ebedi T\u00fcrkiye ve Mukaddes Ankara\u2026 Bu saptama bug\u00fcn de ge\u00e7erlidir. Kadriye H\u00fcseyin \u00e7\u00f6z\u00fclme d\u00f6neminde yeniden dirili\u015fi g\u00f6rebilen bir deha\u2026 Mukaddes Ankara\u2019dan Mektuplar, tekrar tekrar \u00fczerinde durulacak bir eser\u2026 T\u00fcrkl\u00fc\u011f\u00fcn bekas\u0131na iman edenlere selam olsun. *** Kadriye H\u00fcseyin\u2019in d\u00fcnya kamuoyuna meydan okuyan sat\u0131rlar\u0131ndan bir par\u00e7a: Mukaddes Ankara birdenbire vecd i\u00e7inde s\u00fckuta dolan bir \u015fehir oluvermi\u015f. Cengaver \u015fehrin simas\u0131 de\u011fi\u015fmi\u015f. Ankara bir bayram havas\u0131 ya\u015f\u0131yor\u2026 Ebedi T\u00fcrkiye\u2019nin \u015fanl\u0131 ordular\u0131n\u0131n asil kumandanlar\u0131, umutsuz olmay\u0131n\u0131z! Sizler h\u00fcrriyet ve adaletin m\u00fcdafileri oldu\u011funuzdan Kadiri Mutlak imha olunman\u0131za m\u00fcsaade etmeyecektir. Ya Rab! \u0130mdad\u0131m\u0131za yeti\u015f, ya Hazreti Muhammed; her yandan h\u00fccuma u\u011frad\u0131k! Sen ki evvelce ilahi vahiy ile \u00fcmmetini ulvi ve \u015fanl\u0131, metin ve kudretli k\u0131lm\u0131\u015ft\u0131n. \u015eimdi merhametsiz sald\u0131rganlar\u0131n sebep oldu\u011fu \u015fu felakete bak. Ey kadiri mutlak Rabbin nurlu Hazreti Peygamberi, bize \u015fefaatte bulunman\u0131 candan niyaz ediyoruz. Sizleri ziyaret edip Mukaddes Ankara&#8217;m\u0131z\u0131n ruhundan biraz olsun nefes g\u00f6t\u00fcrebildi\u011fim i\u00e7in minnettar\u0131m. Ya\u015fan\u0131lm\u0131\u015f g\u00fcnlerdeki \u0131st\u0131raplar\u0131n hat\u0131ras\u0131na ra\u011fmen, Cenab\u0131 Hakk\u2019\u0131n inayeti ile nihai zaferi g\u00f6rece\u011fiz! <\/p>\n","protected":false},"excerpt":{"rendered":"<p>Mukaddes Ankara\u2019dan Mektuplar, M\u0131s\u0131r Prensesi Kadriye H\u00fcseyin\u2019in M\u00fctareke d\u00f6neminde kaleme ald\u0131\u011f\u0131 bir eser\u2026 Kadriye H\u00fcseyin Ankara H\u00fck\u00fcmeti\u2019nin olu\u015fum d\u00f6neminde Ankara\u2019n\u0131n tarihsel misyonunu i\u015faret eder; \u201cB\u00fct\u00fcn M\u00fcsl\u00fcman<span class=\"excerpt-hellip\"> [\u2026]<\/span><\/p>\n","protected":false},"featured_media":0,"template":"","meta":{"_monsterinsights_skip_tracking":false,"_monsterinsights_sitenote_active":false,"_monsterinsights_sitenote_note":"","_monsterinsights_sitenote_category":0},"product_brand":[],"product_cat":[12370,12304],"product_tag":[],"class_list":{"0":"post-730296","1":"product","2":"type-product","3":"status-publish","5":"product_cat-arastirma-inceleme","6":"product_cat-tarih","7":"pa_cilt-ciltsiz","8":"pa_tur-kitap","9":"pa_yayinevi-biyografi-net-yayincilik","10":"pa_yazar-kadriye-huseyin","12":"first","13":"instock","14":"sale","15":"shipping-taxable","16":"purchasable","17":"product-type-simple"},"_links":{"self":[{"href":"https:\/\/roveyayinevi.com.tr\/index.php\/wp-json\/wp\/v2\/product\/730296","targetHints":{"allow":["GET"]}}],"collection":[{"href":"https:\/\/roveyayinevi.com.tr\/index.php\/wp-json\/wp\/v2\/product"}],"about":[{"href":"https:\/\/roveyayinevi.com.tr\/index.php\/wp-json\/wp\/v2\/types\/product"}],"wp:attachment":[{"href":"https:\/\/roveyayinevi.com.tr\/index.php\/wp-json\/wp\/v2\/media?parent=730296"}],"wp:term":[{"taxonomy":"product_brand","embeddable":true,"href":"https:\/\/roveyayinevi.com.tr\/index.php\/wp-json\/wp\/v2\/product_brand?post=730296"},{"taxonomy":"product_cat","embeddable":true,"href":"https:\/\/roveyayinevi.com.tr\/index.php\/wp-json\/wp\/v2\/product_cat?post=730296"},{"taxonomy":"product_tag","embeddable":true,"href":"https:\/\/roveyayinevi.com.tr\/index.php\/wp-json\/wp\/v2\/product_tag?post=730296"}],"curies":[{"name":"wp","href":"https:\/\/api.w.org\/{rel}","templated":true}]}}