{"id":730287,"date":"2025-08-27T21:11:50","date_gmt":"2025-08-27T18:11:50","guid":{"rendered":"https:\/\/roveyayinevi.com.tr\/index.php\/urun\/oguzname\/"},"modified":"2026-04-16T02:37:44","modified_gmt":"2026-04-15T23:37:44","slug":"oguzname","status":"publish","type":"product","link":"https:\/\/roveyayinevi.com.tr\/index.php\/urun\/oguzname\/","title":{"rendered":"O\u011fuzname"},"content":{"rendered":"<p>Hayatta g\u00f6rd\u00fc\u011f\u00fcm\u00fcz hemen her \u015fey, ger\u00e7ekte bizim onlar\u0131 g\u00f6rd\u00fc\u011f\u00fcm\u00fcz gibi de\u011fildir; \u00f6yle g\u00f6rebildi\u011fimiz veya g\u00f6rmek istedi\u011fimiz i\u00e7in \u00f6yledirler. \u0130nsanlar kendi al\u0131\u015fkanl\u0131klar\u0131yla ya\u015farlar Al\u0131\u015fkanl\u0131klar\u0131 onlar\u0131n do\u011frular\u0131 olur. Zaman\u0131n oyunlar\u0131 al\u0131\u015fkanl\u0131klar\u0131 de\u011fi\u015ftirir ve do\u011frular\u0131 da de\u011fi\u015fir. Bu durumda ge\u00e7mi\u015fin ger\u00e7ekleri bir hayal, bir d\u00fc\u015f veya bir yalan durumuna d\u00fc\u015fer\u2026 <\/p>\n","protected":false},"excerpt":{"rendered":"<p>Hayatta g\u00f6rd\u00fc\u011f\u00fcm\u00fcz hemen her \u015fey, ger\u00e7ekte bizim onlar\u0131 g\u00f6rd\u00fc\u011f\u00fcm\u00fcz gibi de\u011fildir; \u00f6yle g\u00f6rebildi\u011fimiz veya g\u00f6rmek istedi\u011fimiz i\u00e7in \u00f6yledirler. \u0130nsanlar kendi al\u0131\u015fkanl\u0131klar\u0131yla ya\u015farlar Al\u0131\u015fkanl\u0131klar\u0131 onlar\u0131n do\u011frular\u0131 olur.<span class=\"excerpt-hellip\"> [\u2026]<\/span><\/p>\n","protected":false},"featured_media":0,"template":"","meta":{"_monsterinsights_skip_tracking":false,"_monsterinsights_sitenote_active":false,"_monsterinsights_sitenote_note":"","_monsterinsights_sitenote_category":0},"product_brand":[],"product_cat":[20039,13488],"product_tag":[],"class_list":{"0":"post-730287","1":"product","2":"type-product","3":"status-publish","5":"product_cat-kultur-tarihi","6":"product_cat-toplum-ve-insan","7":"pa_cilt-ciltsiz","8":"pa_tur-kitap","9":"pa_yayinevi-pia-yayinlari","10":"pa_yazar-umar-o-oflaz","12":"first","13":"instock","14":"sale","15":"shipping-taxable","16":"purchasable","17":"product-type-simple"},"_links":{"self":[{"href":"https:\/\/roveyayinevi.com.tr\/index.php\/wp-json\/wp\/v2\/product\/730287","targetHints":{"allow":["GET"]}}],"collection":[{"href":"https:\/\/roveyayinevi.com.tr\/index.php\/wp-json\/wp\/v2\/product"}],"about":[{"href":"https:\/\/roveyayinevi.com.tr\/index.php\/wp-json\/wp\/v2\/types\/product"}],"wp:attachment":[{"href":"https:\/\/roveyayinevi.com.tr\/index.php\/wp-json\/wp\/v2\/media?parent=730287"}],"wp:term":[{"taxonomy":"product_brand","embeddable":true,"href":"https:\/\/roveyayinevi.com.tr\/index.php\/wp-json\/wp\/v2\/product_brand?post=730287"},{"taxonomy":"product_cat","embeddable":true,"href":"https:\/\/roveyayinevi.com.tr\/index.php\/wp-json\/wp\/v2\/product_cat?post=730287"},{"taxonomy":"product_tag","embeddable":true,"href":"https:\/\/roveyayinevi.com.tr\/index.php\/wp-json\/wp\/v2\/product_tag?post=730287"}],"curies":[{"name":"wp","href":"https:\/\/api.w.org\/{rel}","templated":true}]}}