{"id":730286,"date":"2025-08-27T21:11:49","date_gmt":"2025-08-27T18:11:49","guid":{"rendered":"https:\/\/roveyayinevi.com.tr\/index.php\/urun\/efendi-ve-usak\/"},"modified":"2026-04-16T02:37:44","modified_gmt":"2026-04-15T23:37:44","slug":"efendi-ve-usak","status":"publish","type":"product","link":"https:\/\/roveyayinevi.com.tr\/index.php\/urun\/efendi-ve-usak\/","title":{"rendered":"Efendi ve U\u015fak"},"content":{"rendered":"<p>Efendi ve U\u015fak, t\u00fcm zamanlar\u0131n en b\u00fcy\u00fck yazarlar\u0131ndan biri say\u0131lan Lev N. Tolstoy\u2019un 1885\u2019te yazd\u0131\u011f\u0131 bir uzun \u00f6yk\u00fcd\u00fcr.   Bu \u00f6yk\u00fcde Vasili Andreyi\u00e7 Brihunov adl\u0131 bir t\u00fcccar\u0131n so\u011fuk bir k\u0131\u015f g\u00fcn\u00fc u\u015fa\u011f\u0131 Nikita ile birlikte k\u0131zakla yapt\u0131\u011f\u0131 yolculuk anlat\u0131l\u0131r. Yolculu\u011fun amac\u0131 y\u00f6redeki bir toprak sahibini ziyaret edip uzun zamand\u0131r pazarl\u0131\u011f\u0131 yap\u0131lan bir koruyu sat\u0131n almakt\u0131r.   Vasili Andreyi\u00e7\u2019in bu konuda acelesi vard\u0131r; ayn\u0131 yeri sat\u0131n almak isteyen ba\u015fka t\u00fcccarlar da oldu\u011fu i\u00e7in koruyu onlara kapt\u0131rmak istememektedir. Bu nedenle, Rusya\u2019n\u0131n sert k\u0131\u015f ko\u015fullar\u0131na ra\u011fmen, yard\u0131mc\u0131s\u0131 U\u015fak Nikita ile yola \u00e7\u0131kar.   Efendi ve U\u015fak, insan ihtiras\u0131n\u0131n ne denli dizginlenemez bir \u015fey oldu\u011funu g\u00f6zlerimiz \u00f6n\u00fcne serer. <\/p>\n","protected":false},"excerpt":{"rendered":"<p>Efendi ve U\u015fak, t\u00fcm zamanlar\u0131n en b\u00fcy\u00fck yazarlar\u0131ndan biri say\u0131lan Lev N. Tolstoy\u2019un 1885\u2019te yazd\u0131\u011f\u0131 bir uzun \u00f6yk\u00fcd\u00fcr. Bu \u00f6yk\u00fcde Vasili Andreyi\u00e7 Brihunov adl\u0131 bir t\u00fcccar\u0131n<span class=\"excerpt-hellip\"> [\u2026]<\/span><\/p>\n","protected":false},"featured_media":0,"template":"","meta":{"_monsterinsights_skip_tracking":false,"_monsterinsights_sitenote_active":false,"_monsterinsights_sitenote_note":"","_monsterinsights_sitenote_category":0},"product_brand":[],"product_cat":[12291,13872],"product_tag":[],"class_list":{"0":"post-730286","1":"product","2":"type-product","3":"status-publish","5":"product_cat-edebiyat","6":"product_cat-klasikler","7":"pa_cilt-ciltsiz","8":"pa_tur-kitap","9":"pa_yayinevi-remzi-kitabevi","10":"pa_yazar-lev-nikolayevic-tolstoy","12":"first","13":"instock","14":"sale","15":"shipping-taxable","16":"purchasable","17":"product-type-simple"},"_links":{"self":[{"href":"https:\/\/roveyayinevi.com.tr\/index.php\/wp-json\/wp\/v2\/product\/730286","targetHints":{"allow":["GET"]}}],"collection":[{"href":"https:\/\/roveyayinevi.com.tr\/index.php\/wp-json\/wp\/v2\/product"}],"about":[{"href":"https:\/\/roveyayinevi.com.tr\/index.php\/wp-json\/wp\/v2\/types\/product"}],"wp:attachment":[{"href":"https:\/\/roveyayinevi.com.tr\/index.php\/wp-json\/wp\/v2\/media?parent=730286"}],"wp:term":[{"taxonomy":"product_brand","embeddable":true,"href":"https:\/\/roveyayinevi.com.tr\/index.php\/wp-json\/wp\/v2\/product_brand?post=730286"},{"taxonomy":"product_cat","embeddable":true,"href":"https:\/\/roveyayinevi.com.tr\/index.php\/wp-json\/wp\/v2\/product_cat?post=730286"},{"taxonomy":"product_tag","embeddable":true,"href":"https:\/\/roveyayinevi.com.tr\/index.php\/wp-json\/wp\/v2\/product_tag?post=730286"}],"curies":[{"name":"wp","href":"https:\/\/api.w.org\/{rel}","templated":true}]}}