{"id":730285,"date":"2025-08-27T21:11:48","date_gmt":"2025-08-27T18:11:48","guid":{"rendered":"https:\/\/roveyayinevi.com.tr\/index.php\/urun\/finansal-zaman-serisi-analizi-finanscilar-icin-temel-yaklasimlar\/"},"modified":"2026-04-16T02:37:44","modified_gmt":"2026-04-15T23:37:44","slug":"finansal-zaman-serisi-analizi-finanscilar-icin-temel-yaklasimlar","status":"publish","type":"product","link":"https:\/\/roveyayinevi.com.tr\/index.php\/urun\/finansal-zaman-serisi-analizi-finanscilar-icin-temel-yaklasimlar\/","title":{"rendered":"Finansal Zaman Serisi Analizi Finans\u00e7\u0131lar \u0130\u00e7in Temel Yakla\u015f\u0131mlar"},"content":{"rendered":"<p>\u0130\u00e7indekiler   1.B\u00d6L\u00dcM Finansal Zaman Serilerinin Temel  \u00d6zellikleri 2.B\u00d6L\u00dcM Finansal Zaman Serilerinde Birim K\u00f6k Ve Dura\u011fanl\u0131k Analizi 3 B\u00d6L\u00dcM Finansal Zaman Serilerinde Uzun D\u00f6nemli \u0130li\u015fkilerin Analizi 4.B\u00d6L\u00dcM K\u0131sa D\u00f6nemli \u0130li\u015fki Analizi 5. B\u00d6L\u00dcM Volatilite Modelleri <\/p>\n","protected":false},"excerpt":{"rendered":"<p>\u0130\u00e7indekiler 1.B\u00d6L\u00dcM Finansal Zaman Serilerinin Temel \u00d6zellikleri 2.B\u00d6L\u00dcM Finansal Zaman Serilerinde Birim K\u00f6k Ve Dura\u011fanl\u0131k Analizi 3 B\u00d6L\u00dcM Finansal Zaman Serilerinde Uzun D\u00f6nemli \u0130li\u015fkilerin Analizi 4.B\u00d6L\u00dcM<span class=\"excerpt-hellip\"> [\u2026]<\/span><\/p>\n","protected":false},"featured_media":0,"template":"","meta":{"_monsterinsights_skip_tracking":false,"_monsterinsights_sitenote_active":false,"_monsterinsights_sitenote_note":"","_monsterinsights_sitenote_category":0},"product_brand":[],"product_cat":[17249,13043],"product_tag":[],"class_list":{"0":"post-730285","1":"product","2":"type-product","3":"status-publish","5":"product_cat-borsa-finans","6":"product_cat-ekonomi","7":"pa_cilt-ciltsiz","8":"pa_tur-kitap","9":"pa_yayinevi-gazi-kitabevi","10":"pa_yazar-ismail-celiki-sezer-bozkus-kahyaoglu","12":"first","13":"instock","14":"sale","15":"shipping-taxable","16":"purchasable","17":"product-type-simple"},"_links":{"self":[{"href":"https:\/\/roveyayinevi.com.tr\/index.php\/wp-json\/wp\/v2\/product\/730285","targetHints":{"allow":["GET"]}}],"collection":[{"href":"https:\/\/roveyayinevi.com.tr\/index.php\/wp-json\/wp\/v2\/product"}],"about":[{"href":"https:\/\/roveyayinevi.com.tr\/index.php\/wp-json\/wp\/v2\/types\/product"}],"wp:attachment":[{"href":"https:\/\/roveyayinevi.com.tr\/index.php\/wp-json\/wp\/v2\/media?parent=730285"}],"wp:term":[{"taxonomy":"product_brand","embeddable":true,"href":"https:\/\/roveyayinevi.com.tr\/index.php\/wp-json\/wp\/v2\/product_brand?post=730285"},{"taxonomy":"product_cat","embeddable":true,"href":"https:\/\/roveyayinevi.com.tr\/index.php\/wp-json\/wp\/v2\/product_cat?post=730285"},{"taxonomy":"product_tag","embeddable":true,"href":"https:\/\/roveyayinevi.com.tr\/index.php\/wp-json\/wp\/v2\/product_tag?post=730285"}],"curies":[{"name":"wp","href":"https:\/\/api.w.org\/{rel}","templated":true}]}}