{"id":730284,"date":"2025-08-27T21:11:47","date_gmt":"2025-08-27T18:11:47","guid":{"rendered":"https:\/\/roveyayinevi.com.tr\/index.php\/urun\/oldum-ve-dondum\/"},"modified":"2025-11-19T18:47:07","modified_gmt":"2025-11-19T15:47:07","slug":"oldum-ve-dondum","status":"publish","type":"product","link":"https:\/\/roveyayinevi.com.tr\/index.php\/urun\/oldum-ve-dondum\/","title":{"rendered":"\u00d6ld\u00fcm ve D\u00f6nd\u00fcm"},"content":{"rendered":"<p>\u201cNas\u0131l ki nehir ve deniz bir ise ya\u015fam ve \u00f6l\u00fcm de birdir.\u201d \u2013 Halil Cibran   Pek \u00e7ok insan i\u00e7in \u00f6l\u00fcm korkutucu bir sondur. Bilinmeyen bir \u00e2leme ge\u00e7i\u015f her \u015feyin biti\u015fidir. Peki, ger\u00e7ekten de \u00f6l\u00fcm bir son mudur yoksa yeni bir ba\u015flang\u0131\u00e7 m\u0131? E\u011fer \u00f6l\u00fcm yeni bir ba\u015flang\u0131c\u0131n kap\u0131s\u0131n\u0131 aral\u0131yorsa yeni d\u00fcnyada bizi neler bekler? Ay\u015fe Deniz Yurdakul\u2019un, \u00f6l\u00fcm deneyimi ya\u015fam\u0131\u015f tan\u0131klarla yapt\u0131\u011f\u0131 g\u00f6r\u00fc\u015fmeleri derleyerek kaleme ald\u0131\u011f\u0131 \u00d6LD\u00dcM VE D\u00d6ND\u00dcM adl\u0131 bu kitab\u0131, okuru gizemli bir d\u00fcnyada yolculu\u011fa \u00e7\u0131kar\u0131yor. Payla\u015f\u0131lan \u00f6l\u00fcm deneyimlerinde her ne kadar parlak \u0131\u015f\u0131k, sessizlik, huzur duygusu, b\u00fcy\u00fck bir aidiyet hissi gibi ortak temalar dikkat \u00e7ekiyor olsa da her deneyimin asl\u0131nda ne kadar e\u015fsiz ve farkl\u0131 oldu\u011funa \u015fahit olacaks\u0131n\u0131z.   \u201cOnlar \u00f6l\u00fcmden sonra onlar\u0131 neyin bekledi\u011fini biliyorlar, bizler ise \u00f6\u011frenmek i\u00e7in beklemek zorunday\u0131z. Beklerken, perdenin arkas\u0131na gizlice g\u00f6z atmak isterseniz e\u011fer, \u00f6ld\u00fc\u011f\u00fcn\u00fc ve d\u00f6nd\u00fc\u011f\u00fcn\u00fc s\u00f6yleyenlerin anlatt\u0131klar\u0131n\u0131 dinleyebilirsiniz.\u201d <\/p>\n","protected":false},"excerpt":{"rendered":"<p>\u201cNas\u0131l ki nehir ve deniz bir ise ya\u015fam ve \u00f6l\u00fcm de birdir.\u201d \u2013 Halil Cibran Pek \u00e7ok insan i\u00e7in \u00f6l\u00fcm korkutucu bir sondur. Bilinmeyen bir \u00e2leme<span class=\"excerpt-hellip\"> [\u2026]<\/span><\/p>\n","protected":false},"featured_media":0,"template":"","meta":{"_monsterinsights_skip_tracking":false,"_monsterinsights_sitenote_active":false,"_monsterinsights_sitenote_note":"","_monsterinsights_sitenote_category":0},"product_brand":[],"product_cat":[12364,12376],"product_tag":[],"class_list":{"0":"post-730284","1":"product","2":"type-product","3":"status-publish","5":"product_cat-genel-konular","6":"product_cat-kisisel-gelisim","7":"pa_cilt-ciltsiz","8":"pa_tur-kitap","9":"pa_yayinevi-destek-yayinlari","10":"pa_yazar-ayse-deniz-yurdakul","12":"first","13":"instock","14":"sale","15":"shipping-taxable","16":"purchasable","17":"product-type-simple"},"_links":{"self":[{"href":"https:\/\/roveyayinevi.com.tr\/index.php\/wp-json\/wp\/v2\/product\/730284","targetHints":{"allow":["GET"]}}],"collection":[{"href":"https:\/\/roveyayinevi.com.tr\/index.php\/wp-json\/wp\/v2\/product"}],"about":[{"href":"https:\/\/roveyayinevi.com.tr\/index.php\/wp-json\/wp\/v2\/types\/product"}],"wp:attachment":[{"href":"https:\/\/roveyayinevi.com.tr\/index.php\/wp-json\/wp\/v2\/media?parent=730284"}],"wp:term":[{"taxonomy":"product_brand","embeddable":true,"href":"https:\/\/roveyayinevi.com.tr\/index.php\/wp-json\/wp\/v2\/product_brand?post=730284"},{"taxonomy":"product_cat","embeddable":true,"href":"https:\/\/roveyayinevi.com.tr\/index.php\/wp-json\/wp\/v2\/product_cat?post=730284"},{"taxonomy":"product_tag","embeddable":true,"href":"https:\/\/roveyayinevi.com.tr\/index.php\/wp-json\/wp\/v2\/product_tag?post=730284"}],"curies":[{"name":"wp","href":"https:\/\/api.w.org\/{rel}","templated":true}]}}