{"id":730283,"date":"2025-08-27T21:11:46","date_gmt":"2025-08-27T18:11:46","guid":{"rendered":"https:\/\/roveyayinevi.com.tr\/index.php\/urun\/hayvan-ciftligi-21\/"},"modified":"2026-04-16T02:37:44","modified_gmt":"2026-04-15T23:37:44","slug":"hayvan-ciftligi-21","status":"publish","type":"product","link":"https:\/\/roveyayinevi.com.tr\/index.php\/urun\/hayvan-ciftligi-21\/","title":{"rendered":"Hayvan \u00c7iftli\u011fi"},"content":{"rendered":"<p>\u201cB\u00fct\u00fcn hayvanlar e\u015fittir ama baz\u0131 hayvanlar di\u011ferlerinden daha e\u015fittir.\u201d   Ger\u00e7ek ismi Eric Blair olan George Orwell, Burma\u2019daki polislik g\u00f6revinden istifa ettikten sonra, \u00fclkeyi terk edip d\u00fc\u015f\u00fck \u00fccretli i\u015flerde \u00e7al\u0131\u015fan yoksul insanlar\u0131n aras\u0131nda ya\u015famaya karar verdi. Halk\u0131n aras\u0131na kar\u0131\u015fabilmek i\u00e7in y\u0131rt\u0131k k\u0131yafetler giydi, Paris\u2019te gecekondu mahallelerinde ya\u015fad\u0131, dilencilerle ve sokak \u00e7ocuklar\u0131yla k\u00f6pr\u00fc altlar\u0131nda uyudu\u011fu oldu. Ailesinin, iyi e\u011fitimli o\u011fullar\u0131n\u0131n bula\u015f\u0131k\u00e7\u0131l\u0131k yap\u0131p dilencilerle birlikte uyudu\u011funu ho\u015f kar\u015f\u0131lamayaca\u011f\u0131n\u0131 d\u00fc\u015f\u00fcnd\u00fc\u011f\u00fc i\u00e7in eserlerini George Orwell ismiyle yay\u0131mlad\u0131. HAYVAN \u00c7\u0130FTL\u0130\u011e\u0130 adl\u0131 politik ta\u015flamalarla dolu bu kitab\u0131, 1917 Rus Devrimi\u2019ne ve Sovyetler Birli\u011fi\u2019nin Stalinci d\u00f6nemine kadar uzanan s\u00fcrecin bir kriti\u011fi&#8230; Yay\u0131mland\u0131\u011f\u0131 g\u00fcnden bu yana, 20. y\u00fczy\u0131l\u0131n en \u00f6nemli kitaplar\u0131 aras\u0131nda g\u00f6sterilen bu eser, \u00f6zg\u00fcrl\u00fcklerin tehdit edildi\u011fi g\u00fcn\u00fcm\u00fcz d\u00fcnyas\u0131 i\u00e7in de hayli d\u00fc\u015f\u00fcnd\u00fcr\u00fcc\u00fc ve yol buldurucu bir roman olma niteli\u011fini korumaya devam ediyor. <\/p>\n","protected":false},"excerpt":{"rendered":"<p>\u201cB\u00fct\u00fcn hayvanlar e\u015fittir ama baz\u0131 hayvanlar di\u011ferlerinden daha e\u015fittir.\u201d Ger\u00e7ek ismi Eric Blair olan George Orwell, Burma\u2019daki polislik g\u00f6revinden istifa ettikten sonra, \u00fclkeyi terk edip d\u00fc\u015f\u00fck<span class=\"excerpt-hellip\"> [\u2026]<\/span><\/p>\n","protected":false},"featured_media":0,"template":"","meta":{"_monsterinsights_skip_tracking":false,"_monsterinsights_sitenote_active":false,"_monsterinsights_sitenote_note":"","_monsterinsights_sitenote_category":0},"product_brand":[],"product_cat":[12291,12711],"product_tag":[],"class_list":{"0":"post-730283","1":"product","2":"type-product","3":"status-publish","5":"product_cat-edebiyat","6":"product_cat-roman-oyku","7":"pa_cilt-ciltsiz","8":"pa_tur-kitap","9":"pa_yayinevi-destek-yayinlari","10":"pa_yazar-george-orwell","12":"first","13":"instock","14":"sale","15":"shipping-taxable","16":"purchasable","17":"product-type-simple"},"_links":{"self":[{"href":"https:\/\/roveyayinevi.com.tr\/index.php\/wp-json\/wp\/v2\/product\/730283","targetHints":{"allow":["GET"]}}],"collection":[{"href":"https:\/\/roveyayinevi.com.tr\/index.php\/wp-json\/wp\/v2\/product"}],"about":[{"href":"https:\/\/roveyayinevi.com.tr\/index.php\/wp-json\/wp\/v2\/types\/product"}],"wp:attachment":[{"href":"https:\/\/roveyayinevi.com.tr\/index.php\/wp-json\/wp\/v2\/media?parent=730283"}],"wp:term":[{"taxonomy":"product_brand","embeddable":true,"href":"https:\/\/roveyayinevi.com.tr\/index.php\/wp-json\/wp\/v2\/product_brand?post=730283"},{"taxonomy":"product_cat","embeddable":true,"href":"https:\/\/roveyayinevi.com.tr\/index.php\/wp-json\/wp\/v2\/product_cat?post=730283"},{"taxonomy":"product_tag","embeddable":true,"href":"https:\/\/roveyayinevi.com.tr\/index.php\/wp-json\/wp\/v2\/product_tag?post=730283"}],"curies":[{"name":"wp","href":"https:\/\/api.w.org\/{rel}","templated":true}]}}