{"id":730281,"date":"2025-08-27T21:11:44","date_gmt":"2025-08-27T18:11:44","guid":{"rendered":"https:\/\/roveyayinevi.com.tr\/index.php\/urun\/1984-12\/"},"modified":"2026-04-16T02:37:44","modified_gmt":"2026-04-15T23:37:44","slug":"1984-12","status":"publish","type":"product","link":"https:\/\/roveyayinevi.com.tr\/index.php\/urun\/1984-12\/","title":{"rendered":"1984"},"content":{"rendered":"<p>Karanl\u0131\u011f\u0131n olmad\u0131\u011f\u0131 yerde bulu\u015faca\u011f\u0131z.\u201d George Orwell\u2019\u0131n eserlerindeki g\u00fc\u00e7l\u00fc politik ta\u015flamalar\u0131 ve sistem ele\u015ftirileri, kurgular\u0131na d\u00fcnya \u00e7ap\u0131nda bir de\u011fer kazand\u0131rd\u0131. Bas\u0131ld\u0131\u011f\u0131 her dilde b\u00fcy\u00fck ilgi g\u00f6rd\u00fc. Yedi dil konu\u015fma becerisine sahip bir yazar olan Orwell, k\u0131sa ama olduk\u00e7a ilgin\u00e7 bir hayat s\u00fcrd\u00fc. \u0130ki okuldan burs kazanmas\u0131na ra\u011fmen \u00fcniversite e\u011fitimine devam etmeyip bunun yerine Burma Polis Kuvvetleri\u2019nde Kraliyet Polisi olarak hizmet etmeyi se\u00e7ti. Bu hizmetinde \u00e7ok ba\u015far\u0131l\u0131yd\u0131 ama zamanla Burma halk\u0131n\u0131n \u0130ngilizler taraf\u0131ndan y\u00f6netilmekten memnun olmad\u0131\u011f\u0131n\u0131 ve de\u011ferlere ayk\u0131r\u0131 davrand\u0131\u011f\u0131n\u0131 fark edince i\u015fler de\u011fi\u015fti. G\u00f6revinden istifa edip, yazmaya ba\u015flad\u0131. Yazar\u0131n 1984 adl\u0131 bu roman\u0131, ilk kez 1949\u2019da bas\u0131ld\u0131. Yaz\u0131ld\u0131\u011f\u0131 zaman\u0131n \u00e7ok \u00f6tesinde bir distopya oldu\u011funu, bu \u00e7a\u011f\u0131n sosyal, ekonomik ve politik dinamiklerine bakarak anlamak \u00e7ok daha m\u00fcmk\u00fcn. Bu kitap, bir h\u00fck\u00fcmetin bilgiden haf\u0131zaya kadar her alanda kontrol sa\u011flamaya \u00e7al\u0131\u015ft\u0131\u011f\u0131 bir d\u00fcnyada ger\u00e7e\u011fin, bireyselli\u011fin ve \u00f6zg\u00fcrl\u00fc\u011f\u00fcn yok edilmesini konu ediyor. Ger\u00e7ekle\u015fmek \u00fczere olan bir gelece\u011fin unutulmaz bir kehaneti gibi adeta. <\/p>\n","protected":false},"excerpt":{"rendered":"<p>Karanl\u0131\u011f\u0131n olmad\u0131\u011f\u0131 yerde bulu\u015faca\u011f\u0131z.\u201d George Orwell\u2019\u0131n eserlerindeki g\u00fc\u00e7l\u00fc politik ta\u015flamalar\u0131 ve sistem ele\u015ftirileri, kurgular\u0131na d\u00fcnya \u00e7ap\u0131nda bir de\u011fer kazand\u0131rd\u0131. Bas\u0131ld\u0131\u011f\u0131 her dilde b\u00fcy\u00fck ilgi g\u00f6rd\u00fc. Yedi<span class=\"excerpt-hellip\"> [\u2026]<\/span><\/p>\n","protected":false},"featured_media":0,"template":"","meta":{"_monsterinsights_skip_tracking":false,"_monsterinsights_sitenote_active":false,"_monsterinsights_sitenote_note":"","_monsterinsights_sitenote_category":0},"product_brand":[],"product_cat":[12291,12711],"product_tag":[],"class_list":{"0":"post-730281","1":"product","2":"type-product","3":"status-publish","5":"product_cat-edebiyat","6":"product_cat-roman-oyku","7":"pa_cilt-ciltsiz","8":"pa_tur-kitap","9":"pa_yayinevi-destek-yayinlari","10":"pa_yazar-george-orwell","12":"first","13":"instock","14":"sale","15":"shipping-taxable","16":"purchasable","17":"product-type-simple"},"_links":{"self":[{"href":"https:\/\/roveyayinevi.com.tr\/index.php\/wp-json\/wp\/v2\/product\/730281","targetHints":{"allow":["GET"]}}],"collection":[{"href":"https:\/\/roveyayinevi.com.tr\/index.php\/wp-json\/wp\/v2\/product"}],"about":[{"href":"https:\/\/roveyayinevi.com.tr\/index.php\/wp-json\/wp\/v2\/types\/product"}],"wp:attachment":[{"href":"https:\/\/roveyayinevi.com.tr\/index.php\/wp-json\/wp\/v2\/media?parent=730281"}],"wp:term":[{"taxonomy":"product_brand","embeddable":true,"href":"https:\/\/roveyayinevi.com.tr\/index.php\/wp-json\/wp\/v2\/product_brand?post=730281"},{"taxonomy":"product_cat","embeddable":true,"href":"https:\/\/roveyayinevi.com.tr\/index.php\/wp-json\/wp\/v2\/product_cat?post=730281"},{"taxonomy":"product_tag","embeddable":true,"href":"https:\/\/roveyayinevi.com.tr\/index.php\/wp-json\/wp\/v2\/product_tag?post=730281"}],"curies":[{"name":"wp","href":"https:\/\/api.w.org\/{rel}","templated":true}]}}