{"id":730279,"date":"2025-08-27T21:11:42","date_gmt":"2025-08-27T18:11:42","guid":{"rendered":"https:\/\/roveyayinevi.com.tr\/index.php\/urun\/bir-sey-soyle\/"},"modified":"2026-04-16T02:37:44","modified_gmt":"2026-04-15T23:37:44","slug":"bir-sey-soyle","status":"publish","type":"product","link":"https:\/\/roveyayinevi.com.tr\/index.php\/urun\/bir-sey-soyle\/","title":{"rendered":"Bir \u015eey S\u00f6yle"},"content":{"rendered":"<p>D\u00fcnyan\u0131n senin sesini duymaya ihtiyac\u0131 var. Bir \u015fey s\u00f6yle!Kelimelerinle, sanat\u0131nla, m\u00fczi\u011finle, \u015fiirinle, cesaretinle ya da sadece varl\u0131\u011f\u0131nla!Ve unutma, y\u00fcrekten oldu\u011fu s\u00fcrece s\u00f6ylediklerin m\u00fckemmel olmak zorunda de\u011fil! \u00c7ocuklu\u011fun Ozan\u0131 Peter H. Reynolds yine ilham veriyor, iyile\u015ftiriyor, de\u011fi\u015ftiriyor, d\u00f6n\u00fc\u015ft\u00fcr\u00fcyor&#8230;<\/p>\n","protected":false},"excerpt":{"rendered":"<p>D\u00fcnyan\u0131n senin sesini duymaya ihtiyac\u0131 var. Bir \u015fey s\u00f6yle!Kelimelerinle, sanat\u0131nla, m\u00fczi\u011finle, \u015fiirinle, cesaretinle ya da sadece varl\u0131\u011f\u0131nla!Ve unutma, y\u00fcrekten oldu\u011fu s\u00fcrece s\u00f6ylediklerin m\u00fckemmel olmak zorunda de\u011fil!<span class=\"excerpt-hellip\"> [\u2026]<\/span><\/p>\n","protected":false},"featured_media":0,"template":"","meta":{"_monsterinsights_skip_tracking":false,"_monsterinsights_sitenote_active":false,"_monsterinsights_sitenote_note":"","_monsterinsights_sitenote_category":0},"product_brand":[],"product_cat":[12913,12274],"product_tag":[],"class_list":{"0":"post-730279","1":"product","2":"type-product","3":"status-publish","5":"product_cat-3-6-yas-kitaplari","6":"product_cat-cocuk-ve-genclik-kitaplari","7":"pa_cilt-ciltsiz","8":"pa_tur-kitap","9":"pa_yayinevi-altin-kitaplar","10":"pa_yazar-peter-h-reynolds","12":"first","13":"instock","14":"sale","15":"shipping-taxable","16":"purchasable","17":"product-type-simple"},"_links":{"self":[{"href":"https:\/\/roveyayinevi.com.tr\/index.php\/wp-json\/wp\/v2\/product\/730279","targetHints":{"allow":["GET"]}}],"collection":[{"href":"https:\/\/roveyayinevi.com.tr\/index.php\/wp-json\/wp\/v2\/product"}],"about":[{"href":"https:\/\/roveyayinevi.com.tr\/index.php\/wp-json\/wp\/v2\/types\/product"}],"wp:attachment":[{"href":"https:\/\/roveyayinevi.com.tr\/index.php\/wp-json\/wp\/v2\/media?parent=730279"}],"wp:term":[{"taxonomy":"product_brand","embeddable":true,"href":"https:\/\/roveyayinevi.com.tr\/index.php\/wp-json\/wp\/v2\/product_brand?post=730279"},{"taxonomy":"product_cat","embeddable":true,"href":"https:\/\/roveyayinevi.com.tr\/index.php\/wp-json\/wp\/v2\/product_cat?post=730279"},{"taxonomy":"product_tag","embeddable":true,"href":"https:\/\/roveyayinevi.com.tr\/index.php\/wp-json\/wp\/v2\/product_tag?post=730279"}],"curies":[{"name":"wp","href":"https:\/\/api.w.org\/{rel}","templated":true}]}}