{"id":730278,"date":"2025-08-27T21:11:41","date_gmt":"2025-08-27T18:11:41","guid":{"rendered":"https:\/\/roveyayinevi.com.tr\/index.php\/urun\/avonlea-yesilin-kizi-anne-2-ciltli\/"},"modified":"2026-04-16T02:37:44","modified_gmt":"2026-04-15T23:37:44","slug":"avonlea-yesilin-kizi-anne-2-ciltli","status":"publish","type":"product","link":"https:\/\/roveyayinevi.com.tr\/index.php\/urun\/avonlea-yesilin-kizi-anne-2-ciltli\/","title":{"rendered":"Avonlea Ye\u015filin K\u0131z\u0131 Anne 2 (Ciltli)"},"content":{"rendered":"<p>\u201cBazen A\u015fk, Tohumunu Patlatan Bir G\u00fcl Goncas\u0131 Gibi, G\u00fczel Bir Dostluktan Do\u011fabilir.\u201dAnne evlatl\u0131k geldi\u011fi Ye\u015fil Ev\u2019e iyice ba\u011flanm\u0131\u015f, Cuthbert karde\u015flerden Matthew\u2019un \u00f6l\u00fcm\u00fcn\u00fcn ard\u0131ndan Marilla\u2019yla da iyice yak\u0131nla\u015fm\u0131\u015ft\u0131r. Art\u0131k on alt\u0131 ya\u015f\u0131ndad\u0131r ve yeti\u015fkinli\u011fe biraz daha yakla\u015f\u0131rken yeni sorumluluklar al\u0131r. Akademideki e\u011fitimini tamamlad\u0131ktan sonra hayallerini erteleyerek Avonlea\u2019de kal\u0131p k\u00f6y\u00fcn okulunda \u00f6\u011fretmenlik yapmaya karar verir. Farkl\u0131 insanlar tan\u0131d\u0131\u011f\u0131 bu yeni maceras\u0131 onun i\u00e7in \u00f6nemli ve de\u011ferli bir e\u011fitim s\u00fcreci olur.Anne Shirley i\u00e7indeki \u00e7ocu\u011fu kaybetmeden; Hu\u015f Patikas\u0131\u2019ndan, Perili Orman\u2019dan ve hayallerinden vazge\u00e7meden yeni planlar\u0131n\u0131 hayata ge\u00e7irmek \u00fczere bir ad\u0131m atar.<\/p>\n","protected":false},"excerpt":{"rendered":"<p>\u201cBazen A\u015fk, Tohumunu Patlatan Bir G\u00fcl Goncas\u0131 Gibi, G\u00fczel Bir Dostluktan Do\u011fabilir.\u201dAnne evlatl\u0131k geldi\u011fi Ye\u015fil Ev\u2019e iyice ba\u011flanm\u0131\u015f, Cuthbert karde\u015flerden Matthew\u2019un \u00f6l\u00fcm\u00fcn\u00fcn ard\u0131ndan Marilla\u2019yla da iyice<span class=\"excerpt-hellip\"> [\u2026]<\/span><\/p>\n","protected":false},"featured_media":0,"template":"","meta":{"_monsterinsights_skip_tracking":false,"_monsterinsights_sitenote_active":false,"_monsterinsights_sitenote_note":"","_monsterinsights_sitenote_category":0},"product_brand":[],"product_cat":[12291,12711],"product_tag":[],"class_list":{"0":"post-730278","1":"product","2":"type-product","3":"status-publish","5":"product_cat-edebiyat","6":"product_cat-roman-oyku","7":"pa_cilt-ciltli","8":"pa_tur-kitap","9":"pa_yayinevi-artemis-yayinlari","10":"pa_yazar-lucy-maud-montgomery","12":"first","13":"instock","14":"sale","15":"shipping-taxable","16":"purchasable","17":"product-type-simple"},"_links":{"self":[{"href":"https:\/\/roveyayinevi.com.tr\/index.php\/wp-json\/wp\/v2\/product\/730278","targetHints":{"allow":["GET"]}}],"collection":[{"href":"https:\/\/roveyayinevi.com.tr\/index.php\/wp-json\/wp\/v2\/product"}],"about":[{"href":"https:\/\/roveyayinevi.com.tr\/index.php\/wp-json\/wp\/v2\/types\/product"}],"wp:attachment":[{"href":"https:\/\/roveyayinevi.com.tr\/index.php\/wp-json\/wp\/v2\/media?parent=730278"}],"wp:term":[{"taxonomy":"product_brand","embeddable":true,"href":"https:\/\/roveyayinevi.com.tr\/index.php\/wp-json\/wp\/v2\/product_brand?post=730278"},{"taxonomy":"product_cat","embeddable":true,"href":"https:\/\/roveyayinevi.com.tr\/index.php\/wp-json\/wp\/v2\/product_cat?post=730278"},{"taxonomy":"product_tag","embeddable":true,"href":"https:\/\/roveyayinevi.com.tr\/index.php\/wp-json\/wp\/v2\/product_tag?post=730278"}],"curies":[{"name":"wp","href":"https:\/\/api.w.org\/{rel}","templated":true}]}}