{"id":730277,"date":"2025-08-27T21:11:40","date_gmt":"2025-08-27T18:11:40","guid":{"rendered":"https:\/\/roveyayinevi.com.tr\/index.php\/urun\/buyuk-atlas-kucuk-canlilar\/"},"modified":"2026-04-16T02:37:44","modified_gmt":"2026-04-15T23:37:44","slug":"buyuk-atlas-kucuk-canlilar","status":"publish","type":"product","link":"https:\/\/roveyayinevi.com.tr\/index.php\/urun\/buyuk-atlas-kucuk-canlilar\/","title":{"rendered":"B\u00fcy\u00fck Atlas K\u00fc\u00e7\u00fck Canl\u0131lar"},"content":{"rendered":"<p>Ge\u00e7mi\u015fin insanlar\u0131 zaman\u0131n trafi\u011fini de\u011fi\u015ftiriyor; yakalanan anlarla birlikte her \u015fey aray\u0131\u015flar\u0131n ve ka\u00e7\u0131\u015flar\u0131n, ertelemelerin ve kavu\u015fmalar\u0131n tesad\u00fcfi dizilimiyle Berlin\u2019de, gece sessiz olunmas\u0131 gereken bir balkona ta\u015f\u0131n\u0131yor. Bar\u0131\u015f Pirhasan, zihin \u00e7ekmecesini kar\u0131\u015ft\u0131r\u0131rken yoksulluklara kendi giden a\u015f\u0131klardan hastane odalar\u0131ndaki arkada\u015flara kadar hayat\u0131n\u0131n t\u00fcm insanlar\u0131n\u0131 kendi g\u00f6lgeleri gibi uzat\u0131p k\u0131salt\u0131yor. K\u0131p\u0131rt\u0131s\u0131n\u0131 ve heyecan\u0131n\u0131 muhafaza eden \u015fiirler, bu kez biraz daha y\u00fcksek bir sesle okunuyor. <\/p>\n","protected":false},"excerpt":{"rendered":"<p>Ge\u00e7mi\u015fin insanlar\u0131 zaman\u0131n trafi\u011fini de\u011fi\u015ftiriyor; yakalanan anlarla birlikte her \u015fey aray\u0131\u015flar\u0131n ve ka\u00e7\u0131\u015flar\u0131n, ertelemelerin ve kavu\u015fmalar\u0131n tesad\u00fcfi dizilimiyle Berlin\u2019de, gece sessiz olunmas\u0131 gereken bir balkona ta\u015f\u0131n\u0131yor.<span class=\"excerpt-hellip\"> [\u2026]<\/span><\/p>\n","protected":false},"featured_media":0,"template":"","meta":{"_monsterinsights_skip_tracking":false,"_monsterinsights_sitenote_active":false,"_monsterinsights_sitenote_note":"","_monsterinsights_sitenote_category":0},"product_brand":[],"product_cat":[12291,12509],"product_tag":[],"class_list":{"0":"post-730277","1":"product","2":"type-product","3":"status-publish","5":"product_cat-edebiyat","6":"product_cat-siir","7":"pa_cilt-ciltsiz","8":"pa_tur-kitap","9":"pa_yayinevi-kara-karga-yayinlari","10":"pa_yazar-baris-pirhasan","12":"first","13":"instock","14":"sale","15":"shipping-taxable","16":"purchasable","17":"product-type-simple"},"_links":{"self":[{"href":"https:\/\/roveyayinevi.com.tr\/index.php\/wp-json\/wp\/v2\/product\/730277","targetHints":{"allow":["GET"]}}],"collection":[{"href":"https:\/\/roveyayinevi.com.tr\/index.php\/wp-json\/wp\/v2\/product"}],"about":[{"href":"https:\/\/roveyayinevi.com.tr\/index.php\/wp-json\/wp\/v2\/types\/product"}],"wp:attachment":[{"href":"https:\/\/roveyayinevi.com.tr\/index.php\/wp-json\/wp\/v2\/media?parent=730277"}],"wp:term":[{"taxonomy":"product_brand","embeddable":true,"href":"https:\/\/roveyayinevi.com.tr\/index.php\/wp-json\/wp\/v2\/product_brand?post=730277"},{"taxonomy":"product_cat","embeddable":true,"href":"https:\/\/roveyayinevi.com.tr\/index.php\/wp-json\/wp\/v2\/product_cat?post=730277"},{"taxonomy":"product_tag","embeddable":true,"href":"https:\/\/roveyayinevi.com.tr\/index.php\/wp-json\/wp\/v2\/product_tag?post=730277"}],"curies":[{"name":"wp","href":"https:\/\/api.w.org\/{rel}","templated":true}]}}