{"id":730275,"date":"2025-08-27T21:11:38","date_gmt":"2025-08-27T18:11:38","guid":{"rendered":"https:\/\/roveyayinevi.com.tr\/index.php\/urun\/etkili-iliskinin-7-aliskanligi\/"},"modified":"2026-04-03T02:45:24","modified_gmt":"2026-04-02T23:45:24","slug":"etkili-iliskinin-7-aliskanligi","status":"publish","type":"product","link":"https:\/\/roveyayinevi.com.tr\/index.php\/urun\/etkili-iliskinin-7-aliskanligi\/","title":{"rendered":"Etkili \u0130li\u015fkinin 7 Al\u0131\u015fkanl\u0131\u011f\u0131"},"content":{"rendered":"<p>Dr. Stephen R. Covey, g\u00fc\u00e7l\u00fc ili\u015fkilerin \u00f6yle kendili\u011finden ortaya \u00e7\u0131kmad\u0131\u011f\u0131n\u0131; \u00e7iftlerin ortak enerjisine, yetene\u011fine, arzusuna, vizyonuna ve ba\u011fl\u0131l\u0131\u011f\u0131na ihtiya\u00e7 duydu\u011funu belirtir.   Etkili \u0130li\u015fkinin 7 Al\u0131\u015fkanl\u0131\u011f\u0131: \u00c7alkant\u0131l\u0131 Bir D\u00fcnyada \u0130li\u015fkinizi \u00d6ncelik Haline Getirin, \u00e7iftlerin daha etkili ileti\u015fim kurmalar\u0131na ve sorunlar\u0131n\u0131 \u00e7\u00f6zmelerine olanak tan\u0131yan evrensel 7 Al\u0131\u015fkanl\u0131\u011f\u0131 uygulamak i\u00e7in ihtiya\u00e7 duydu\u011fumuz \u00e7er\u00e7eveyi ortaya koyuyor.   G\u00fcn\u00fcm\u00fcz d\u00fcnyas\u0131nda etkili bir ili\u015fki i\u00e7in g\u00fc\u00e7l\u00fc bir birliktelik ve aile yaratma arzusu yeterli de\u011fil, zorluklarla ba\u015fa \u00e7\u0131kmak i\u00e7in yeni bir zihniyet gerekiyor. G\u00fc\u00e7l\u00fc, mutlu, samimi ve cinsel a\u00e7\u0131dan tatmin edici bir birlikteli\u011fe giden yolda ili\u015fkinize \u00f6ncelik verebilmek, bir \u00e7ift olarak kendi rit\u00fcellerinizi olu\u015fturabilmek, ortak bir misyonu payla\u015fabilmek ve birlikte daha kaliteli zaman ge\u00e7irebilmek i\u00e7in 7 Al\u0131\u015fkanl\u0131\u011f\u0131n size rehberlik etmesine izin verin.   Etkili \u0130nsanlar\u0131n 7 Al\u0131\u015fkanl\u0131\u011f\u0131, y\u0131llard\u0131r e\u011fitimcilerin, ebeveynlerin ve \u00f6\u011frencilerin hayatlar\u0131n\u0131 de\u011fi\u015ftiriyor. Dr. Stephen R. Covey ve e\u015fi Sandra\u2019n\u0131n elli y\u0131ll\u0131k evlilikleri \u00fczerine in\u015fa edilen bu kitapta ise, yazarlar\u0131n bu 7 Al\u0131\u015fkanl\u0131\u011f\u0131n ili\u015fkiye ve evlili\u011fe uygulanmas\u0131na dair \u00f6nerileri ile ki\u015fisel deneyimleri bir araya geliyor. <\/p>\n","protected":false},"excerpt":{"rendered":"<p>Dr. Stephen R. Covey, g\u00fc\u00e7l\u00fc ili\u015fkilerin \u00f6yle kendili\u011finden ortaya \u00e7\u0131kmad\u0131\u011f\u0131n\u0131; \u00e7iftlerin ortak enerjisine, yetene\u011fine, arzusuna, vizyonuna ve ba\u011fl\u0131l\u0131\u011f\u0131na ihtiya\u00e7 duydu\u011funu belirtir. Etkili \u0130li\u015fkinin 7 Al\u0131\u015fkanl\u0131\u011f\u0131: \u00c7alkant\u0131l\u0131<span class=\"excerpt-hellip\"> [\u2026]<\/span><\/p>\n","protected":false},"featured_media":0,"template":"","meta":{"_monsterinsights_skip_tracking":false,"_monsterinsights_sitenote_active":false,"_monsterinsights_sitenote_note":"","_monsterinsights_sitenote_category":0},"product_brand":[],"product_cat":[12364,12376],"product_tag":[],"class_list":{"0":"post-730275","1":"product","2":"type-product","3":"status-publish","5":"product_cat-genel-konular","6":"product_cat-kisisel-gelisim","7":"pa_cilt-ciltsiz","8":"pa_tur-kitap","9":"pa_yayinevi-nova-kitap","10":"pa_yazar-stephen-r-covey","12":"first","13":"instock","14":"sale","15":"shipping-taxable","16":"purchasable","17":"product-type-simple"},"_links":{"self":[{"href":"https:\/\/roveyayinevi.com.tr\/index.php\/wp-json\/wp\/v2\/product\/730275","targetHints":{"allow":["GET"]}}],"collection":[{"href":"https:\/\/roveyayinevi.com.tr\/index.php\/wp-json\/wp\/v2\/product"}],"about":[{"href":"https:\/\/roveyayinevi.com.tr\/index.php\/wp-json\/wp\/v2\/types\/product"}],"wp:attachment":[{"href":"https:\/\/roveyayinevi.com.tr\/index.php\/wp-json\/wp\/v2\/media?parent=730275"}],"wp:term":[{"taxonomy":"product_brand","embeddable":true,"href":"https:\/\/roveyayinevi.com.tr\/index.php\/wp-json\/wp\/v2\/product_brand?post=730275"},{"taxonomy":"product_cat","embeddable":true,"href":"https:\/\/roveyayinevi.com.tr\/index.php\/wp-json\/wp\/v2\/product_cat?post=730275"},{"taxonomy":"product_tag","embeddable":true,"href":"https:\/\/roveyayinevi.com.tr\/index.php\/wp-json\/wp\/v2\/product_tag?post=730275"}],"curies":[{"name":"wp","href":"https:\/\/api.w.org\/{rel}","templated":true}]}}