{"id":730273,"date":"2025-08-27T21:11:37","date_gmt":"2025-08-27T18:11:37","guid":{"rendered":"https:\/\/roveyayinevi.com.tr\/index.php\/urun\/ruhsal-haritam-kendine-uyanis\/"},"modified":"2026-04-16T02:37:44","modified_gmt":"2026-04-15T23:37:44","slug":"ruhsal-haritam-kendine-uyanis","status":"publish","type":"product","link":"https:\/\/roveyayinevi.com.tr\/index.php\/urun\/ruhsal-haritam-kendine-uyanis\/","title":{"rendered":"Ruhsal Haritam Kendine Uyan\u0131\u015f"},"content":{"rendered":"<p>A\u00e7\u0131lmaz denilen kap\u0131lar\u0131n\u0131 a\u00e7maya ne dersin? Unutma, kap\u0131 da sensin kilidi de sen!   Ruhsal Haritam Kendine Uyan\u0131\u015f sizi ruhsal rehberiniz ile bulu\u015fturup i\u00e7sel bir yolculu\u011fa \u00e7\u0131karacak. Kapal\u0131 kap\u0131lar\u0131n\u0131z\u0131n ill\u00fczyonunu a\u015ft\u0131r\u0131p b\u00fct\u00fcn kilitleri k\u0131rd\u0131racak. Kendinden kendine bir ge\u00e7i\u015f sa\u011flayarak d\u00fcnyaya yeniden uyand\u0131racak. Bu kitapta ger\u00e7ek hayat hik\u00e2yelerinin spirit\u00fcel d\u00f6n\u00fc\u015f\u00fcm s\u00fcre\u00e7lerini nefessiz okuyacaks\u0131n\u0131z. Karakterlerin mucizelerine \u015fahitlik ederken kendi blokajlar\u0131n\u0131z\u0131n fark\u0131na var\u0131p zincirlerinizden kurtulacaks\u0131n\u0131z. Kitab\u0131n i\u00e7erisindeki afirmasyon tekni\u011fi ile de ya\u015fam\u0131n\u0131za mucize tohumlar\u0131n\u0131 nas\u0131l ekece\u011finizi \u00f6\u011frenip kendinize yepyeni bir ya\u015fam ba\u015flatacaks\u0131n\u0131z. Mucize olup \u00e7o\u011falmaya haz\u0131r m\u0131s\u0131n\u0131z?   \u201cKendi karanl\u0131\u011f\u0131na mum olmay\u0131 se\u00e7enler kazanacak!\u201d <\/p>\n","protected":false},"excerpt":{"rendered":"<p>A\u00e7\u0131lmaz denilen kap\u0131lar\u0131n\u0131 a\u00e7maya ne dersin? Unutma, kap\u0131 da sensin kilidi de sen! Ruhsal Haritam Kendine Uyan\u0131\u015f sizi ruhsal rehberiniz ile bulu\u015fturup i\u00e7sel bir yolculu\u011fa \u00e7\u0131karacak.<span class=\"excerpt-hellip\"> [\u2026]<\/span><\/p>\n","protected":false},"featured_media":0,"template":"","meta":{"_monsterinsights_skip_tracking":false,"_monsterinsights_sitenote_active":false,"_monsterinsights_sitenote_note":"","_monsterinsights_sitenote_category":0},"product_brand":[],"product_cat":[12364,12376],"product_tag":[],"class_list":{"0":"post-730273","1":"product","2":"type-product","3":"status-publish","5":"product_cat-genel-konular","6":"product_cat-kisisel-gelisim","7":"pa_cilt-ciltsiz","8":"pa_tur-kitap","9":"pa_yayinevi-muptela-yayinevi","10":"pa_yazar-kevser-demet","12":"first","13":"instock","14":"sale","15":"shipping-taxable","16":"purchasable","17":"product-type-simple"},"_links":{"self":[{"href":"https:\/\/roveyayinevi.com.tr\/index.php\/wp-json\/wp\/v2\/product\/730273","targetHints":{"allow":["GET"]}}],"collection":[{"href":"https:\/\/roveyayinevi.com.tr\/index.php\/wp-json\/wp\/v2\/product"}],"about":[{"href":"https:\/\/roveyayinevi.com.tr\/index.php\/wp-json\/wp\/v2\/types\/product"}],"wp:attachment":[{"href":"https:\/\/roveyayinevi.com.tr\/index.php\/wp-json\/wp\/v2\/media?parent=730273"}],"wp:term":[{"taxonomy":"product_brand","embeddable":true,"href":"https:\/\/roveyayinevi.com.tr\/index.php\/wp-json\/wp\/v2\/product_brand?post=730273"},{"taxonomy":"product_cat","embeddable":true,"href":"https:\/\/roveyayinevi.com.tr\/index.php\/wp-json\/wp\/v2\/product_cat?post=730273"},{"taxonomy":"product_tag","embeddable":true,"href":"https:\/\/roveyayinevi.com.tr\/index.php\/wp-json\/wp\/v2\/product_tag?post=730273"}],"curies":[{"name":"wp","href":"https:\/\/api.w.org\/{rel}","templated":true}]}}