{"id":730272,"date":"2025-08-27T21:11:36","date_gmt":"2025-08-27T18:11:36","guid":{"rendered":"https:\/\/roveyayinevi.com.tr\/index.php\/urun\/ruhsal-haritam-tohumdan-catlamak\/"},"modified":"2026-04-16T02:37:44","modified_gmt":"2026-04-15T23:37:44","slug":"ruhsal-haritam-tohumdan-catlamak","status":"publish","type":"product","link":"https:\/\/roveyayinevi.com.tr\/index.php\/urun\/ruhsal-haritam-tohumdan-catlamak\/","title":{"rendered":"Ruhsal Haritam Tohumdan \u00c7atlamak"},"content":{"rendered":"<p>\u201cSen \u00e7a\u011f\u0131rd\u0131n, ben de geldim.\u201d Duydun mu, kitap sana seslendi! Bu c\u00fcmle, kitaptan senin i\u00e7in se\u00e7ildi. Belli ki ruhunu silkelemenin, g\u00f6lgelerini ayd\u0131nlatman\u0131n, karanl\u0131\u011f\u0131nla bar\u0131\u015f\u0131p, i\u00e7indeki cevaplara ve kendine ula\u015fman\u0131n vakti gelmi\u015f. Ruhsal Haritam ile yolun kesi\u015fti\u011fine g\u00f6re hayat\u0131n\u0131n sihirli bir \u015fekilde de\u011fi\u015fmeye ba\u015flayaca\u011f\u0131na \u015fahitlik etmeye haz\u0131rs\u0131n demektir.   \u201cRuhsal Haritam\u201d hayat yolculu\u011funda istedi\u011finiz her an e\u015flik edecek olan rehberlerinizle, ilham kaynaklar\u0131n\u0131zla tan\u0131\u015ft\u0131r\u0131p ruhunuzu ayd\u0131nlatacak. Enerji alanlar\u0131n\u0131z\u0131 ve ruhsal yeteneklerinizi nas\u0131l harekete ge\u00e7irece\u011finizi anla\u015f\u0131l\u0131r, sade ve \u00e7arp\u0131c\u0131 bir dille anlatan bu kitaptan sonra hayat\u0131n\u0131z eskisi gibi olmayacak. \u00c7ok daha iyi bir ya\u015fam ve ruh h\u00e2li i\u00e7in neler m\u00fcmk\u00fcnm\u00fc\u015f, birlikte g\u00f6rece\u011fiz.  \u201cRuhsal Haritam \/ Tohumdan \u00c7atlamak\u201d okuyucular\u0131na kendi ruhsal yollar\u0131n\u0131 bulduracak, i\u00e7lerindeki bilgeye ula\u015ft\u0131racak, kadim bilgilerle donatacak ve kendi \u015fifac\u0131 g\u00fc\u00e7lerini aktive edip pranalar\u0131n\u0131 yani ya\u015fam enerjilerini uyand\u0131racak bir eser. <\/p>\n","protected":false},"excerpt":{"rendered":"<p>\u201cSen \u00e7a\u011f\u0131rd\u0131n, ben de geldim.\u201d Duydun mu, kitap sana seslendi! Bu c\u00fcmle, kitaptan senin i\u00e7in se\u00e7ildi. Belli ki ruhunu silkelemenin, g\u00f6lgelerini ayd\u0131nlatman\u0131n, karanl\u0131\u011f\u0131nla bar\u0131\u015f\u0131p, i\u00e7indeki cevaplara<span class=\"excerpt-hellip\"> [\u2026]<\/span><\/p>\n","protected":false},"featured_media":0,"template":"","meta":{"_monsterinsights_skip_tracking":false,"_monsterinsights_sitenote_active":false,"_monsterinsights_sitenote_note":"","_monsterinsights_sitenote_category":0},"product_brand":[],"product_cat":[12364,12376],"product_tag":[],"class_list":{"0":"post-730272","1":"product","2":"type-product","3":"status-publish","5":"product_cat-genel-konular","6":"product_cat-kisisel-gelisim","7":"pa_cilt-ciltsiz","8":"pa_tur-kitap","9":"pa_yayinevi-muptela-yayinevi","10":"pa_yazar-kevser-demet","12":"first","13":"instock","14":"sale","15":"shipping-taxable","16":"purchasable","17":"product-type-simple"},"_links":{"self":[{"href":"https:\/\/roveyayinevi.com.tr\/index.php\/wp-json\/wp\/v2\/product\/730272","targetHints":{"allow":["GET"]}}],"collection":[{"href":"https:\/\/roveyayinevi.com.tr\/index.php\/wp-json\/wp\/v2\/product"}],"about":[{"href":"https:\/\/roveyayinevi.com.tr\/index.php\/wp-json\/wp\/v2\/types\/product"}],"wp:attachment":[{"href":"https:\/\/roveyayinevi.com.tr\/index.php\/wp-json\/wp\/v2\/media?parent=730272"}],"wp:term":[{"taxonomy":"product_brand","embeddable":true,"href":"https:\/\/roveyayinevi.com.tr\/index.php\/wp-json\/wp\/v2\/product_brand?post=730272"},{"taxonomy":"product_cat","embeddable":true,"href":"https:\/\/roveyayinevi.com.tr\/index.php\/wp-json\/wp\/v2\/product_cat?post=730272"},{"taxonomy":"product_tag","embeddable":true,"href":"https:\/\/roveyayinevi.com.tr\/index.php\/wp-json\/wp\/v2\/product_tag?post=730272"}],"curies":[{"name":"wp","href":"https:\/\/api.w.org\/{rel}","templated":true}]}}