{"id":730271,"date":"2025-08-27T21:11:35","date_gmt":"2025-08-27T18:11:35","guid":{"rendered":"https:\/\/roveyayinevi.com.tr\/index.php\/urun\/katil-buse\/"},"modified":"2026-04-16T02:37:44","modified_gmt":"2026-04-15T23:37:44","slug":"katil-buse","status":"publish","type":"product","link":"https:\/\/roveyayinevi.com.tr\/index.php\/urun\/katil-buse\/","title":{"rendered":"Katil Buse"},"content":{"rendered":"<p>\u201cKatil Buse\u201d, \u201cMelek Sanm\u0131\u015ft\u0131m \u015eeytan\u0131\u201d, \u201cG\u00f6n\u00fcl Ticareti\u201d, \u201c\u00c7ocu\u011fumun Babas\u0131\u201d&#8230; H\u00fcseyin Rahmi G\u00fcrp\u0131nar, o hi\u00e7bir detay\u0131 ka\u00e7\u0131rmayan, en gizli sevdalar\u0131, en derin yaralar\u0131 g\u00f6rmekte usta g\u00f6zlerini bu sefer kapal\u0131 kap\u0131lar ard\u0131nda, kar\u0131 kocalar ve metresler, \u00e2\u015f\u0131klar \u00fczerinde gezdiriyor. H\u00fcseyin Rahmi\u2019nin sadakatsizleri size g\u00f6n\u00fcl ili\u015fkilerinin en mahrem s\u0131rlar\u0131n\u0131 vermek \u00fczere bu ciltte bir araya geliyor.   \u201cBen kar\u0131m\u0131 seviyorum. O da ba\u015fkas\u0131na g\u00f6n\u00fcll\u00fc. B\u0131rakay\u0131m da b\u00fcsb\u00fct\u00fcn sevgilisine mi gitsin? Hay\u0131r. \u00d6ld\u00fcreyim de a\u015fk\u0131m topra\u011fa m\u0131 g\u00f6m\u00fcls\u00fcn? Hay\u0131r. Sevmek hayat\u0131n en b\u00fcy\u00fck lezzetidir. Sevgiyi \u015fiddetlendiren k\u0131skan\u00e7l\u0131k bu tad\u0131 artt\u0131r\u0131yor. Kar\u0131m bana ihanet cehenneminin alevleri aras\u0131nda cennetin g\u00fcl bah\u00e7elerini g\u00f6steriyor. Cennetin lezzetlerini cehennemin alevleriyle kar\u0131\u015ft\u0131rarak beni \u00f6ld\u00fcr\u00fcp \u00f6ld\u00fcr\u00fcp diriltiyor. Ben bu anlat\u0131lmaz zevkin alevleri i\u00e7inde \u00c2\u015f\u0131k Kerem gibi t\u00fcterek yan\u0131yorum.\u201d <\/p>\n","protected":false},"excerpt":{"rendered":"<p>\u201cKatil Buse\u201d, \u201cMelek Sanm\u0131\u015ft\u0131m \u015eeytan\u0131\u201d, \u201cG\u00f6n\u00fcl Ticareti\u201d, \u201c\u00c7ocu\u011fumun Babas\u0131\u201d&#8230; H\u00fcseyin Rahmi G\u00fcrp\u0131nar, o hi\u00e7bir detay\u0131 ka\u00e7\u0131rmayan, en gizli sevdalar\u0131, en derin yaralar\u0131 g\u00f6rmekte usta g\u00f6zlerini bu<span class=\"excerpt-hellip\"> [\u2026]<\/span><\/p>\n","protected":false},"featured_media":0,"template":"","meta":{"_monsterinsights_skip_tracking":false,"_monsterinsights_sitenote_active":false,"_monsterinsights_sitenote_note":"","_monsterinsights_sitenote_category":0},"product_brand":[],"product_cat":[12291,12711],"product_tag":[],"class_list":{"0":"post-730271","1":"product","2":"type-product","3":"status-publish","5":"product_cat-edebiyat","6":"product_cat-roman-oyku","7":"pa_cilt-ciltsiz","8":"pa_tur-kitap","9":"pa_yayinevi-ithaki-yayinlari","10":"pa_yazar-huseyin-rahmi-gurpinar","12":"first","13":"instock","14":"sale","15":"shipping-taxable","16":"purchasable","17":"product-type-simple"},"_links":{"self":[{"href":"https:\/\/roveyayinevi.com.tr\/index.php\/wp-json\/wp\/v2\/product\/730271","targetHints":{"allow":["GET"]}}],"collection":[{"href":"https:\/\/roveyayinevi.com.tr\/index.php\/wp-json\/wp\/v2\/product"}],"about":[{"href":"https:\/\/roveyayinevi.com.tr\/index.php\/wp-json\/wp\/v2\/types\/product"}],"wp:attachment":[{"href":"https:\/\/roveyayinevi.com.tr\/index.php\/wp-json\/wp\/v2\/media?parent=730271"}],"wp:term":[{"taxonomy":"product_brand","embeddable":true,"href":"https:\/\/roveyayinevi.com.tr\/index.php\/wp-json\/wp\/v2\/product_brand?post=730271"},{"taxonomy":"product_cat","embeddable":true,"href":"https:\/\/roveyayinevi.com.tr\/index.php\/wp-json\/wp\/v2\/product_cat?post=730271"},{"taxonomy":"product_tag","embeddable":true,"href":"https:\/\/roveyayinevi.com.tr\/index.php\/wp-json\/wp\/v2\/product_tag?post=730271"}],"curies":[{"name":"wp","href":"https:\/\/api.w.org\/{rel}","templated":true}]}}