{"id":730270,"date":"2025-08-27T21:11:33","date_gmt":"2025-08-27T18:11:33","guid":{"rendered":"https:\/\/roveyayinevi.com.tr\/index.php\/urun\/captain-america-karanlik-planlar\/"},"modified":"2026-04-16T02:37:44","modified_gmt":"2026-04-15T23:37:44","slug":"captain-america-karanlik-planlar","status":"publish","type":"product","link":"https:\/\/roveyayinevi.com.tr\/index.php\/urun\/captain-america-karanlik-planlar\/","title":{"rendered":"Captain America: Karanl\u0131k Planlar"},"content":{"rendered":"<p>Steve Rogers hayatta kalman\u0131n inceliklerini herkesten daha iyi biliyordu. Onlarca y\u0131l buzun i\u00e7inde kalmak ona bunu \u00f6\u011fretmi\u015fti. Ancak Yenilmezler\u2019in ihtiyac\u0131 olan \u015fey sars\u0131lmaz bir ahlak anlay\u0131\u015f\u0131 ve s\u00fcper g\u00fc\u00e7ten daha fazlas\u0131yd\u0131. Kaptan Amerika, d\u00fcnyay\u0131 zehirlemeyi ama\u00e7layan bir ter\u00f6rist grubunu \u00e7\u00f6kerttikten sonra daha b\u00fcy\u00fck bir tehlikenin fark\u0131na varacakt\u0131. Tedavisi olmayan bir vir\u00fcs y\u0131llard\u0131r onun bedeninde sakl\u0131 duruyordu ve art\u0131k g\u00fcn y\u00fcz\u00fcne \u00e7\u0131km\u0131\u015ft\u0131. D\u00fcnyay\u0131 kurtarmak i\u00e7in, ona cehennem olan yere, yani buzun alt\u0131na d\u00f6nmekten ba\u015fka \u00e7aresi yoktu.Bunu yaparken eski bir tan\u0131d\u0131\u011f\u0131n\u0131 da yan\u0131nda g\u00f6t\u00fcrmek zorundayd\u0131.  Bir Steve Rogers klonu sayesinde kendi \u00f6l\u00fcm\u00fcnden ka\u00e7may\u0131 ba\u015farm\u0131\u015f K\u0131z\u0131l Kurukafa da vir\u00fcs\u00fc ta\u015f\u0131yordu ancak o kendini feda etmeye Kaptan Amerika kadar niyetli de\u011fildi. \u00d6l\u00fcmc\u00fcl hastal\u0131k de\u011fi\u015fip geli\u015ftik\u00e7e yeni \u00f6r\u00fcnt\u00fcler ortaya \u00e7\u0131kacakt\u0131. Kaptan Amerika, vir\u00fcs her tarafa yay\u0131lmadan \u00f6nce K\u0131z\u0131l Kurukafa\u2019y\u0131 durdurabilecek miydi? <\/p>\n","protected":false},"excerpt":{"rendered":"<p>Steve Rogers hayatta kalman\u0131n inceliklerini herkesten daha iyi biliyordu. Onlarca y\u0131l buzun i\u00e7inde kalmak ona bunu \u00f6\u011fretmi\u015fti. Ancak Yenilmezler\u2019in ihtiyac\u0131 olan \u015fey sars\u0131lmaz bir ahlak anlay\u0131\u015f\u0131<span class=\"excerpt-hellip\"> [\u2026]<\/span><\/p>\n","protected":false},"featured_media":0,"template":"","meta":{"_monsterinsights_skip_tracking":false,"_monsterinsights_sitenote_active":false,"_monsterinsights_sitenote_note":"","_monsterinsights_sitenote_category":0},"product_brand":[],"product_cat":[12291,14777],"product_tag":[],"class_list":{"0":"post-730270","1":"product","2":"type-product","3":"status-publish","5":"product_cat-edebiyat","6":"product_cat-fantastik","7":"pa_cilt-ciltsiz","8":"pa_tur-kitap","9":"pa_yayinevi-ithaki-yayinlari","10":"pa_yazar-stefan-petrucha","12":"first","13":"instock","14":"sale","15":"shipping-taxable","16":"purchasable","17":"product-type-simple"},"_links":{"self":[{"href":"https:\/\/roveyayinevi.com.tr\/index.php\/wp-json\/wp\/v2\/product\/730270","targetHints":{"allow":["GET"]}}],"collection":[{"href":"https:\/\/roveyayinevi.com.tr\/index.php\/wp-json\/wp\/v2\/product"}],"about":[{"href":"https:\/\/roveyayinevi.com.tr\/index.php\/wp-json\/wp\/v2\/types\/product"}],"wp:attachment":[{"href":"https:\/\/roveyayinevi.com.tr\/index.php\/wp-json\/wp\/v2\/media?parent=730270"}],"wp:term":[{"taxonomy":"product_brand","embeddable":true,"href":"https:\/\/roveyayinevi.com.tr\/index.php\/wp-json\/wp\/v2\/product_brand?post=730270"},{"taxonomy":"product_cat","embeddable":true,"href":"https:\/\/roveyayinevi.com.tr\/index.php\/wp-json\/wp\/v2\/product_cat?post=730270"},{"taxonomy":"product_tag","embeddable":true,"href":"https:\/\/roveyayinevi.com.tr\/index.php\/wp-json\/wp\/v2\/product_tag?post=730270"}],"curies":[{"name":"wp","href":"https:\/\/api.w.org\/{rel}","templated":true}]}}