{"id":730269,"date":"2025-08-27T21:11:32","date_gmt":"2025-08-27T18:11:32","guid":{"rendered":"https:\/\/roveyayinevi.com.tr\/index.php\/urun\/gozleri-tanriyi-seyrediyordu\/"},"modified":"2025-11-07T06:43:11","modified_gmt":"2025-11-07T03:43:11","slug":"gozleri-tanriyi-seyrediyordu","status":"publish","type":"product","link":"https:\/\/roveyayinevi.com.tr\/index.php\/urun\/gozleri-tanriyi-seyrediyordu\/","title":{"rendered":"G\u00f6zleri Tanr\u0131\u2019y\u0131 Seyrediyordu"},"content":{"rendered":"<p>Toni Morrison\u2019\u0131n zaman\u0131m\u0131z\u0131n en b\u00fcy\u00fck yazarlar\u0131ndan sayd\u0131\u011f\u0131, antropolog, sinemac\u0131, tiyatro oyunu yazar\u0131, \u00f6yk\u00fcc\u00fc ve romanc\u0131 Zora Neale Hurston ateizmiyle, siyah-beyaz toplumsal b\u00fct\u00fcnle\u015fmesine dair g\u00f6r\u00fc\u015fleriyle ayr\u0131ks\u0131 bir isimdi. Ya\u015fad\u0131\u011f\u0131 d\u00f6nemde Harlem R\u00f6nesans\u0131\u2019n\u0131n kilit yazarlar\u0131ndan olsa da yap\u0131tlar\u0131 g\u00f6rmezden gelindi. Ancak Alice Walker\u2019\u0131n 70\u2019lerdeki bir makalesinden sonra ilgi g\u00f6rmeye ba\u015flad\u0131. G\u00f6zleri Tanr\u0131\u2019y\u0131 Seyrediyordu g\u00fcn\u00fcm\u00fczde Afro-Amerikan edebiyat\u0131n\u0131n en \u00e7ok okunan eserlerinden.    G\u00fczeller g\u00fczeli, ba\u015f\u0131na buyruk Janie Crawford b\u00fcy\u00fcklerinin yolundan gitmek istemiyor. G\u00f6nl\u00fcne g\u00f6re sevecek, akl\u0131na eseni yapacak, istedi\u011fi bi\u00e7imde ya\u015fayacak o. Janie tam \u00fc\u00e7 kere evlenecek ve yokluktan zenginli\u011fe, sevgisizlikten a\u015fka yolculu\u011funda bazen ger\u00e7ekten zor olsa da burnunun dikine gitmekten asla vazge\u00e7meyecek.   Zora Neale Hurston\u2019dan G\u00f6zleri Tanr\u0131\u2019y\u0131 Seyrediyordu, uzun s\u00fcre k\u0131ymeti bilinmeyen bir yazar\u0131n ba\u015fyap\u0131t\u0131, kimsenin merhametine ihtiyac\u0131 olmayan ba\u011f\u0131ms\u0131z kad\u0131nlar\u0131n roman\u0131.   \u201cZora Neale Hurston ya\u015fam\u0131nda tam bir afetti, harika bir yazar, muhte\u015fem bir insand\u0131. Muzip bir mizah\u0131 ve akademik bir sa\u011flaml\u0131\u011f\u0131 vard\u0131: Lezzetli bir kar\u0131\u015f\u0131m.\u201d \u2013Maya Angelou   \u201cBenim i\u00e7in bundan daha \u00f6nemli bir kitap yok\u2026 Ge\u00e7mi\u015fte ya da g\u00fcn\u00fcm\u00fczde hi\u00e7bir roman\u0131n yapamad\u0131\u011f\u0131 \u015fekilde hitap ediyor bana.\u201d \u2013Alice Walker <\/p>\n","protected":false},"excerpt":{"rendered":"<p>Toni Morrison\u2019\u0131n zaman\u0131m\u0131z\u0131n en b\u00fcy\u00fck yazarlar\u0131ndan sayd\u0131\u011f\u0131, antropolog, sinemac\u0131, tiyatro oyunu yazar\u0131, \u00f6yk\u00fcc\u00fc ve romanc\u0131 Zora Neale Hurston ateizmiyle, siyah-beyaz toplumsal b\u00fct\u00fcnle\u015fmesine dair g\u00f6r\u00fc\u015fleriyle ayr\u0131ks\u0131 bir<span class=\"excerpt-hellip\"> [\u2026]<\/span><\/p>\n","protected":false},"featured_media":0,"template":"","meta":{"_monsterinsights_skip_tracking":false,"_monsterinsights_sitenote_active":false,"_monsterinsights_sitenote_note":"","_monsterinsights_sitenote_category":0},"product_brand":[],"product_cat":[12291,12711],"product_tag":[],"class_list":{"0":"post-730269","1":"product","2":"type-product","3":"status-publish","5":"product_cat-edebiyat","6":"product_cat-roman-oyku","7":"pa_cilt-ciltsiz","8":"pa_tur-kitap","9":"pa_yayinevi-ithaki-yayinlari","10":"pa_yazar-zora-neale-hurston","12":"first","13":"instock","14":"sale","15":"shipping-taxable","16":"purchasable","17":"product-type-simple"},"_links":{"self":[{"href":"https:\/\/roveyayinevi.com.tr\/index.php\/wp-json\/wp\/v2\/product\/730269","targetHints":{"allow":["GET"]}}],"collection":[{"href":"https:\/\/roveyayinevi.com.tr\/index.php\/wp-json\/wp\/v2\/product"}],"about":[{"href":"https:\/\/roveyayinevi.com.tr\/index.php\/wp-json\/wp\/v2\/types\/product"}],"wp:attachment":[{"href":"https:\/\/roveyayinevi.com.tr\/index.php\/wp-json\/wp\/v2\/media?parent=730269"}],"wp:term":[{"taxonomy":"product_brand","embeddable":true,"href":"https:\/\/roveyayinevi.com.tr\/index.php\/wp-json\/wp\/v2\/product_brand?post=730269"},{"taxonomy":"product_cat","embeddable":true,"href":"https:\/\/roveyayinevi.com.tr\/index.php\/wp-json\/wp\/v2\/product_cat?post=730269"},{"taxonomy":"product_tag","embeddable":true,"href":"https:\/\/roveyayinevi.com.tr\/index.php\/wp-json\/wp\/v2\/product_tag?post=730269"}],"curies":[{"name":"wp","href":"https:\/\/api.w.org\/{rel}","templated":true}]}}