{"id":730266,"date":"2025-08-27T21:11:30","date_gmt":"2025-08-27T18:11:30","guid":{"rendered":"https:\/\/roveyayinevi.com.tr\/index.php\/urun\/freuddan-lacana-psikanaliz\/"},"modified":"2026-04-16T02:37:44","modified_gmt":"2026-04-15T23:37:44","slug":"freuddan-lacana-psikanaliz","status":"publish","type":"product","link":"https:\/\/roveyayinevi.com.tr\/index.php\/urun\/freuddan-lacana-psikanaliz\/","title":{"rendered":"Freud&#8217;dan Lacan&#8217;a Psikanaliz"},"content":{"rendered":"<p>Freud\u2019dan Lacan\u2019a uzanan, yeni bulu\u015flarla, tart\u0131\u015fmalarla dolu uzun yol boyunca psikanaliz hem d\u00f6n\u00fc\u015fm\u00fc\u015f, hem de insan\u0131 a\u00e7\u0131klamak bak\u0131m\u0131ndan be\u015feri bilimleri etkileyecek \u00e7e\u015fitli imk\u00e2nlara sahip oldu\u011funu g\u00f6stermi\u015ftir. Saffet Murat Tura\u2019n\u0131n bu klasikle\u015fmi\u015f kitab\u0131 bir yandan dikkatimizi bu imk\u00e2nlara \u00e7ekip irdelerken bir yandan da Freud\u2019un kavramlar\u0131n\u0131n ve psikanalizin Lacan\u2019\u0131n elinde kazand\u0131\u011f\u0131 yorumu a\u00e7\u0131klamaya, anlamland\u0131rmaya \u00e7al\u0131\u015f\u0131yor. Psikanalizin epistemolojik stat\u00fcs\u00fcn\u00fc ve psikanalizin temel kavram\u0131 olan \u201cbilin\u00e7d\u0131\u015f\u0131\u201dn\u0131n felsefi olarak nas\u0131l m\u00fcmk\u00fcn olabildi\u011fini tart\u0131\u015f\u0131yor; fenomenoloji gelene\u011fi ile Lacan\u2019\u0131n g\u00f6r\u00fc\u015flerini birlikte de\u011ferlendiriyor.\u0130nsan hakk\u0131ndaki bilgilerimizin geli\u015fimi ku\u015fkusuz durmad\u0131\u011f\u0131, g\u00fcn\u00fcm\u00fcze de\u011fin \u00f6zellikle n\u00f6robiyoloji alan\u0131ndaki bulu\u015flarla kimi zaman yanl\u0131\u015flan\u0131p kimi zaman de\u011fi\u015fime u\u011frad\u0131\u011f\u0131 i\u00e7in Tura okurlar\u0131n\u0131 uyar\u0131yor: \u201cKitab\u0131m\u0131n bir tavsiye, bir re\u00e7ete gibi okunmamas\u0131n\u0131 dilerim. Ampirik de\u011feri tart\u0131\u015fmal\u0131 d\u00fc\u015f\u00fcnce sistemleri kar\u015f\u0131s\u0131nda insanlar ya bunlara tamamen biat etmeyi ya da b\u00fcsb\u00fct\u00fcn ink\u00e2r etmeyi se\u00e7iyorlar. Bilimin g\u00fcc\u00fc hata yapmamas\u0131ndan de\u011fil, hatada \u0131srar etmemesinden kaynaklan\u0131r. Bilim bir seferde b\u00fct\u00fcn zamanlar i\u00e7in ge\u00e7erli mutlak do\u011frular\u0131 dile getirmez. Psikanaliz kaynakl\u0131 bilgilerimizin \u00f6nemini reddedemeyiz, ama psikanaliz hakk\u0131ndaki tart\u0131\u015fmalar\u0131n artarak devam etti\u011finin de fark\u0131nda olmal\u0131y\u0131z.\u201d<\/p>\n","protected":false},"excerpt":{"rendered":"<p>Freud\u2019dan Lacan\u2019a uzanan, yeni bulu\u015flarla, tart\u0131\u015fmalarla dolu uzun yol boyunca psikanaliz hem d\u00f6n\u00fc\u015fm\u00fc\u015f, hem de insan\u0131 a\u00e7\u0131klamak bak\u0131m\u0131ndan be\u015feri bilimleri etkileyecek \u00e7e\u015fitli imk\u00e2nlara sahip oldu\u011funu g\u00f6stermi\u015ftir.<span class=\"excerpt-hellip\"> [\u2026]<\/span><\/p>\n","protected":false},"featured_media":0,"template":"","meta":{"_monsterinsights_skip_tracking":false,"_monsterinsights_sitenote_active":false,"_monsterinsights_sitenote_note":"","_monsterinsights_sitenote_category":0},"product_brand":[],"product_cat":[12358,12357],"product_tag":[],"class_list":{"0":"post-730266","1":"product","2":"type-product","3":"status-publish","5":"product_cat-genel-psikoloji","6":"product_cat-psikoloji","7":"pa_cilt-ciltsiz","8":"pa_tur-kitap","9":"pa_yayinevi-metis-yayinlari","10":"pa_yazar-saffet-murat-tura","12":"first","13":"instock","14":"sale","15":"shipping-taxable","16":"purchasable","17":"product-type-simple"},"_links":{"self":[{"href":"https:\/\/roveyayinevi.com.tr\/index.php\/wp-json\/wp\/v2\/product\/730266","targetHints":{"allow":["GET"]}}],"collection":[{"href":"https:\/\/roveyayinevi.com.tr\/index.php\/wp-json\/wp\/v2\/product"}],"about":[{"href":"https:\/\/roveyayinevi.com.tr\/index.php\/wp-json\/wp\/v2\/types\/product"}],"wp:attachment":[{"href":"https:\/\/roveyayinevi.com.tr\/index.php\/wp-json\/wp\/v2\/media?parent=730266"}],"wp:term":[{"taxonomy":"product_brand","embeddable":true,"href":"https:\/\/roveyayinevi.com.tr\/index.php\/wp-json\/wp\/v2\/product_brand?post=730266"},{"taxonomy":"product_cat","embeddable":true,"href":"https:\/\/roveyayinevi.com.tr\/index.php\/wp-json\/wp\/v2\/product_cat?post=730266"},{"taxonomy":"product_tag","embeddable":true,"href":"https:\/\/roveyayinevi.com.tr\/index.php\/wp-json\/wp\/v2\/product_tag?post=730266"}],"curies":[{"name":"wp","href":"https:\/\/api.w.org\/{rel}","templated":true}]}}