{"id":730264,"date":"2025-08-27T21:11:29","date_gmt":"2025-08-27T18:11:29","guid":{"rendered":"https:\/\/roveyayinevi.com.tr\/index.php\/urun\/anlam-ve-nedensellik\/"},"modified":"2026-04-16T02:37:44","modified_gmt":"2026-04-15T23:37:44","slug":"anlam-ve-nedensellik","status":"publish","type":"product","link":"https:\/\/roveyayinevi.com.tr\/index.php\/urun\/anlam-ve-nedensellik\/","title":{"rendered":"Anlam Ve Nedensellik"},"content":{"rendered":"<p>Bu kitap anlaml\u0131l\u0131k olgusunu a\u00e7\u0131klayan bir varl\u0131kbilim sunuyor. Anlaml\u0131l\u0131\u011f\u0131n evrimsel bir geli\u015fim oldu\u011funu, insan dillerindeki anlaml\u0131 t\u00fcmcelerin, do\u011fadaki yal\u0131n belirtilerden ba\u015flayarak, a\u015famalarla karma\u015f\u0131kla\u015f\u0131p i\u00e7erik zenginli\u011fi kazanan ileti\u015fim bi\u00e7imlerinin son basama\u011f\u0131nda yer ald\u0131klar\u0131n\u0131 savunuyor. Anlaml\u0131l\u0131\u011f\u0131n, dile getiren ile dile getirilen \u015feyler aras\u0131ndaki ba\u011f\u0131nt\u0131larda ke\u015ffedilece\u011fini, b\u00f6ylesi ba\u011flant\u0131lar\u0131n en temel bi\u00e7imlerinin \u00f6zsel ve nedensel ba\u011flant\u0131lar olduklar\u0131n\u0131 \u00f6ne s\u00fcr\u00fcyor. Anlam\u0131n kayna\u011f\u0131n\u0131 olu\u015fturan \u00f6zsellik ve nedenselli\u011fi de a\u00e7\u0131klayan bu \u00e7al\u0131\u015fmada, insan ve hayvan ileti\u015fimleri aras\u0131ndaki fark, d\u00fc\u015f\u00fcnme ve dil aras\u0131ndaki \u00f6ncelik ili\u015fkisi gibi konular da tart\u0131\u015f\u0131l\u0131yor.   \u201cAnlam, d\u00fc\u015f\u00fcnce tarihinin her d\u00f6neminde, insanda bazen hayranl\u0131k bazen de ku\u015fku uyand\u0131ran bir t\u00fcr b\u00fcy\u00fc gibi g\u00f6r\u00fclm\u00fc\u015ft\u00fcr. Bunun nedenini anlamak pek g\u00fc\u00e7 de\u011fil. Kendili\u011finde cans\u0131z, g\u00f6steri\u015fsiz ve tekd\u00fcze olan kimi nesne, ses ya da \u00e7izgiler, belli bir de\u011ferlendirmeyle bizim i\u00e7in yepyeni, \u00f6zg\u00fcn ve zengin d\u00fcnyalar yaratabiliyorlar (&#8230;)   Anlam dedi\u011fimiz \u015feyin do\u011fas\u0131n\u0131 a\u00e7\u0131klamaya, ona ili\u015fkin bir varl\u0131kbilim geli\u015ftirmeye \u00e7al\u0131\u015faca\u011f\u0131m. Anlam\u0131n varl\u0131ksal bir boyutu bulunmas\u0131 onun do\u011fas\u0131n\u0131n soyut ve zihinsel olmas\u0131n\u0131 mant\u0131ksal a\u00e7\u0131dan i\u00e7ermedi\u011fine g\u00f6re, fiziksel herhangi bir \u015feyin bir anlam ta\u015f\u0131d\u0131\u011f\u0131 \u00f6ne s\u00fcr\u00fcld\u00fc\u011f\u00fcnde bu nas\u0131l kavranmal\u0131d\u0131r? Anlaml\u0131 oldu\u011fu s\u00f6ylenen bir \u015feyi, b\u00f6yle olmayan bir ba\u015fkas\u0131ndan ayr\u0131 k\u0131lan olgu nedir?\u201d <\/p>\n","protected":false},"excerpt":{"rendered":"<p>Bu kitap anlaml\u0131l\u0131k olgusunu a\u00e7\u0131klayan bir varl\u0131kbilim sunuyor. Anlaml\u0131l\u0131\u011f\u0131n evrimsel bir geli\u015fim oldu\u011funu, insan dillerindeki anlaml\u0131 t\u00fcmcelerin, do\u011fadaki yal\u0131n belirtilerden ba\u015flayarak, a\u015famalarla karma\u015f\u0131kla\u015f\u0131p i\u00e7erik zenginli\u011fi kazanan<span class=\"excerpt-hellip\"> [\u2026]<\/span><\/p>\n","protected":false},"featured_media":0,"template":"","meta":{"_monsterinsights_skip_tracking":false,"_monsterinsights_sitenote_active":false,"_monsterinsights_sitenote_note":"","_monsterinsights_sitenote_category":0},"product_brand":[],"product_cat":[20351,12388],"product_tag":[],"class_list":{"0":"post-730264","1":"product","2":"type-product","3":"status-publish","5":"product_cat-dusunce","6":"product_cat-felsefe","7":"pa_cilt-ciltsiz","8":"pa_tur-kitap","9":"pa_yayinevi-dogu-bati-yayinlari","10":"pa_yazar-arda-denkel","12":"first","13":"instock","14":"sale","15":"shipping-taxable","16":"purchasable","17":"product-type-simple"},"_links":{"self":[{"href":"https:\/\/roveyayinevi.com.tr\/index.php\/wp-json\/wp\/v2\/product\/730264","targetHints":{"allow":["GET"]}}],"collection":[{"href":"https:\/\/roveyayinevi.com.tr\/index.php\/wp-json\/wp\/v2\/product"}],"about":[{"href":"https:\/\/roveyayinevi.com.tr\/index.php\/wp-json\/wp\/v2\/types\/product"}],"wp:attachment":[{"href":"https:\/\/roveyayinevi.com.tr\/index.php\/wp-json\/wp\/v2\/media?parent=730264"}],"wp:term":[{"taxonomy":"product_brand","embeddable":true,"href":"https:\/\/roveyayinevi.com.tr\/index.php\/wp-json\/wp\/v2\/product_brand?post=730264"},{"taxonomy":"product_cat","embeddable":true,"href":"https:\/\/roveyayinevi.com.tr\/index.php\/wp-json\/wp\/v2\/product_cat?post=730264"},{"taxonomy":"product_tag","embeddable":true,"href":"https:\/\/roveyayinevi.com.tr\/index.php\/wp-json\/wp\/v2\/product_tag?post=730264"}],"curies":[{"name":"wp","href":"https:\/\/api.w.org\/{rel}","templated":true}]}}