{"id":730262,"date":"2025-08-27T21:11:27","date_gmt":"2025-08-27T18:11:27","guid":{"rendered":"https:\/\/roveyayinevi.com.tr\/index.php\/urun\/kurmaca-ve-elestiri\/"},"modified":"2026-04-16T02:37:44","modified_gmt":"2026-04-15T23:37:44","slug":"kurmaca-ve-elestiri","status":"publish","type":"product","link":"https:\/\/roveyayinevi.com.tr\/index.php\/urun\/kurmaca-ve-elestiri\/","title":{"rendered":"Kurmaca ve Ele\u015ftiri"},"content":{"rendered":"<p>Ger\u00e7eklik her zaman kurmacayla \u00f6r\u00fcl\u00fc h\u00e2ldedir.Kurmaca ve Ele\u015ftiri, 20. y\u00fczy\u0131l\u0131n \u00f6nemli d\u00fc\u015f\u00fcn\u00fcr ve yazarlar\u0131ndan Ricardo Piglia&#8217;n\u0131n kendisiyle yap\u0131lm\u0131\u015f s\u00f6yle\u015filerden ve yaz\u0131lar\u0131ndan olu\u015fuyor. Edebiyattan sinemaya farkl\u0131 sanat dallar\u0131na uzanan eser, t\u0131pk\u0131 polisiye bir romandaki dedektif gibi okuru kurmacan\u0131n gizemlerini \u00e7\u00f6zmeye davet ediyor.Kitap boyunca kurmacan\u0131n iktidar ve edebiyat\u0131n ortak kulvar\u0131 olup olmad\u0131\u011f\u0131 sorusu \u00fczerine yo\u011funla\u015fan Arjantinli yazar, okuru kendi zihninin dehlizlerinde gezindirerek ger\u00e7eklik, kurmaca, okuma ve yazma eylemleri \u00fczerine d\u00fc\u015f\u00fcnd\u00fcr\u00fcyor.Toplum, iktidar, hayat ve edebiyat aras\u0131ndaki ba\u011flara \u00f6zellikle dikkat \u00e7eken Piglia, kurmacaya g\u00f6r\u00fcn\u00fcr bi\u00e7imde veya g\u00f6r\u00fcnmeden d\u00e2hil olmu\u015f t\u00fcm unsurlar\u0131n izlerini takip ettiriyor.Yaz\u0131n, hayat\u0131n \u00fczerini \u00e7izenlerin varl\u0131\u011f\u0131n\u0131 m\u00fcmk\u00fcn k\u0131lan yerdir; kimbilir, belki de bu y\u00fczden edebiyat yap\u0131l\u0131yordur.Yazarl\u0131\u011f\u0131n, herkesin g\u00f6rd\u00fc\u011f\u00fc \u015feyi ba\u015fka bi\u00e7imde g\u00f6rme mesle\u011fi, ger\u00e7ekli\u011fin ise her \u015feyden \u00f6nce bir g\u00f6rme bi\u00e7imi oldu\u011funu savunan Kurmaca ve Ele\u015ftiri; ger\u00e7ekle kurgunun kesi\u015fti\u011fi bulan\u0131k alana odaklan\u0131yor ve her \u015feyin yaz\u0131labilece\u011fi, ya\u015fanan t\u00fcm ger\u00e7ekliklerin romana d\u00f6n\u00fc\u015ft\u00fcr\u00fclebilece\u011fi bir yaz\u0131n anlay\u0131\u015f\u0131ndan bahsediyor.Etkili bir yazar olabilmenin ko\u015fullar\u0131ndan yazar\u0131n okurlar\u0131yla kurdu\u011fu ileti\u015fime ve hatta yay\u0131mlanan kitaplar\u0131n yay\u0131n sekt\u00f6r\u00fc i\u00e7indeki konumland\u0131rmas\u0131na kadar yazma sanat\u0131 ve gelene\u011fi \u00fczerine de\u011ferli tespitler ve \u00f6nermelerde bulunan Ricardo Piglia, kitapta Faulkner, Hemingway, Fitzgerald, Poe, Borges, Cort\u00e0zar gibi d\u00fcnya edebiyat\u0131n\u0131n kilometre ta\u015f\u0131 isimlerine ve yap\u0131tlar\u0131na da dokunuyor.Kurmacan\u0131n, anlat\u0131lanlar kadar anlat\u0131lmayanlar\u0131 da temsil etti\u011finin alt\u0131n\u0131 \u00e7izen Kurmaca ve Ele\u015ftiri, ideal okur profilinin bizzat eserin \u00fcretti\u011fi okur oldu\u011funu vurguluyor ve g\u00f6rme bi\u00e7imlerimizi yeni ba\u015ftan \u015fekillendiriyor.Ger\u00e7ekle kurmacan\u0131n kesi\u015fti\u011fi bulan\u0131k alanda \u00e7al\u0131\u015fmak ilgimi \u00e7ekiyor. \u00c7\u00fcnk\u00fc her \u015feyden \u00f6nce kurmacan\u0131n, \u00f6rne\u011fin bir bilim gibi s\u0131n\u0131rlar\u0131 belirlenmi\u015f kendine \u00f6zg\u00fc bir alan\u0131 yok. Her \u015fey kurmacaya d\u00f6n\u00fc\u015ft\u00fcr\u00fclebilir. Kurmaca inan\u00e7 \u00fczerine \u00e7al\u0131\u015f\u0131r ve bu anlamda ideolojiyi, ger\u00e7ekli\u011fin bilinen t\u00fcm modellerini ve elbette bir metni ger\u00e7ek ya da kurmaca h\u00e2line getiren temel unsurlar\u0131 i\u00e7inde bar\u0131nd\u0131r\u0131r. Ger\u00e7eklik her zaman kurmacayla \u00f6r\u00fcl\u00fc h\u00e2ldedir.\u201cPiglia, Gabriel Garc\u00eda M\u00e1rquez&#8217;in \u0131\u015f\u0131lt\u0131l\u0131 zamanlar\u0131ndan bu yana Latin Amerika&#8217;dan \u00e7\u0131kan en iyi yazar olabilir.\u201dKirkus Reviews<\/p>\n","protected":false},"excerpt":{"rendered":"<p>Ger\u00e7eklik her zaman kurmacayla \u00f6r\u00fcl\u00fc h\u00e2ldedir.Kurmaca ve Ele\u015ftiri, 20. y\u00fczy\u0131l\u0131n \u00f6nemli d\u00fc\u015f\u00fcn\u00fcr ve yazarlar\u0131ndan Ricardo Piglia&#8217;n\u0131n kendisiyle yap\u0131lm\u0131\u015f s\u00f6yle\u015filerden ve yaz\u0131lar\u0131ndan olu\u015fuyor. Edebiyattan sinemaya farkl\u0131 sanat<span class=\"excerpt-hellip\"> [\u2026]<\/span><\/p>\n","protected":false},"featured_media":0,"template":"","meta":{"_monsterinsights_skip_tracking":false,"_monsterinsights_sitenote_active":false,"_monsterinsights_sitenote_note":"","_monsterinsights_sitenote_category":0},"product_brand":[],"product_cat":[13072,12291],"product_tag":[],"class_list":{"0":"post-730262","1":"product","2":"type-product","3":"status-publish","5":"product_cat-arastirma-inceleme-referans","6":"product_cat-edebiyat","7":"pa_cilt-ciltsiz","8":"pa_tur-kitap","9":"pa_yayinevi-delidolu","10":"pa_yazar-ricardo-piglia","12":"first","13":"instock","14":"sale","15":"shipping-taxable","16":"purchasable","17":"product-type-simple"},"_links":{"self":[{"href":"https:\/\/roveyayinevi.com.tr\/index.php\/wp-json\/wp\/v2\/product\/730262","targetHints":{"allow":["GET"]}}],"collection":[{"href":"https:\/\/roveyayinevi.com.tr\/index.php\/wp-json\/wp\/v2\/product"}],"about":[{"href":"https:\/\/roveyayinevi.com.tr\/index.php\/wp-json\/wp\/v2\/types\/product"}],"wp:attachment":[{"href":"https:\/\/roveyayinevi.com.tr\/index.php\/wp-json\/wp\/v2\/media?parent=730262"}],"wp:term":[{"taxonomy":"product_brand","embeddable":true,"href":"https:\/\/roveyayinevi.com.tr\/index.php\/wp-json\/wp\/v2\/product_brand?post=730262"},{"taxonomy":"product_cat","embeddable":true,"href":"https:\/\/roveyayinevi.com.tr\/index.php\/wp-json\/wp\/v2\/product_cat?post=730262"},{"taxonomy":"product_tag","embeddable":true,"href":"https:\/\/roveyayinevi.com.tr\/index.php\/wp-json\/wp\/v2\/product_tag?post=730262"}],"curies":[{"name":"wp","href":"https:\/\/api.w.org\/{rel}","templated":true}]}}