{"id":730251,"date":"2025-08-27T21:11:18","date_gmt":"2025-08-27T18:11:18","guid":{"rendered":"https:\/\/roveyayinevi.com.tr\/index.php\/urun\/eve-donelim-kucuk-ayi-ciltli\/"},"modified":"2026-04-16T02:37:43","modified_gmt":"2026-04-15T23:37:43","slug":"eve-donelim-kucuk-ayi-ciltli","status":"publish","type":"product","link":"https:\/\/roveyayinevi.com.tr\/index.php\/urun\/eve-donelim-kucuk-ayi-ciltli\/","title":{"rendered":"Eve D\u00f6nelim, K\u00fc\u00e7\u00fck Ay\u0131 (Ciltli)"},"content":{"rendered":"<p>B\u00fcy\u00fck Ay\u0131 ile K\u00fc\u00e7\u00fck Ay\u0131 karla kapl\u0131 ormanda yapt\u0131klar\u0131 y\u00fcr\u00fcy\u00fc\u015f\u00fcn ard\u0131ndan evlerine d\u00f6n\u00fcyor. Karlarda ko\u015fup yuvarlanan K\u00fc\u00e7\u00fck Ay\u0131\u2019n\u0131n keyfine diyecek yok. Derken, o da nesi? K\u00fc\u00e7\u00fck Ay\u0131 bir ses duyuyor: pat pat pat. Bu bir Pat\u0131rt\u0131c\u0131 olabilir mi acaba? Hay\u0131r, bu sadece a\u011f\u0131r a\u011f\u0131r y\u00fcr\u00fcyen B\u00fcy\u00fck Ay\u0131\u2019n\u0131n ayak sesi. Derken \u015f\u0131p \u015f\u0131p \u015f\u0131p! Bu da bir \u015e\u0131p\u0131rt\u0131c\u0131 m\u0131 yoksa? Orman K\u00fc\u00e7\u00fck Ay\u0131\u2019y\u0131 tedirgin eden seslerle dolu. Neyse ki B\u00fcy\u00fck Ay\u0131 yan\u0131nda. B\u00fcy\u00fck Ay\u0131 duydu\u011fu b\u00fct\u00fcn sesleri K\u00fc\u00e7\u00fck Ay\u0131\u2019ya sab\u0131rla tek tek a\u00e7\u0131klay\u0131p onu rahatlat\u0131yor. B\u00f6ylece eve d\u00f6n\u00fc\u015f yolculu\u011fu keyifli bir maceraya d\u00f6n\u00fc\u015f\u00fcyor.  Hans Christian Andersen \u00f6d\u00fcll\u00fc Martin Waddell\u2019in yazd\u0131\u011f\u0131,  Kate Greenaway \u00f6d\u00fcll\u00fc Barbara Firth\u2019\u00fcn resimledi\u011fi K\u00fc\u00e7\u00fck Ay\u0131 serisi i\u00e7imizi \u0131s\u0131tan, sevgi dolu \u00f6yk\u00fcleri ve s\u0131ms\u0131cak resimleriyle hi\u00e7 eskimeyen bir uyku \u00f6ncesi klasi\u011fi. <\/p>\n","protected":false},"excerpt":{"rendered":"<p>B\u00fcy\u00fck Ay\u0131 ile K\u00fc\u00e7\u00fck Ay\u0131 karla kapl\u0131 ormanda yapt\u0131klar\u0131 y\u00fcr\u00fcy\u00fc\u015f\u00fcn ard\u0131ndan evlerine d\u00f6n\u00fcyor. Karlarda ko\u015fup yuvarlanan K\u00fc\u00e7\u00fck Ay\u0131\u2019n\u0131n keyfine diyecek yok. Derken, o da nesi? K\u00fc\u00e7\u00fck<span class=\"excerpt-hellip\"> [\u2026]<\/span><\/p>\n","protected":false},"featured_media":0,"template":"","meta":{"_monsterinsights_skip_tracking":false,"_monsterinsights_sitenote_active":false,"_monsterinsights_sitenote_note":"","_monsterinsights_sitenote_category":0},"product_brand":[],"product_cat":[12274,12284],"product_tag":[],"class_list":{"0":"post-730251","1":"product","2":"type-product","3":"status-publish","5":"product_cat-cocuk-ve-genclik-kitaplari","6":"product_cat-hikayeler","7":"pa_cilt-ciltli","8":"pa_tur-kitap","9":"pa_yayinevi-beyaz-balina-yayinlari","10":"pa_yazar-martin-waddell","12":"first","13":"instock","14":"sale","15":"shipping-taxable","16":"purchasable","17":"product-type-simple"},"_links":{"self":[{"href":"https:\/\/roveyayinevi.com.tr\/index.php\/wp-json\/wp\/v2\/product\/730251","targetHints":{"allow":["GET"]}}],"collection":[{"href":"https:\/\/roveyayinevi.com.tr\/index.php\/wp-json\/wp\/v2\/product"}],"about":[{"href":"https:\/\/roveyayinevi.com.tr\/index.php\/wp-json\/wp\/v2\/types\/product"}],"wp:attachment":[{"href":"https:\/\/roveyayinevi.com.tr\/index.php\/wp-json\/wp\/v2\/media?parent=730251"}],"wp:term":[{"taxonomy":"product_brand","embeddable":true,"href":"https:\/\/roveyayinevi.com.tr\/index.php\/wp-json\/wp\/v2\/product_brand?post=730251"},{"taxonomy":"product_cat","embeddable":true,"href":"https:\/\/roveyayinevi.com.tr\/index.php\/wp-json\/wp\/v2\/product_cat?post=730251"},{"taxonomy":"product_tag","embeddable":true,"href":"https:\/\/roveyayinevi.com.tr\/index.php\/wp-json\/wp\/v2\/product_tag?post=730251"}],"curies":[{"name":"wp","href":"https:\/\/api.w.org\/{rel}","templated":true}]}}