{"id":730250,"date":"2025-08-27T21:11:17","date_gmt":"2025-08-27T18:11:17","guid":{"rendered":"https:\/\/roveyayinevi.com.tr\/index.php\/urun\/aferin-kucuk-ayi-ciltli\/"},"modified":"2026-04-16T02:37:43","modified_gmt":"2026-04-15T23:37:43","slug":"aferin-kucuk-ayi-ciltli","status":"publish","type":"product","link":"https:\/\/roveyayinevi.com.tr\/index.php\/urun\/aferin-kucuk-ayi-ciltli\/","title":{"rendered":"Aferin, K\u00fc\u00e7\u00fck Ay\u0131 (Ciltli)"},"content":{"rendered":"<p>K\u00fc\u00e7\u00fck Ay\u0131, B\u00fcy\u00fck Ay\u0131 ile birlikte orman\u0131 ke\u015ffe \u00e7\u0131k\u0131yor ve bu k\u00fc\u00e7\u00fck ke\u015fif gezisi \u00e7ok ge\u00e7meden K\u00fc\u00e7\u00fck Ay\u0131 i\u00e7in b\u00fcy\u00fck bir maceraya d\u00f6n\u00fc\u015f\u00fcyor. Ay\u0131 Kayas\u0131\u2019na t\u0131rmanan, ihtiyar a\u011fac\u0131n dallar\u0131nda z\u0131playan K\u00fc\u00e7\u00fck Ay\u0131 kendi ba\u015f\u0131na bir \u015feyler ba\u015farman\u0131n verdi\u011fi mutluluk ve B\u00fcy\u00fck Ay\u0131\u2019n\u0131n hep yan\u0131nda oldu\u011funu bilmenin verdi\u011fi g\u00fcvenle doyas\u0131ya e\u011fleniyor.   Hans Christian Andersen \u00f6d\u00fcll\u00fc Martin Waddell\u2019in yazd\u0131\u011f\u0131,  Kate Greenaway \u00f6d\u00fcll\u00fc Barbara Firth\u2019\u00fcn resimledi\u011fi K\u00fc\u00e7\u00fck Ay\u0131 serisi i\u00e7imizi \u0131s\u0131tan, sevgi dolu \u00f6yk\u00fcleri ve s\u0131ms\u0131cak resimleriyle hi\u00e7 eskimeyen bir uyku \u00f6ncesi klasi\u011fi. <\/p>\n","protected":false},"excerpt":{"rendered":"<p>K\u00fc\u00e7\u00fck Ay\u0131, B\u00fcy\u00fck Ay\u0131 ile birlikte orman\u0131 ke\u015ffe \u00e7\u0131k\u0131yor ve bu k\u00fc\u00e7\u00fck ke\u015fif gezisi \u00e7ok ge\u00e7meden K\u00fc\u00e7\u00fck Ay\u0131 i\u00e7in b\u00fcy\u00fck bir maceraya d\u00f6n\u00fc\u015f\u00fcyor. Ay\u0131 Kayas\u0131\u2019na t\u0131rmanan,<span class=\"excerpt-hellip\"> [\u2026]<\/span><\/p>\n","protected":false},"featured_media":0,"template":"","meta":{"_monsterinsights_skip_tracking":false,"_monsterinsights_sitenote_active":false,"_monsterinsights_sitenote_note":"","_monsterinsights_sitenote_category":0},"product_brand":[],"product_cat":[12274,12284],"product_tag":[],"class_list":{"0":"post-730250","1":"product","2":"type-product","3":"status-publish","5":"product_cat-cocuk-ve-genclik-kitaplari","6":"product_cat-hikayeler","7":"pa_cilt-ciltli","8":"pa_tur-kitap","9":"pa_yayinevi-beyaz-balina-yayinlari","10":"pa_yazar-martin-waddell","12":"first","13":"instock","14":"sale","15":"shipping-taxable","16":"purchasable","17":"product-type-simple"},"_links":{"self":[{"href":"https:\/\/roveyayinevi.com.tr\/index.php\/wp-json\/wp\/v2\/product\/730250","targetHints":{"allow":["GET"]}}],"collection":[{"href":"https:\/\/roveyayinevi.com.tr\/index.php\/wp-json\/wp\/v2\/product"}],"about":[{"href":"https:\/\/roveyayinevi.com.tr\/index.php\/wp-json\/wp\/v2\/types\/product"}],"wp:attachment":[{"href":"https:\/\/roveyayinevi.com.tr\/index.php\/wp-json\/wp\/v2\/media?parent=730250"}],"wp:term":[{"taxonomy":"product_brand","embeddable":true,"href":"https:\/\/roveyayinevi.com.tr\/index.php\/wp-json\/wp\/v2\/product_brand?post=730250"},{"taxonomy":"product_cat","embeddable":true,"href":"https:\/\/roveyayinevi.com.tr\/index.php\/wp-json\/wp\/v2\/product_cat?post=730250"},{"taxonomy":"product_tag","embeddable":true,"href":"https:\/\/roveyayinevi.com.tr\/index.php\/wp-json\/wp\/v2\/product_tag?post=730250"}],"curies":[{"name":"wp","href":"https:\/\/api.w.org\/{rel}","templated":true}]}}