{"id":730249,"date":"2025-08-27T21:11:16","date_gmt":"2025-08-27T18:11:16","guid":{"rendered":"https:\/\/roveyayinevi.com.tr\/index.php\/urun\/the-clumsy-day\/"},"modified":"2026-04-16T02:37:43","modified_gmt":"2026-04-15T23:37:43","slug":"the-clumsy-day","status":"publish","type":"product","link":"https:\/\/roveyayinevi.com.tr\/index.php\/urun\/the-clumsy-day\/","title":{"rendered":"The Clumsy Day"},"content":{"rendered":"<p>Redhouse, \u0130ngilizce \u00fcr\u00fcn yelpazesine yepyeni bir seri daha ekliyor!Redhouse Early Readers Set, Susie ve Fred\u2019in e\u011flenceli maceralar\u0131n\u0131 \u0130ngilizceyi \u00f6\u011frenmeye yeni ba\u015flayan \u00e7ocuklarla bulu\u015fturuyor.Muhte\u015fem bir pazar sabah\u0131, Fred ve Susie, babalar\u0131yla e\u011flenceli bir g\u00fcn ge\u00e7irmek i\u00e7in park\u0131n yolunu tutarlar. Fakat g\u00fcn, umduklar\u0131 gibi ge\u00e7mez. Ya\u015fanan talihsizliklerden sonra Fred ve Susie, babalar\u0131n\u0131n pazar g\u00fcnleri i\u00e7in sundu\u011fu yeni fikre daha s\u0131cak bakar.The Clumsy Day, Oyun Park\u0131nda (At the Playground) ve V\u00fccut K\u0131s\u0131mlar\u0131 (Body Parts) ba\u015fl\u0131kl\u0131 \u00fcnite konular\u0131n\u0131 ele al\u0131yor. Ba\u015flang\u0131\u00e7 seviyesinde haz\u0131rlanan bu seride, her hik\u00e2yenin sonunda okudu\u011funu anlama al\u0131\u015ft\u0131rmalar\u0131 ve resimli s\u00f6zl\u00fck bulunmaktad\u0131r.\u0130ngilizce Seviyesi: Early Beginner \/ Pre-A1<\/p>\n","protected":false},"excerpt":{"rendered":"<p>Redhouse, \u0130ngilizce \u00fcr\u00fcn yelpazesine yepyeni bir seri daha ekliyor!Redhouse Early Readers Set, Susie ve Fred\u2019in e\u011flenceli maceralar\u0131n\u0131 \u0130ngilizceyi \u00f6\u011frenmeye yeni ba\u015flayan \u00e7ocuklarla bulu\u015fturuyor.Muhte\u015fem bir pazar sabah\u0131,<span class=\"excerpt-hellip\"> [\u2026]<\/span><\/p>\n","protected":false},"featured_media":0,"template":"","meta":{"_monsterinsights_skip_tracking":false,"_monsterinsights_sitenote_active":false,"_monsterinsights_sitenote_note":"","_monsterinsights_sitenote_category":0},"product_brand":[],"product_cat":[12913,12274],"product_tag":[],"class_list":{"0":"post-730249","1":"product","2":"type-product","3":"status-publish","5":"product_cat-3-6-yas-kitaplari","6":"product_cat-cocuk-ve-genclik-kitaplari","7":"pa_cilt-ciltsiz","8":"pa_tur-kitap","9":"pa_yayinevi-redhouse-yayinlari","10":"pa_yazar-sarah-sweeney","12":"first","13":"instock","14":"sale","15":"shipping-taxable","16":"purchasable","17":"product-type-simple"},"_links":{"self":[{"href":"https:\/\/roveyayinevi.com.tr\/index.php\/wp-json\/wp\/v2\/product\/730249","targetHints":{"allow":["GET"]}}],"collection":[{"href":"https:\/\/roveyayinevi.com.tr\/index.php\/wp-json\/wp\/v2\/product"}],"about":[{"href":"https:\/\/roveyayinevi.com.tr\/index.php\/wp-json\/wp\/v2\/types\/product"}],"wp:attachment":[{"href":"https:\/\/roveyayinevi.com.tr\/index.php\/wp-json\/wp\/v2\/media?parent=730249"}],"wp:term":[{"taxonomy":"product_brand","embeddable":true,"href":"https:\/\/roveyayinevi.com.tr\/index.php\/wp-json\/wp\/v2\/product_brand?post=730249"},{"taxonomy":"product_cat","embeddable":true,"href":"https:\/\/roveyayinevi.com.tr\/index.php\/wp-json\/wp\/v2\/product_cat?post=730249"},{"taxonomy":"product_tag","embeddable":true,"href":"https:\/\/roveyayinevi.com.tr\/index.php\/wp-json\/wp\/v2\/product_tag?post=730249"}],"curies":[{"name":"wp","href":"https:\/\/api.w.org\/{rel}","templated":true}]}}